{"id":870,"date":"2020-06-26T04:59:11","date_gmt":"2020-06-26T02:59:11","guid":{"rendered":"https:\/\/www.joseperez.fr\/?page_id=870"},"modified":"2026-02-21T20:27:19","modified_gmt":"2026-02-21T19:27:19","slug":"formation-sem","status":"publish","type":"page","link":"https:\/\/www.joseperez.fr\/en\/formation-sem\/","title":{"rendered":"Google Ads training: master Google Ads and boost your return on investment"},"content":{"rendered":"<div class=\"grid w-full min-w-0 grid-cols-[minmax(0,1fr)]\" dir=\"ltr\" data-orientation=\"horizontal\">\n<div class=\"col-start-1 row-start-2\">\n<div id=\"radix-:r4k7:-content-thread\" class=\"focus:outline-none\" role=\"tabpanel\" data-state=\"active\" data-orientation=\"horizontal\" aria-labelledby=\"radix-:r4k7:-trigger-thread\">\n<div class=\"gap-y-md flex flex-col\">\n<div class=\"relative font-sans text-base text-foreground selection:bg-super\/50 selection:text-foreground dark:selection:bg-super\/10 dark:selection:text-super bg-transparent\">\n<div class=\"min-w-0 break-words [word-break:break-word]\">\n<div id=\"markdown-content-123\" class=\"gap-y-md after:clear-both after:block after:content-['']\" dir=\"auto\">\n<div class=\"has-inline-images my-2 first:mt-0 [&#038;:has([data-inline-type=image])+&#038;:has([data-inline-type=image])_[data-inline-type=image]]:hidden [&#038;:has(table)_[data-inline-type=image]]:hidden\">\n<div class=\"relative\">\n<div class=\"prose dark:prose-invert inline leading-relaxed break-words min-w-0 [word-break:break-word] prose-strong:font-medium visRefresh2026Fonts:prose-strong:font-bold [&#038;_&gt;*:first-child]:mt-0 [&#038;_&gt;*:last-child]:mb-0\">\n<p class=\"my-2 [&#038;+p]:mt-4 [&#038;_strong:has(+br)]:inline-block [&#038;_strong:has(+br)]:pb-2\">Une bonne strat\u00e9gie SEM devient redoutable lorsqu\u2019elle s\u2019appuie sur un\u00a0<strong>r\u00e9f\u00e9rencement<\/strong>\u00a0naturel solide et des campagnes bien pilot\u00e9es. En suivant une formation anim\u00e9e par un consultant SEO (et SEA) exp\u00e9riment\u00e9, avec l\u2019exigence d\u2019une agence SEO mais l\u2019approche sur\u2011mesure d\u2019un freelance, vous apprenez \u00e0 investir chaque euro de fa\u00e7on rentable.<\/p>\n<\/div>\n<\/div>\n<\/div>\n<\/div>\n<\/div>\n<\/div>\n<div class=\"flex items-center justify-between\">\n<div class=\"-ml-sm gap-xs flex flex-shrink-0 items-center\">\n<div class=\"rounded-full\"><\/div>\n<\/div>\n<\/div>\n<\/div>\n<\/div>\n<\/div>\n<\/div>\n<h2><span class=\"ez-toc-section\" id=\"Formation_Google_Ads_Comment_Apprendre_a_Gerer_Vos_Campagnes_Publicitaires_et_Maximiser_Vos_Resultats\"><\/span><strong>Formation Google Ads : Comment Apprendre \u00e0 G\u00e9rer Vos Campagnes Publicitaires et Maximiser Vos R\u00e9sultats ?<\/strong><span class=\"ez-toc-section-end\"><\/span><\/h2>\n<p>Vous \u00eates une entreprise ou un entrepreneur cherchant \u00e0 <strong>am\u00e9liorer vos campagnes publicitaires<\/strong> en ligne ? Vous \u00eates au bon endroit. Google Ads est un outil puissant, mais, sans une ma\u00eetrise suffisante, il peut devenir un gouffre financier. Heureusement, une <strong>formation adapt\u00e9e<\/strong> peut vous permettre de g\u00e9rer vos campagnes avec efficacit\u00e9, en r\u00e9duisant les co\u00fbts inutiles et en maximisant vos retours sur investissement.<\/p>\n<p>Dans cet article, je vais vous expliquer pourquoi une formation Google Ads est essentielle, pour qui elle est con\u00e7ue, et comment elle peut transformer vos efforts publicitaires en v\u00e9ritable moteur de croissance.<\/p><div id=\"ez-toc-container\" class=\"ez-toc-v2_0_82_2 counter-hierarchy ez-toc-counter ez-toc-grey ez-toc-container-direction\">\n<div class=\"ez-toc-title-container\">\n<p class=\"ez-toc-title\" style=\"cursor:inherit\">Sommaire<\/p>\n<span class=\"ez-toc-title-toggle\"><a href=\"#\" class=\"ez-toc-pull-right ez-toc-btn ez-toc-btn-xs ez-toc-btn-default ez-toc-toggle\" aria-label=\"Toggle Table of Content\"><span class=\"ez-toc-js-icon-con\"><span class=\"\"><span class=\"eztoc-hide\" style=\"display:none;\">Toggle<\/span><span class=\"ez-toc-icon-toggle-span\"><svg style=\"fill: #999;color:#999\" xmlns=\"http:\/\/www.w3.org\/2000\/svg\" class=\"list-377408\" width=\"20px\" height=\"20px\" viewBox=\"0 0 24 24\" fill=\"none\"><path d=\"M6 6H4v2h2V6zm14 0H8v2h12V6zM4 11h2v2H4v-2zm16 0H8v2h12v-2zM4 16h2v2H4v-2zm16 0H8v2h12v-2z\" fill=\"currentColor\"><\/path><\/svg><svg style=\"fill: #999;color:#999\" class=\"arrow-unsorted-368013\" xmlns=\"http:\/\/www.w3.org\/2000\/svg\" width=\"10px\" height=\"10px\" viewBox=\"0 0 24 24\" version=\"1.2\" baseProfile=\"tiny\"><path d=\"M18.2 9.3l-6.2-6.3-6.2 6.3c-.2.2-.3.4-.3.7s.1.5.3.7c.2.2.4.3.7.3h11c.3 0 .5-.1.7-.3.2-.2.3-.5.3-.7s-.1-.5-.3-.7zM5.8 14.7l6.2 6.3 6.2-6.3c.2-.2.3-.5.3-.7s-.1-.5-.3-.7c-.2-.2-.4-.3-.7-.3h-11c-.3 0-.5.1-.7.3-.2.2-.3.5-.3.7s.1.5.3.7z\"\/><\/svg><\/span><\/span><\/span><\/a><\/span><\/div>\n<nav><ul class='ez-toc-list ez-toc-list-level-1 eztoc-toggle-hide-by-default' ><li class='ez-toc-page-1 ez-toc-heading-level-2'><a class=\"ez-toc-link ez-toc-heading-1\" href=\"https:\/\/www.joseperez.fr\/en\/formation-sem\/#Formation_Google_Ads_Comment_Apprendre_a_Gerer_Vos_Campagnes_Publicitaires_et_Maximiser_Vos_Resultats\" >Formation Google Ads : Comment Apprendre \u00e0 G\u00e9rer Vos Campagnes Publicitaires et Maximiser Vos R\u00e9sultats ?<\/a><\/li><li class='ez-toc-page-1 ez-toc-heading-level-2'><a class=\"ez-toc-link ez-toc-heading-2\" href=\"https:\/\/www.joseperez.fr\/en\/formation-sem\/#Pourquoi_une_formation_Google_Ads_est-elle_essentielle\" >Pourquoi une formation Google Ads est-elle essentielle ?<\/a><\/li><li class='ez-toc-page-1 ez-toc-heading-level-2'><a class=\"ez-toc-link ez-toc-heading-3\" href=\"https:\/\/www.joseperez.fr\/en\/formation-sem\/#Pour_qui_est_faite_une_formation_Google_Ads\" >Pour qui est faite une formation Google Ads ?<\/a><\/li><li class='ez-toc-page-1 ez-toc-heading-level-2'><a class=\"ez-toc-link ez-toc-heading-4\" href=\"https:\/\/www.joseperez.fr\/en\/formation-sem\/#Quels_sont_les_types_de_formations_Google_Ads_disponibles\" >Quels sont les types de formations Google Ads disponibles ?<\/a><ul class='ez-toc-list-level-4' ><li class='ez-toc-heading-level-4'><ul class='ez-toc-list-level-4' ><li class='ez-toc-heading-level-4'><a class=\"ez-toc-link ez-toc-heading-5\" href=\"https:\/\/www.joseperez.fr\/en\/formation-sem\/#1_Formation_en_ligne\" >1. Formation en ligne<\/a><\/li><li class='ez-toc-page-1 ez-toc-heading-level-4'><a class=\"ez-toc-link ez-toc-heading-6\" href=\"https:\/\/www.joseperez.fr\/en\/formation-sem\/#2_Formation_en_presentiel_ou_webinaire\" >2. Formation en pr\u00e9sentiel ou webinaire<\/a><\/li><li class='ez-toc-page-1 ez-toc-heading-level-4'><a class=\"ez-toc-link ez-toc-heading-7\" href=\"https:\/\/www.joseperez.fr\/en\/formation-sem\/#3_Formation_personnalisee_avec_un_consultant\" >3. Formation personnalis\u00e9e avec un consultant<\/a><\/li><\/ul><\/li><\/ul><\/li><li class='ez-toc-page-1 ez-toc-heading-level-2'><a class=\"ez-toc-link ez-toc-heading-8\" href=\"https:\/\/www.joseperez.fr\/en\/formation-sem\/#Comment_choisir_la_meilleure_formation_Google_Ads\" >Comment choisir la meilleure formation Google Ads ?<\/a><\/li><li class='ez-toc-page-1 ez-toc-heading-level-2'><a class=\"ez-toc-link ez-toc-heading-9\" href=\"https:\/\/www.joseperez.fr\/en\/formation-sem\/#Quand_faire_appel_a_un_consultant_ou_une_agence_plutot_que_suivre_une_formation\" >Quand faire appel \u00e0 un consultant ou une agence plut\u00f4t que suivre une formation ?<\/a><\/li><li class='ez-toc-page-1 ez-toc-heading-level-2'><a class=\"ez-toc-link ez-toc-heading-10\" href=\"https:\/\/www.joseperez.fr\/en\/formation-sem\/#Quels_sont_les_sujets_abordes_dans_une_formation_Google_Ads\" >Quels sont les sujets abord\u00e9s dans une formation Google Ads ?<\/a><\/li><li class='ez-toc-page-1 ez-toc-heading-level-2'><a class=\"ez-toc-link ez-toc-heading-11\" href=\"https:\/\/www.joseperez.fr\/en\/formation-sem\/#Combien_coute_une_formation_Google_Ads\" >Combien co\u00fbte une formation Google Ads ?<\/a><\/li><li class='ez-toc-page-1 ez-toc-heading-level-2'><a class=\"ez-toc-link ez-toc-heading-12\" href=\"https:\/\/www.joseperez.fr\/en\/formation-sem\/#Pourquoi_me_choisir_pour_votre_formation_Google_Ads\" >Pourquoi me choisir pour votre formation Google Ads ?<\/a><ul class='ez-toc-list-level-3' ><li class='ez-toc-heading-level-3'><a class=\"ez-toc-link ez-toc-heading-13\" href=\"https:\/\/www.joseperez.fr\/en\/formation-sem\/#FAQ\" >FAQ<\/a><\/li><\/ul><\/li><\/ul><\/nav><\/div>\n\n<h2><span class=\"ez-toc-section\" id=\"Pourquoi_une_formation_Google_Ads_est-elle_essentielle\"><\/span><strong>Pourquoi une formation Google Ads est-elle essentielle ?<\/strong><span class=\"ez-toc-section-end\"><\/span><\/h2>\n<p>Google Ads est aujourd\u2019hui un pilier incontournable du marketing en ligne. Vous avez s\u00fbrement remarqu\u00e9 que, lorsque vous tapez une requ\u00eate dans Google, les premi\u00e8res r\u00e9ponses sont souvent des annonces. Ces entreprises paient pour \u00eatre visibles, et elles le font parce que cela fonctionne. Mais ce succ\u00e8s d\u00e9pend d\u2019une bonne gestion des campagnes.<\/p>\n<p>Une <strong>formation Google Ads<\/strong> vous permet de :<\/p>\n<ul>\n<li><strong>Comprendre les subtilit\u00e9s de l\u2019outil<\/strong> : Google Ads offre une multitude de fonctionnalit\u00e9s. Sans formation, vous pourriez facilement vous perdre ou mal les utiliser.<\/li>\n<li><strong>R\u00e9duire les d\u00e9penses inutiles<\/strong> : Avec des mots-cl\u00e9s mal choisis ou des param\u00e8tres mal configur\u00e9s, vous risquez de gaspiller votre budget. Une formation vous apprend \u00e0 l\u2019optimiser.<\/li>\n<li><strong>Attirer les bons clients<\/strong> : Gr\u00e2ce \u00e0 une meilleure gestion des annonces, vous ciblez pr\u00e9cis\u00e9ment les personnes qui cherchent vos produits ou services.<\/li>\n<\/ul>\n<p>Je dis souvent que Google Ads est comme une voiture de sport : puissante, mais qui n\u00e9cessite un apprentissage pour \u00eatre ma\u00eetris\u00e9e.<\/p>\n<h2><span class=\"ez-toc-section\" id=\"Pour_qui_est_faite_une_formation_Google_Ads\"><\/span><strong>Pour qui est faite une formation Google Ads ?<\/strong><span class=\"ez-toc-section-end\"><\/span><\/h2>\n<p>Il est important de se poser la question : est-ce que cette formation est faite pour moi ? Voici quelques situations o\u00f9 une formation pourrait vous \u00eatre utile :<\/p>\n<ol>\n<li><strong>Vous \u00eates une petite entreprise<\/strong> : Vous souhaitez g\u00e9rer vous-m\u00eame vos campagnes sans d\u00e9pendre d\u2019une agence ou d\u2019un consultant.<\/li>\n<li><strong>Vous \u00eates un <a href=\"https:\/\/www.joseperez.fr\/consultant-seo-salaire\/\" data-wpil-monitor-id=\"395\">professionnel du marketing<\/a><\/strong> : Si vous travaillez d\u00e9j\u00e0 dans ce domaine, ma\u00eetriser Google Ads peut \u00e9largir vos comp\u00e9tences et vous rendre plus comp\u00e9titif.<\/li>\n<li><strong>Vous \u00eates entrepreneur ou ind\u00e9pendant<\/strong> : Vous voulez promouvoir vos produits ou services tout en ma\u00eetrisant vos co\u00fbts.<\/li>\n<li><strong>Vous dirigez une \u00e9quipe marketing<\/strong> : Une formation collective permet de rendre votre \u00e9quipe autonome et plus efficace.<\/li>\n<\/ol>\n<p><strong>Mon avis<\/strong> : Peu importe votre secteur d\u2019activit\u00e9, si vous avez une pr\u00e9sence en ligne, apprendre \u00e0 utiliser Google Ads est un v\u00e9ritable atout.<\/p>\n<h2><span class=\"ez-toc-section\" id=\"Quels_sont_les_types_de_formations_Google_Ads_disponibles\"><\/span><strong>Quels sont les types de formations Google Ads disponibles ?<\/strong><span class=\"ez-toc-section-end\"><\/span><\/h2>\n<p>Une formation Google Ads peut prendre plusieurs formes. Chacune a ses avantages, et le choix d\u00e9pend de vos besoins et de votre budget.<\/p>\n<h4><span class=\"ez-toc-section\" id=\"1_Formation_en_ligne\"><\/span><strong>1. Formation en ligne<\/strong><span class=\"ez-toc-section-end\"><\/span><\/h4>\n<p>Les formations en ligne, souvent sous forme de vid\u00e9os, sont id\u00e9ales pour ceux qui aiment apprendre \u00e0 leur rythme. Vous pouvez les suivre quand vous voulez et revoir les modules autant de fois que n\u00e9cessaire.<br \/>\nCependant, elles n\u00e9cessitent de l\u2019autonomie. Si vous \u00eates d\u00e9butant, il peut \u00eatre difficile d\u2019appliquer ce que vous apprenez sans aide.<\/p>\n<h4><span class=\"ez-toc-section\" id=\"2_Formation_en_presentiel_ou_webinaire\"><\/span><strong>2. Formation en pr\u00e9sentiel ou webinaire<\/strong><span class=\"ez-toc-section-end\"><\/span><\/h4>\n<p>Ces formations, souvent propos\u00e9es par des agences ou des organismes de formation, permettent une interaction directe avec un formateur. Vous pouvez poser des questions, et les sessions sont souvent adapt\u00e9es \u00e0 des cas concrets.<br \/>\nElles sont id\u00e9ales pour les entreprises souhaitant former plusieurs membres d\u2019une \u00e9quipe.<\/p>\n<h4><span class=\"ez-toc-section\" id=\"3_Formation_personnalisee_avec_un_consultant\"><\/span><strong>3. Formation personnalis\u00e9e avec un consultant<\/strong><span class=\"ez-toc-section-end\"><\/span><\/h4>\n<p>C\u2019est, selon moi, l\u2019option la plus efficace. Le formateur analyse directement vos campagnes, vos objectifs, et vous accompagne dans la mise en place de strat\u00e9gies adapt\u00e9es \u00e0 votre secteur. Cela vous fait gagner du temps et vous \u00e9vite de faire des erreurs.<\/p>\n<h2><span class=\"ez-toc-section\" id=\"Comment_choisir_la_meilleure_formation_Google_Ads\"><\/span><strong>Comment choisir la meilleure formation Google Ads ?<\/strong><span class=\"ez-toc-section-end\"><\/span><\/h2>\n<p>Avec toutes ces options, vous pourriez vous demander comment choisir. Voici quelques crit\u00e8res importants \u00e0 prendre en compte :<\/p>\n<ol>\n<li><strong>L\u2019exp\u00e9rience du formateur<\/strong> : V\u00e9rifiez qu\u2019il est certifi\u00e9 Google Ads et qu\u2019il a une exp\u00e9rience pratique dans la gestion de campagnes.<\/li>\n<li><strong>Le contenu de la formation<\/strong> : Assurez-vous qu\u2019elle couvre des aspects <a href=\"https:\/\/www.joseperez.fr\/creer-liste-mots-cles\/\" data-wpil-monitor-id=\"393\">pratiques comme la recherche de mots-cl\u00e9s<\/a>, la cr\u00e9ation d\u2019annonces et l\u2019analyse des performances.<\/li>\n<li><strong>Le niveau adapt\u00e9<\/strong> : D\u00e9butant ou avanc\u00e9, choisissez une formation qui correspond \u00e0 vos comp\u00e9tences actuelles.<\/li>\n<li><strong>Les retours des participants<\/strong> : Lisez les avis ou t\u00e9moignages pour \u00e9valuer la satisfaction des anciens apprenants.<\/li>\n<\/ol>\n<p>Un conseil ? Privil\u00e9giez un formateur ou un consultant capable de simplifier les concepts complexes.<\/p>\n<h2><span class=\"ez-toc-section\" id=\"Quand_faire_appel_a_un_consultant_ou_une_agence_plutot_que_suivre_une_formation\"><\/span><strong>Quand faire appel \u00e0 un consultant ou une agence plut\u00f4t que suivre une formation ?<\/strong><span class=\"ez-toc-section-end\"><\/span><\/h2>\n<p>Si vous manquez de temps ou si vos besoins sont urgents, faire appel \u00e0 un consultant ou \u00e0 une agence peut \u00eatre la meilleure option. Un consultant peut :<\/p>\n<ul>\n<li>G\u00e9rer directement vos campagnes.<\/li>\n<li>Optimiser vos r\u00e9sultats en quelques semaines.<\/li>\n<li>Vous permettre de vous concentrer sur d\u2019autres aspects de votre entreprise.<\/li>\n<\/ul>\n<p>Cependant, si vous voulez \u00eatre <strong>autonome<\/strong> et comprendre ce qui se passe dans vos campagnes, une formation reste le choix id\u00e9al.<\/p>\n<h2><span class=\"ez-toc-section\" id=\"Quels_sont_les_sujets_abordes_dans_une_formation_Google_Ads\"><\/span><strong>Quels sont les sujets abord\u00e9s dans une formation Google Ads ?<\/strong><span class=\"ez-toc-section-end\"><\/span><\/h2>\n<p>Une bonne formation Google Ads aborde les points suivants :<\/p>\n<ol>\n<li><strong>Les bases de Google Ads<\/strong> : D\u00e9couvrir l\u2019interface et comprendre les diff\u00e9rents types de campagnes.<\/li>\n<li><strong>Recherche de mots-cl\u00e9s<\/strong> : Apprendre \u00e0 trouver les mots-cl\u00e9s qui attirent vos clients sans exploser votre budget.<\/li>\n<li><strong>Cr\u00e9ation d\u2019annonces performantes<\/strong> : \u00c9crire des titres accrocheurs et des descriptions claires.<\/li>\n<li><strong>Analyse des performances<\/strong> : Savoir lire les donn\u00e9es pour ajuster vos campagnes et am\u00e9liorer vos r\u00e9sultats.<\/li>\n<\/ol>\n<h2><span class=\"ez-toc-section\" id=\"Combien_coute_une_formation_Google_Ads\"><\/span><strong>Combien co\u00fbte une formation Google Ads ?<\/strong><span class=\"ez-toc-section-end\"><\/span><\/h2>\n<p>Le prix d\u2019une formation varie selon le format et le niveau d\u2019expertise :<\/p>\n<ul>\n<li>Les formations en ligne co\u00fbtent g\u00e9n\u00e9ralement entre <strong>50\u20ac et 500\u20ac<\/strong>.<\/li>\n<li>Les formations en pr\u00e9sentiel ou en webinaire se situent autour de <strong>500\u20ac \u00e0 2000\u20ac<\/strong>.<\/li>\n<li>Une formation personnalis\u00e9e avec un consultant peut co\u00fbter entre <strong>500\u20ac et 3000\u20ac<\/strong>, selon la dur\u00e9e et le contenu.<\/li>\n<\/ul>\n<p>Cela peut sembler co\u00fbteux, mais rappelez-vous : une campagne mal optimis\u00e9e peut vous faire perdre bien plus.<\/p>\n<h2><span class=\"ez-toc-section\" id=\"Pourquoi_me_choisir_pour_votre_formation_Google_Ads\"><\/span><strong>Pourquoi me choisir pour votre formation Google Ads ?<\/strong><span class=\"ez-toc-section-end\"><\/span><\/h2>\n<p>En tant que consultant SEA, je suis sp\u00e9cialis\u00e9 dans la cr\u00e9ation et la <a href=\"https:\/\/www.joseperez.fr\/google-adwords-annonces\/\" data-wpil-monitor-id=\"394\">gestion de campagnes performantes<\/a>. Je propose :<\/p>\n<ul>\n<li>Une <strong>formation personnalis\u00e9e<\/strong> adapt\u00e9e \u00e0 vos objectifs.<\/li>\n<li>Un accompagnement pratique sur vos campagnes existantes.<\/li>\n<li>Des explications simples et des r\u00e9sultats concrets.<\/li>\n<\/ul>\n<p>Mon objectif est de vous rendre <strong>autonome<\/strong>, tout en vous \u00e9vitant les erreurs courantes qui co\u00fbtent cher.<\/p>\n<h3><\/h3>\n<p>Que vous soyez entrepreneur, responsable marketing ou dirigeant, une <strong>formation Google Ads<\/strong> est un excellent investissement. Elle vous permettra de <strong>ma\u00eetriser vos campagnes<\/strong>, de <strong>r\u00e9duire vos co\u00fbts<\/strong>, et d\u2019obtenir un retour sur investissement optimal.<\/p>\n<p>Si vous h\u00e9sitez entre une formation ou l\u2019accompagnement d\u2019un expert, contactez-moi. Je vous guiderai vers la solution qui correspond le mieux \u00e0 vos besoins.<\/p>\n<h3><span class=\"ez-toc-section\" id=\"FAQ\"><\/span><strong>FAQ<\/strong><span class=\"ez-toc-section-end\"><\/span><\/h3>\n<ol>\n<li><strong>Pourquoi suivre une formation Google Ads ?<\/strong><br \/>\nPour apprendre \u00e0 g\u00e9rer vos campagnes efficacement et maximiser vos r\u00e9sultats publicitaires.<\/li>\n<li><strong>Combien co\u00fbte une formation Google Ads ?<\/strong><br \/>\nLes prix varient de 50\u20ac \u00e0 3000\u20ac, selon le format et la personnalisation.<\/li>\n<li><strong>Dois-je choisir une formation ou faire appel \u00e0 un consultant ?<\/strong><br \/>\nUne formation est id\u00e9ale si vous voulez \u00eatre autonome, mais un consultant est pr\u00e9f\u00e9rable pour des besoins rapides ou complexes.<\/li>\n<li><strong>Combien de temps dure une formation Google Ads ?<\/strong><br \/>\nElle peut durer de quelques heures \u00e0 plusieurs jours, selon vos objectifs.<\/li>\n<\/ol>\n<\/p>","protected":false},"excerpt":{"rendered":"<p>Une bonne strat\u00e9gie SEM devient redoutable lorsqu\u2019elle s\u2019appuie sur un\u00a0r\u00e9f\u00e9rencement\u00a0naturel solide et des campagnes bien pilot\u00e9es. En suivant une formation anim\u00e9e par un consultant SEO (et SEA) exp\u00e9riment\u00e9, avec l\u2019exigence d\u2019une agence SEO mais l\u2019approche sur\u2011mesure d\u2019un freelance, vous apprenez \u00e0 investir chaque euro de fa\u00e7on rentable. Formation Google Ads : Comment Apprendre \u00e0 G\u00e9rer&#8230;<\/p>","protected":false},"author":1,"featured_media":250873,"parent":847,"menu_order":0,"comment_status":"closed","ping_status":"closed","template":"","meta":{"_lmt_disableupdate":"","_lmt_disable":"","_kad_post_transparent":"default","_kad_post_title":"default","_kad_post_layout":"default","_kad_post_sidebar_id":"","_kad_post_content_style":"default","_kad_post_vertical_padding":"default","_kad_post_feature":"","_kad_post_feature_position":"","_kad_post_header":false,"_kad_post_footer":false,"_kad_post_classname":"","rank_math_title":"Formation Google Ads, cours avanc\u00e9 publicit\u00e9 en ligne","rank_math_description":"Acqu\u00e9rir les bases de Google Ads. \ud83c\udfaf Cr\u00e9er et optimiser des campagnes de publicit\u00e9. Am\u00e9liorer votre ROI \u2706 06 31 37 55 04","rank_math_focus_keyword":"Formation Google Ads","rank_math_canonical_url":"","rank_math_robots":null,"footnotes":""},"class_list":["post-870","page","type-page","status-publish","has-post-thumbnail","hentry"],"rank_math_description":"Acqu\u00e9rir les bases de Google Ads. \ud83c\udfaf Cr\u00e9er et optimiser des campagnes de publicit\u00e9. Am\u00e9liorer votre ROI \u2706 06 31 37 55 04","rank_math_title":"Formation Google Ads, cours avanc\u00e9 publicit\u00e9 en ligne","_links":{"self":[{"href":"https:\/\/www.joseperez.fr\/en\/wp-json\/wp\/v2\/pages\/870","targetHints":{"allow":["GET"]}}],"collection":[{"href":"https:\/\/www.joseperez.fr\/en\/wp-json\/wp\/v2\/pages"}],"about":[{"href":"https:\/\/www.joseperez.fr\/en\/wp-json\/wp\/v2\/types\/page"}],"author":[{"embeddable":true,"href":"https:\/\/www.joseperez.fr\/en\/wp-json\/wp\/v2\/users\/1"}],"replies":[{"embeddable":true,"href":"https:\/\/www.joseperez.fr\/en\/wp-json\/wp\/v2\/comments?post=870"}],"version-history":[{"count":10,"href":"https:\/\/www.joseperez.fr\/en\/wp-json\/wp\/v2\/pages\/870\/revisions"}],"predecessor-version":[{"id":259664,"href":"https:\/\/www.joseperez.fr\/en\/wp-json\/wp\/v2\/pages\/870\/revisions\/259664"}],"up":[{"embeddable":true,"href":"https:\/\/www.joseperez.fr\/en\/wp-json\/wp\/v2\/pages\/847"}],"wp:featuredmedia":[{"embeddable":true,"href":"https:\/\/www.joseperez.fr\/en\/wp-json\/wp\/v2\/media\/250873"}],"wp:attachment":[{"href":"https:\/\/www.joseperez.fr\/en\/wp-json\/wp\/v2\/media?parent=870"}],"curies":[{"name":"wp","href":"https:\/\/api.w.org\/{rel}","templated":true}]}}