{"id":252496,"date":"2025-02-19T16:28:08","date_gmt":"2025-02-19T15:28:08","guid":{"rendered":"https:\/\/www.joseperez.fr\/?p=252496"},"modified":"2026-03-06T17:00:06","modified_gmt":"2026-03-06T16:00:06","slug":"audit-netlinking","status":"publish","type":"page","link":"https:\/\/www.joseperez.fr\/en\/audit-netlinking\/","title":{"rendered":"Audit netlinking : analyser vos backlinks pour renforcer votre visibilit\u00e9 Google"},"content":{"rendered":"<div class=\"grid w-full min-w-0 grid-cols-[minmax(0,1fr)]\" dir=\"ltr\" data-orientation=\"horizontal\">\n<div class=\"col-start-1 row-start-2\">\n<div id=\"radix-:r5cc:-content-thread\" class=\"focus:outline-none\" role=\"tabpanel\" data-state=\"active\" data-orientation=\"horizontal\" aria-labelledby=\"radix-:r5cc:-trigger-thread\">\n<div class=\"gap-y-md flex flex-col\">\n<div class=\"relative font-sans text-base text-foreground selection:bg-super\/50 selection:text-foreground dark:selection:bg-super\/10 dark:selection:text-super bg-transparent\">\n<div class=\"min-w-0 break-words [word-break:break-word]\">\n<div id=\"markdown-content-7\" class=\"gap-y-md after:clear-both after:block after:content-['']\" dir=\"auto\">\n<div class=\"has-inline-images my-2 first:mt-0 [&#038;:has([data-inline-type=image])+&#038;:has([data-inline-type=image])_[data-inline-type=image]]:hidden [&#038;:has(table)_[data-inline-type=image]]:hidden\">\n<div class=\"relative\">\n<div class=\"prose dark:prose-invert inline leading-relaxed break-words min-w-0 [word-break:break-word] prose-strong:font-medium visRefresh2026Fonts:prose-strong:font-bold [&#038;_&gt;*:first-child]:mt-0 [&#038;_&gt;*:last-child]:mb-0\">\n<p class=\"my-2 [&#038;+p]:mt-4 [&#038;_strong:has(+br)]:inline-block [&#038;_strong:has(+br)]:pb-2\">Un bon r\u00e9f\u00e9rencement commence par un profil de liens sain : gr\u00e2ce \u00e0 un audit netlinking men\u00e9 par un consultant SEO\u00a0<strong>freelance<\/strong>, identifiez les backlinks toxiques, exploitez ceux qui boostent votre visibilit\u00e9 et b\u00e2tissez une strat\u00e9gie digne d\u2019une agence SEO experte.<\/p>\n<\/div>\n<\/div>\n<\/div>\n<\/div>\n<\/div>\n<\/div>\n<\/div>\n<\/div>\n<\/div>\n<\/div>\n<h2><span class=\"ez-toc-section\" id=\"Audit_netlinking_comment_analyser_et_optimiser_ses_backlinks\"><\/span>Audit netlinking : comment analyser et optimiser ses backlinks ?<span class=\"ez-toc-section-end\"><\/span><\/h2>\n<p>Si vous voulez <strong>am\u00e9liorer votre r\u00e9f\u00e9rencement naturel (SEO)<\/strong>, il y a un \u00e9l\u00e9ment que vous ne pouvez pas n\u00e9gliger : <strong>le netlinking<\/strong>. Les backlinks, ces liens entrants qui pointent vers votre site, sont l\u2019un des <strong>facteurs les plus importants<\/strong> pour votre positionnement sur Google. Mais attention, tous les liens ne se valent pas !<\/p>\n<p>Un <strong>audit netlinking<\/strong> vous permet d\u2019identifier <strong>les liens de qualit\u00e9<\/strong> qui boostent votre SEO, mais aussi <strong>les liens toxiques<\/strong> qui peuvent vous p\u00e9naliser. Alors, comment analyser efficacement votre profil de backlinks ? Quels outils utiliser et quelles strat\u00e9gies mettre en place pour am\u00e9liorer votre netlinking ? Je vous explique <strong>tout en d\u00e9tail<\/strong>, \u00e9tape par \u00e9tape.<\/p><div id=\"ez-toc-container\" class=\"ez-toc-v2_0_82_2 counter-hierarchy ez-toc-counter ez-toc-grey ez-toc-container-direction\">\n<div class=\"ez-toc-title-container\">\n<p class=\"ez-toc-title\" style=\"cursor:inherit\">Sommaire<\/p>\n<span class=\"ez-toc-title-toggle\"><a href=\"#\" class=\"ez-toc-pull-right ez-toc-btn ez-toc-btn-xs ez-toc-btn-default ez-toc-toggle\" aria-label=\"Toggle Table of Content\"><span class=\"ez-toc-js-icon-con\"><span class=\"\"><span class=\"eztoc-hide\" style=\"display:none;\">Toggle<\/span><span class=\"ez-toc-icon-toggle-span\"><svg style=\"fill: #999;color:#999\" xmlns=\"http:\/\/www.w3.org\/2000\/svg\" class=\"list-377408\" width=\"20px\" height=\"20px\" viewBox=\"0 0 24 24\" fill=\"none\"><path d=\"M6 6H4v2h2V6zm14 0H8v2h12V6zM4 11h2v2H4v-2zm16 0H8v2h12v-2zM4 16h2v2H4v-2zm16 0H8v2h12v-2z\" fill=\"currentColor\"><\/path><\/svg><svg style=\"fill: #999;color:#999\" class=\"arrow-unsorted-368013\" xmlns=\"http:\/\/www.w3.org\/2000\/svg\" width=\"10px\" height=\"10px\" viewBox=\"0 0 24 24\" version=\"1.2\" baseProfile=\"tiny\"><path d=\"M18.2 9.3l-6.2-6.3-6.2 6.3c-.2.2-.3.4-.3.7s.1.5.3.7c.2.2.4.3.7.3h11c.3 0 .5-.1.7-.3.2-.2.3-.5.3-.7s-.1-.5-.3-.7zM5.8 14.7l6.2 6.3 6.2-6.3c.2-.2.3-.5.3-.7s-.1-.5-.3-.7c-.2-.2-.4-.3-.7-.3h-11c-.3 0-.5.1-.7.3-.2.2-.3.5-.3.7s.1.5.3.7z\"\/><\/svg><\/span><\/span><\/span><\/a><\/span><\/div>\n<nav><ul class='ez-toc-list ez-toc-list-level-1 eztoc-toggle-hide-by-default' ><li class='ez-toc-page-1 ez-toc-heading-level-2'><a class=\"ez-toc-link ez-toc-heading-1\" href=\"https:\/\/www.joseperez.fr\/en\/audit-netlinking\/#Audit_netlinking_comment_analyser_et_optimiser_ses_backlinks\" >Audit netlinking : comment analyser et optimiser ses backlinks ?<\/a><\/li><li class='ez-toc-page-1 ez-toc-heading-level-2'><a class=\"ez-toc-link ez-toc-heading-2\" href=\"https:\/\/www.joseperez.fr\/en\/audit-netlinking\/#Pourquoi_faire_un_audit_netlinking\" >Pourquoi faire un audit netlinking ?<\/a><\/li><li class='ez-toc-page-1 ez-toc-heading-level-2'><a class=\"ez-toc-link ez-toc-heading-3\" href=\"https:\/\/www.joseperez.fr\/en\/audit-netlinking\/#Quelles_sont_les_etapes_cles_dun_audit_netlinking\" >Quelles sont les \u00e9tapes cl\u00e9s d\u2019un audit netlinking ?<\/a><ul class='ez-toc-list-level-3' ><li class='ez-toc-heading-level-3'><a class=\"ez-toc-link ez-toc-heading-4\" href=\"https:\/\/www.joseperez.fr\/en\/audit-netlinking\/#1%EF%B8%8F%E2%83%A3_Analyser_son_profil_de_backlinks\" >1\ufe0f\u20e3 Analyser son profil de backlinks<\/a><\/li><li class='ez-toc-page-1 ez-toc-heading-level-3'><a class=\"ez-toc-link ez-toc-heading-5\" href=\"https:\/\/www.joseperez.fr\/en\/audit-netlinking\/#2%EF%B8%8F%E2%83%A3_Identifier_les_liens_toxiques_et_a_risque\" >2\ufe0f\u20e3 Identifier les liens toxiques et \u00e0 risque<\/a><\/li><li class='ez-toc-page-1 ez-toc-heading-level-3'><a class=\"ez-toc-link ez-toc-heading-6\" href=\"https:\/\/www.joseperez.fr\/en\/audit-netlinking\/#3%EF%B8%8F%E2%83%A3_Comparer_avec_les_backlinks_de_la_concurrence\" >3\ufe0f\u20e3 Comparer avec les backlinks de la concurrence<\/a><\/li><li class='ez-toc-page-1 ez-toc-heading-level-3'><a class=\"ez-toc-link ez-toc-heading-7\" href=\"https:\/\/www.joseperez.fr\/en\/audit-netlinking\/#4%EF%B8%8F%E2%83%A3_Desavouer_les_liens_nuisibles_avec_Google_Search_Console\" >4\ufe0f\u20e3 D\u00e9savouer les liens nuisibles avec Google Search Console<\/a><\/li><\/ul><\/li><li class='ez-toc-page-1 ez-toc-heading-level-2'><a class=\"ez-toc-link ez-toc-heading-8\" href=\"https:\/\/www.joseperez.fr\/en\/audit-netlinking\/#Quels_outils_utiliser_pour_un_audit_netlinking_efficace\" >Quels outils utiliser pour un audit netlinking efficace ?<\/a><\/li><li class='ez-toc-page-1 ez-toc-heading-level-2'><a class=\"ez-toc-link ez-toc-heading-9\" href=\"https:\/\/www.joseperez.fr\/en\/audit-netlinking\/#Comment_ameliorer_son_netlinking_apres_un_audit\" >Comment am\u00e9liorer son netlinking apr\u00e8s un audit ?<\/a><ul class='ez-toc-list-level-3' ><li class='ez-toc-heading-level-3'><a class=\"ez-toc-link ez-toc-heading-10\" href=\"https:\/\/www.joseperez.fr\/en\/audit-netlinking\/#1%EF%B8%8F%E2%83%A3_Acquerir_des_backlinks_de_qualite\" >1\ufe0f\u20e3 Acqu\u00e9rir des backlinks de qualit\u00e9<\/a><\/li><li class='ez-toc-page-1 ez-toc-heading-level-3'><a class=\"ez-toc-link ez-toc-heading-11\" href=\"https:\/\/www.joseperez.fr\/en\/audit-netlinking\/#2%EF%B8%8F%E2%83%A3_Diversifier_ses_sources_de_liens\" >2\ufe0f\u20e3 Diversifier ses sources de liens<\/a><\/li><li class='ez-toc-page-1 ez-toc-heading-level-3'><a class=\"ez-toc-link ez-toc-heading-12\" href=\"https:\/\/www.joseperez.fr\/en\/audit-netlinking\/#3%EF%B8%8F%E2%83%A3_Surveiller_levolution_de_son_netlinking\" >3\ufe0f\u20e3 Surveiller l\u2019\u00e9volution de son netlinking<\/a><\/li><\/ul><\/li><li class='ez-toc-page-1 ez-toc-heading-level-2'><a class=\"ez-toc-link ez-toc-heading-13\" href=\"https:\/\/www.joseperez.fr\/en\/audit-netlinking\/#Audit_netlinking_une_etape_cle_pour_un_referencement_efficace\" >Audit netlinking, une \u00e9tape cl\u00e9 pour un r\u00e9f\u00e9rencement efficace<\/a><\/li><\/ul><\/nav><\/div>\n\n<h2><span class=\"ez-toc-section\" id=\"Pourquoi_faire_un_audit_netlinking\"><\/span>Pourquoi faire un audit netlinking ?<span class=\"ez-toc-section-end\"><\/span><\/h2>\n<p>Un audit netlinking est indispensable pour <strong>garder le contr\u00f4le sur votre r\u00e9f\u00e9rencement<\/strong> et \u00e9viter les mauvaises surprises.<\/p>\n<p>\u2714 <strong>D\u00e9tecter les backlinks toxiques<\/strong> qui pourraient nuire \u00e0 votre positionnement.<br \/>\n\u2714 <strong>\u00c9valuer la qualit\u00e9 des liens existants<\/strong> pour identifier les plus performants.<br \/>\n\u2714 <strong>Optimiser votre strat\u00e9gie de netlinking<\/strong> en diversifiant vos sources de backlinks.<br \/>\n\u2714 <strong>Rep\u00e9rer les opportunit\u00e9s de liens<\/strong> et am\u00e9liorer votre autorit\u00e9 de domaine.<\/p>\n<p>\ud83d\udca1 <strong>Mon avis<\/strong> : Un audit netlinking r\u00e9gulier permet <strong>d\u2019anticiper les probl\u00e8mes et d\u2019adapter sa strat\u00e9gie SEO pour rester comp\u00e9titif<\/strong>.<\/p>\n<h2><span class=\"ez-toc-section\" id=\"Quelles_sont_les_etapes_cles_dun_audit_netlinking\"><\/span>Quelles sont les \u00e9tapes cl\u00e9s d\u2019un audit netlinking ?<span class=\"ez-toc-section-end\"><\/span><\/h2>\n<p>Un bon audit netlinking ne se fait pas <strong>au hasard<\/strong>. Il repose sur <strong>une m\u00e9thodologie bien d\u00e9finie<\/strong>, que voici en d\u00e9tail.<\/p>\n<h3><span class=\"ez-toc-section\" id=\"1%EF%B8%8F%E2%83%A3_Analyser_son_profil_de_backlinks\"><\/span>1\ufe0f\u20e3 Analyser son profil de backlinks<span class=\"ez-toc-section-end\"><\/span><\/h3>\n<p>Avant de prendre des d\u00e9cisions, il faut <strong>avoir une vue globale<\/strong> de vos liens entrants.<\/p>\n<p>\u2714 <strong>Combien de backlinks avez-vous ?<\/strong> Un trop grand nombre de liens provenant des m\u00eames sites peut sembler suspect.<br \/>\n\u2714 <strong>Quelle est l\u2019autorit\u00e9 des domaines r\u00e9f\u00e9rents ?<\/strong> Un lien depuis un site d\u2019autorit\u00e9 (ex : un m\u00e9dia reconnu) aura plus de poids qu\u2019un lien depuis un forum inconnu.<br \/>\n\u2714 <strong>Quelle est la diversit\u00e9 des ancres de liens ?<\/strong> Un profil avec trop d\u2019ancres exact-match (\u00ab\u00a0meilleur site e-commerce\u00a0\u00bb) peut para\u00eetre artificiel.<\/p>\n<p>\ud83d\udca1 <strong>Astuce<\/strong> : Utilisez des outils comme <strong>Ahrefs, Majestic SEO ou SEMrush<\/strong> pour analyser en d\u00e9tail votre netlinking.<\/p>\n<h3><span class=\"ez-toc-section\" id=\"2%EF%B8%8F%E2%83%A3_Identifier_les_liens_toxiques_et_a_risque\"><\/span>2\ufe0f\u20e3 Identifier les liens toxiques et \u00e0 risque<span class=\"ez-toc-section-end\"><\/span><\/h3>\n<p>Tous les backlinks ne sont pas bons. Certains peuvent <strong>avoir un effet n\u00e9gatif<\/strong> sur votre SEO.<\/p>\n<p>\u2714 <strong>Liens provenant de sites spammy<\/strong> (sites de mauvaise qualit\u00e9, PBN douteux).<br \/>\n\u2714 <strong>Backlinks en provenance de pays non pertinents<\/strong> pour votre march\u00e9.<br \/>\n\u2714 <strong>Liens avec un taux \u00e9lev\u00e9 d\u2019ancre optimis\u00e9e<\/strong> qui pourrait d\u00e9clencher une p\u00e9nalit\u00e9 Google.<br \/>\n\u2714 <strong>Explosion soudaine de backlinks<\/strong>, qui peut indiquer une attaque de Negative SEO.<\/p>\n<p>\ud83d\udca1 <strong>Mon conseil<\/strong> : Si vous trouvez des liens suspects, ne paniquez pas ! Il est possible de <strong>les d\u00e9savouer via Google Search Console<\/strong>.<\/p>\n<h3><span class=\"ez-toc-section\" id=\"3%EF%B8%8F%E2%83%A3_Comparer_avec_les_backlinks_de_la_concurrence\"><\/span>3\ufe0f\u20e3 Comparer avec les backlinks de la concurrence<span class=\"ez-toc-section-end\"><\/span><\/h3>\n<p>Pour savoir o\u00f9 vous en \u00eates, rien de tel qu\u2019une <strong>analyse comparative<\/strong>.<\/p>\n<p>\u2714 <strong>Quels sites font des liens vers vos concurrents mais pas vers vous ?<\/strong><br \/>\n\u2714 <strong>Quel est leur ratio de liens dofollow\/nofollow ?<\/strong><br \/>\n\u2714 <strong>Leur netlinking est-il plus diversifi\u00e9 que le v\u00f4tre ?<\/strong><\/p>\n<p>\ud83d\udca1 <strong>Astuce SEO<\/strong> : Identifiez <strong>les sites r\u00e9f\u00e9rents de vos concurrents<\/strong> et essayez d\u2019obtenir <strong>des backlinks depuis les m\u00eames plateformes<\/strong>.<\/p>\n<h3><span class=\"ez-toc-section\" id=\"4%EF%B8%8F%E2%83%A3_Desavouer_les_liens_nuisibles_avec_Google_Search_Console\"><\/span>4\ufe0f\u20e3 D\u00e9savouer les liens nuisibles avec Google Search Console<span class=\"ez-toc-section-end\"><\/span><\/h3>\n<p>Si vous trouvez des liens toxiques, vous pouvez demander \u00e0 Google <strong>de ne pas les prendre en compte<\/strong>.<\/p>\n<p>\ud83d\udccc <strong>\u00c9tapes pour d\u00e9savouer des liens<\/strong> :<br \/>\n\u2714 Compilez les liens nuisibles dans un fichier <code>.txt<\/code>.<br \/>\n\u2714 Rendez-vous sur <strong>Google Search Console<\/strong> &gt; Outil de d\u00e9saveu des liens.<br \/>\n\u2714 T\u00e9l\u00e9chargez votre fichier et laissez Google faire le reste.<\/p>\n<p>\ud83d\udca1 <strong>Astuce<\/strong> : Le d\u00e9saveu de liens est une <strong>solution de dernier recours<\/strong>. Il vaut mieux essayer <strong>de contacter les sites concern\u00e9s pour supprimer les liens manuellement<\/strong> avant d\u2019utiliser cet outil.<\/p>\n<h2><span class=\"ez-toc-section\" id=\"Quels_outils_utiliser_pour_un_audit_netlinking_efficace\"><\/span>Quels outils utiliser pour un audit netlinking efficace ?<span class=\"ez-toc-section-end\"><\/span><\/h2>\n<p>Pour analyser en profondeur votre netlinking, <strong>certains outils sont indispensables<\/strong>.<\/p>\n<table>\n<thead>\n<tr>\n<th><strong>Outil<\/strong><\/th>\n<th><strong>Utilit\u00e9 principale<\/strong><\/th>\n<th><strong>Tarif<\/strong><\/th>\n<\/tr>\n<\/thead>\n<tbody>\n<tr>\n<td><strong>Ahrefs<\/strong><\/td>\n<td>Analyse des backlinks, autorit\u00e9 des sites<\/td>\n<td>Payant<\/td>\n<\/tr>\n<tr>\n<td><strong>SEMrush<\/strong><\/td>\n<td>Audit netlinking et suivi des liens<\/td>\n<td>Payant<\/td>\n<\/tr>\n<tr>\n<td><strong>Google Search Console<\/strong><\/td>\n<td>V\u00e9rification des backlinks et d\u00e9saveu<\/td>\n<td>Gratuit<\/td>\n<\/tr>\n<tr>\n<td><strong>Majestic SEO<\/strong><\/td>\n<td>Analyse Trust Flow et Citation Flow<\/td>\n<td>Payant<\/td>\n<\/tr>\n<tr>\n<td><strong>Screaming Frog<\/strong><\/td>\n<td>Crawl des pages et suivi des redirections<\/td>\n<td>Payant<\/td>\n<\/tr>\n<\/tbody>\n<\/table>\n<p>\ud83d\udca1 <strong>Mon conseil<\/strong> : Utilisez <strong>au moins deux outils<\/strong> pour croiser les donn\u00e9es et obtenir une analyse plus pr\u00e9cise.<\/p>\n<h2><span class=\"ez-toc-section\" id=\"Comment_ameliorer_son_netlinking_apres_un_audit\"><\/span>Comment am\u00e9liorer son netlinking apr\u00e8s un audit ?<span class=\"ez-toc-section-end\"><\/span><\/h2>\n<p>Une fois votre audit r\u00e9alis\u00e9, il est temps <strong>d\u2019optimiser votre netlinking<\/strong> pour renforcer votre autorit\u00e9 SEO.<\/p>\n<h3><span class=\"ez-toc-section\" id=\"1%EF%B8%8F%E2%83%A3_Acquerir_des_backlinks_de_qualite\"><\/span>1\ufe0f\u20e3 Acqu\u00e9rir des backlinks de qualit\u00e9<span class=\"ez-toc-section-end\"><\/span><\/h3>\n<p>\u2714 <strong>R\u00e9diger des articles invit\u00e9s<\/strong> sur des blogs d\u2019autorit\u00e9.<br \/>\n\u2714 <strong>Nouer des partenariats avec des influenceurs et m\u00e9dias sp\u00e9cialis\u00e9s<\/strong>.<br \/>\n\u2714 <strong>Obtenir des backlinks naturels<\/strong> gr\u00e2ce \u00e0 un contenu engageant et utile.<\/p>\n<p>\ud83d\udca1 <strong>Astuce<\/strong> : Google valorise <strong>les liens obtenus naturellement<\/strong> plut\u00f4t que ceux achet\u00e9s ou \u00e9chang\u00e9s.<\/p>\n<h3><span class=\"ez-toc-section\" id=\"2%EF%B8%8F%E2%83%A3_Diversifier_ses_sources_de_liens\"><\/span>2\ufe0f\u20e3 Diversifier ses sources de liens<span class=\"ez-toc-section-end\"><\/span><\/h3>\n<p>\u2714 Ne pas se limiter aux blogs, explorer <strong>les forums, les annuaires et les r\u00e9seaux sociaux<\/strong>.<br \/>\n\u2714 Varier <strong>les ancres de liens<\/strong> pour \u00e9viter toute suspicion de suroptimisation.<\/p>\n<p>\ud83d\udca1 <strong>Exemple<\/strong> : Un site e-commerce peut obtenir <strong>des liens depuis des comparateurs de prix, des articles de blog et des avis clients<\/strong>.<\/p>\n<h3><span class=\"ez-toc-section\" id=\"3%EF%B8%8F%E2%83%A3_Surveiller_levolution_de_son_netlinking\"><\/span>3\ufe0f\u20e3 Surveiller l\u2019\u00e9volution de son netlinking<span class=\"ez-toc-section-end\"><\/span><\/h3>\n<p>\u2714 Effectuez un <strong>audit netlinking tous les 3 \u00e0 6 mois<\/strong> pour d\u00e9tecter d\u2019\u00e9ventuels probl\u00e8mes.<br \/>\n\u2714 Suivez l\u2019\u00e9volution de votre <strong>autorit\u00e9 de domaine et le trafic g\u00e9n\u00e9r\u00e9 par vos backlinks<\/strong>.<\/p>\n<p>\ud83d\udca1 <strong>Mon avis<\/strong> : Le netlinking <strong>n\u2019est pas un one-shot<\/strong>, c\u2019est une strat\u00e9gie <strong>continue qui demande un suivi r\u00e9gulier<\/strong>.<\/p>\n<ul>\r\n<li><a href=\"https:\/\/www.joseperez.fr\/audit-seo\/\">Audit SEO<\/a><\/li>\r\n<li><a href=\"https:\/\/www.joseperez.fr\/audit-technique\/\">Audit technique SEO<\/a><\/li>\r\n<li><a href=\"https:\/\/www.joseperez.fr\/audit-semantique-seo\/\">Audit s\u00e9mantique SEO<\/a><\/li>\r\n<li><a href=\"https:\/\/www.joseperez.fr\/audit-geo-llm\/\">Audit GEO LLM<\/a><\/li>\r\n<li><a href=\"https:\/\/www.joseperez.fr\/audit-netlinking\/\">Audit Netlinking<\/a><\/li>\r\n<li><a href=\"https:\/\/www.joseperez.fr\/audit-google-ads\/\">Audit Google Ads<\/a>\r\n<\/ul>\n<h2><span class=\"ez-toc-section\" id=\"Audit_netlinking_une_etape_cle_pour_un_referencement_efficace\"><\/span>Audit netlinking, une \u00e9tape cl\u00e9 pour un r\u00e9f\u00e9rencement efficace<span class=\"ez-toc-section-end\"><\/span><\/h2>\n<p>Un bon audit netlinking vous permet <strong>d\u2019avoir une vision claire de vos backlinks<\/strong>, d\u2019identifier <strong>les opportunit\u00e9s et les risques<\/strong>, et d\u2019am\u00e9liorer votre strat\u00e9gie SEO. Que vous soyez <strong>entrepreneur, consultant ou responsable marketing<\/strong>, prendre le temps d\u2019analyser votre netlinking <strong>peut faire une grande diff\u00e9rence sur votre positionnement<\/strong>.<\/p>\n<p>Et vous, avez-vous d\u00e9j\u00e0 r\u00e9alis\u00e9 un <strong>audit netlinking<\/strong> ? Quels outils utilisez-vous ? <strong>Partagez vos exp\u00e9riences en commentaire !<\/strong> \ud83d\ude80\ud83d\udd25\ud83d\ude0e<\/p>\n","protected":false},"excerpt":{"rendered":"<p>Un bon r\u00e9f\u00e9rencement commence par un profil de liens sain : gr\u00e2ce \u00e0 un audit netlinking men\u00e9 par un consultant SEO\u00a0freelance, identifiez les backlinks toxiques, exploitez ceux qui boostent votre visibilit\u00e9 et b\u00e2tissez une strat\u00e9gie digne d\u2019une agence SEO experte. Audit netlinking : comment analyser et optimiser ses backlinks ? Si vous voulez am\u00e9liorer votre&#8230;<\/p>","protected":false},"author":1,"featured_media":253083,"parent":0,"menu_order":0,"comment_status":"open","ping_status":"open","template":"","meta":{"_lmt_disableupdate":"","_lmt_disable":"","_kad_post_transparent":"","_kad_post_title":"","_kad_post_layout":"","_kad_post_sidebar_id":"","_kad_post_content_style":"","_kad_post_vertical_padding":"","_kad_post_feature":"","_kad_post_feature_position":"","_kad_post_header":false,"_kad_post_footer":false,"_kad_post_classname":"","rank_math_title":"Audit netlinking : analyse et optimisation de vos backlinks \ud83d\udd0d\ud83d\ude80","rank_math_description":"Audit netlinking \ud83e\udde0 : identifiez les bons backlinks, optimisez votre SEO et am\u00e9liorez votre autorit\u00e9 \u2706 06 31 37 55 04","rank_math_focus_keyword":"Audit netlinking","rank_math_canonical_url":"","rank_math_robots":"","footnotes":""},"class_list":["post-252496","page","type-page","status-publish","has-post-thumbnail","hentry"],"rank_math_description":"Audit netlinking \ud83e\udde0 : identifiez les bons backlinks, optimisez votre SEO et am\u00e9liorez votre autorit\u00e9 \u2706 06 31 37 55 04","rank_math_title":"Audit netlinking : analyse et optimisation de vos backlinks \ud83d\udd0d\ud83d\ude80","_links":{"self":[{"href":"https:\/\/www.joseperez.fr\/en\/wp-json\/wp\/v2\/pages\/252496","targetHints":{"allow":["GET"]}}],"collection":[{"href":"https:\/\/www.joseperez.fr\/en\/wp-json\/wp\/v2\/pages"}],"about":[{"href":"https:\/\/www.joseperez.fr\/en\/wp-json\/wp\/v2\/types\/page"}],"author":[{"embeddable":true,"href":"https:\/\/www.joseperez.fr\/en\/wp-json\/wp\/v2\/users\/1"}],"replies":[{"embeddable":true,"href":"https:\/\/www.joseperez.fr\/en\/wp-json\/wp\/v2\/comments?post=252496"}],"version-history":[{"count":8,"href":"https:\/\/www.joseperez.fr\/en\/wp-json\/wp\/v2\/pages\/252496\/revisions"}],"predecessor-version":[{"id":261414,"href":"https:\/\/www.joseperez.fr\/en\/wp-json\/wp\/v2\/pages\/252496\/revisions\/261414"}],"wp:featuredmedia":[{"embeddable":true,"href":"https:\/\/www.joseperez.fr\/en\/wp-json\/wp\/v2\/media\/253083"}],"wp:attachment":[{"href":"https:\/\/www.joseperez.fr\/en\/wp-json\/wp\/v2\/media?parent=252496"}],"curies":[{"name":"wp","href":"https:\/\/api.w.org\/{rel}","templated":true}]}}