{"id":252200,"date":"2025-01-28T22:50:07","date_gmt":"2025-01-28T21:50:07","guid":{"rendered":"https:\/\/www.joseperez.fr\/?page_id=252200"},"modified":"2026-02-22T20:59:03","modified_gmt":"2026-02-22T19:59:03","slug":"agence-marketing-digital-montpellier","status":"publish","type":"page","link":"https:\/\/www.joseperez.fr\/en\/agence-marketing-digital-montpellier\/","title":{"rendered":"Montpellier digital marketing agency: boost your local visibility"},"content":{"rendered":"<div class=\"grid w-full min-w-0 grid-cols-[minmax(0,1fr)]\" dir=\"ltr\" data-orientation=\"horizontal\">\n<div class=\"col-start-1 row-start-2\">\n<div id=\"radix-:r14c:-content-thread\" class=\"focus:outline-none\" role=\"tabpanel\" data-state=\"active\" data-orientation=\"horizontal\" aria-labelledby=\"radix-:r14c:-trigger-thread\">\n<div class=\"gap-y-md flex flex-col\">\n<div class=\"relative font-sans text-base text-foreground selection:bg-super\/50 selection:text-foreground dark:selection:bg-super\/10 dark:selection:text-super\">\n<div class=\"min-w-0 break-words [word-break:break-word]\">\n<div id=\"markdown-content-29\" class=\"gap-y-md after:clear-both after:block after:content-['']\" dir=\"auto\">\n<div class=\"has-inline-images my-2 first:mt-0 [&amp;:has([data-inline-type=image])+&amp;:has([data-inline-type=image])_[data-inline-type=image]]:hidden [&amp;:has(table)_[data-inline-type=image]]:hidden\">\n<div class=\"relative\">\n<p class=\"my-2 [&amp;+p]:mt-4 [&amp;_strong:has(+br)]:inline-block [&amp;_strong:has(+br)]:pb-2\">\u00c0 <strong>Montpellier<\/strong>, votre entreprise doit se d\u00e9marquer dans un environnement digital tr\u00e8s concurrentiel. Confiez votre strat\u00e9gie \u00e0 une agence marketing digital experte en SEO, Google Ads et e\u2011commerce pour gagner en visibilit\u00e9, attirer plus de prospects qualifi\u00e9s et faire cro\u00eetre votre chiffre d\u2019affaires localement.<\/p>\n<\/div>\n<\/div>\n<\/div>\n<\/div>\n<\/div>\n<\/div>\n<div class=\"rounded-full\"><\/div>\n<\/div>\n<\/div>\n<\/div>\n<h2><span class=\"ez-toc-section\" id=\"Agence_marketing_digital_Montpellier_booster_votre_visibilite_locale\"><\/span><strong>Agence marketing digital Montpellier : booster votre visibilit\u00e9 locale<\/strong><span class=\"ez-toc-section-end\"><\/span><\/h2>\n<p>Dans un monde o\u00f9 le num\u00e9rique prend une place de plus en plus grande, il est essentiel pour toute entreprise de d\u00e9velopper une strat\u00e9gie de marketing digital efficace. Si vous \u00eates \u00e0 Montpellier, une ville dynamique o\u00f9 la concurrence est forte, faire appel \u00e0 une agence sp\u00e9cialis\u00e9e peut v\u00e9ritablement faire la diff\u00e9rence. Dans cet article, je vais vous expliquer pourquoi et comment une agence marketing digital \u00e0 Montpellier peut vous aider \u00e0 atteindre vos objectifs.<\/p>\n<h2><span class=\"ez-toc-section\" id=\"Les_meilleures_agences_de_marketing_digital_a_Montpellier\"><\/span>Les meilleures agences de marketing digital \u00e0 Montpellier<span class=\"ez-toc-section-end\"><\/span><\/h2>\n<table>\n<thead>\n<tr>\n<th>Agence<\/th>\n<th><\/th>\n<th>Expertises<\/th>\n<th>Site Web<\/th>\n<\/tr>\n<\/thead>\n<tbody>\n<tr>\n<td>Jos\u00e9 PEREZ<\/td>\n<td><\/td>\n<td>Cr\u00e9ation de site web, Marketing digital, Communication<\/td>\n<td><a href=\"https:\/\/www.joseperez.fr\">Jos\u00e9 PEREZ<\/a><\/td>\n<\/tr>\n<tr>\n<td>Agence 404<\/td>\n<td><\/td>\n<td>SEO, SEA, Webmarketing, Strat\u00e9gie digitale<\/td>\n<td><a href=\"https:\/\/agence404.com\/agence-marketing-digital-montpellier\/\" rel=\"nofollow noopener\" target=\"_blank\">Agence 404<\/a><\/td>\n<\/tr>\n<tr>\n<td>Webissime<\/td>\n<td><\/td>\n<td>Cr\u00e9ation de site web, SEO, Webmarketing<\/td>\n<td><a href=\"https:\/\/www.webissime.com\/\" rel=\"nofollow noopener\" target=\"_blank\">Webissime<\/a><\/td>\n<\/tr>\n<tr>\n<td>Ikomobi<\/td>\n<td><\/td>\n<td>Cr\u00e9ation de site web, SEO, Marketing digital<\/td>\n<td><a href=\"https:\/\/www.ikomobi.fr\/\" rel=\"nofollow noopener\" target=\"_blank\">Ikomobi<\/a><\/td>\n<\/tr>\n<tr>\n<td>Citron Noir<\/td>\n<td><\/td>\n<td>Cr\u00e9ation de site web, R\u00e9f\u00e9rencement, Marketing digital<\/td>\n<td><a href=\"https:\/\/citronnoir.com\/\" rel=\"nofollow noopener\" target=\"_blank\">Citron Noir<\/a><\/td>\n<\/tr>\n<\/tbody>\n<\/table>\n<p>Notre agence marketing digital \u00e0 Montpellier travaille avec les entreprises de Lattes, Castelnau-le-Lez, Saint-Jean-de-V\u00e9das, Le Cr\u00e8s ou Juvignac, dans le d\u00e9partement de l\u2019H\u00e9rault.<\/p><div id=\"ez-toc-container\" class=\"ez-toc-v2_0_82_2 counter-hierarchy ez-toc-counter ez-toc-grey ez-toc-container-direction\">\n<div class=\"ez-toc-title-container\">\n<p class=\"ez-toc-title\" style=\"cursor:inherit\">Sommaire<\/p>\n<span class=\"ez-toc-title-toggle\"><a href=\"#\" class=\"ez-toc-pull-right ez-toc-btn ez-toc-btn-xs ez-toc-btn-default ez-toc-toggle\" aria-label=\"Toggle Table of Content\"><span class=\"ez-toc-js-icon-con\"><span class=\"\"><span class=\"eztoc-hide\" style=\"display:none;\">Toggle<\/span><span class=\"ez-toc-icon-toggle-span\"><svg style=\"fill: #999;color:#999\" xmlns=\"http:\/\/www.w3.org\/2000\/svg\" class=\"list-377408\" width=\"20px\" height=\"20px\" viewBox=\"0 0 24 24\" fill=\"none\"><path d=\"M6 6H4v2h2V6zm14 0H8v2h12V6zM4 11h2v2H4v-2zm16 0H8v2h12v-2zM4 16h2v2H4v-2zm16 0H8v2h12v-2z\" fill=\"currentColor\"><\/path><\/svg><svg style=\"fill: #999;color:#999\" class=\"arrow-unsorted-368013\" xmlns=\"http:\/\/www.w3.org\/2000\/svg\" width=\"10px\" height=\"10px\" viewBox=\"0 0 24 24\" version=\"1.2\" baseProfile=\"tiny\"><path d=\"M18.2 9.3l-6.2-6.3-6.2 6.3c-.2.2-.3.4-.3.7s.1.5.3.7c.2.2.4.3.7.3h11c.3 0 .5-.1.7-.3.2-.2.3-.5.3-.7s-.1-.5-.3-.7zM5.8 14.7l6.2 6.3 6.2-6.3c.2-.2.3-.5.3-.7s-.1-.5-.3-.7c-.2-.2-.4-.3-.7-.3h-11c-.3 0-.5.1-.7.3-.2.2-.3.5-.3.7s.1.5.3.7z\"\/><\/svg><\/span><\/span><\/span><\/a><\/span><\/div>\n<nav><ul class='ez-toc-list ez-toc-list-level-1 eztoc-toggle-hide-by-default' ><li class='ez-toc-page-1 ez-toc-heading-level-2'><a class=\"ez-toc-link ez-toc-heading-1\" href=\"https:\/\/www.joseperez.fr\/en\/agence-marketing-digital-montpellier\/#Agence_marketing_digital_Montpellier_booster_votre_visibilite_locale\" >Agence marketing digital Montpellier : booster votre visibilit\u00e9 locale<\/a><\/li><li class='ez-toc-page-1 ez-toc-heading-level-2'><a class=\"ez-toc-link ez-toc-heading-2\" href=\"https:\/\/www.joseperez.fr\/en\/agence-marketing-digital-montpellier\/#Les_meilleures_agences_de_marketing_digital_a_Montpellier\" >Les meilleures agences de marketing digital \u00e0 Montpellier<\/a><\/li><li class='ez-toc-page-1 ez-toc-heading-level-2'><a class=\"ez-toc-link ez-toc-heading-3\" href=\"https:\/\/www.joseperez.fr\/en\/agence-marketing-digital-montpellier\/#Pourquoi_faire_appel_a_une_agence_marketing_digital_a_Montpellier\" >Pourquoi faire appel \u00e0 une agence marketing digital \u00e0 Montpellier ?<\/a><\/li><li class='ez-toc-page-1 ez-toc-heading-level-2'><a class=\"ez-toc-link ez-toc-heading-4\" href=\"https:\/\/www.joseperez.fr\/en\/agence-marketing-digital-montpellier\/#Les_services_proposes_par_une_agence_marketing_digital_a_Montpellier\" >Les services propos\u00e9s par une agence marketing digital \u00e0 Montpellier<\/a><\/li><li class='ez-toc-page-1 ez-toc-heading-level-2'><a class=\"ez-toc-link ez-toc-heading-5\" href=\"https:\/\/www.joseperez.fr\/en\/agence-marketing-digital-montpellier\/#Comment_choisir_la_meilleure_agence_marketing_digital_a_Montpellier\" >Comment choisir la meilleure agence marketing digital \u00e0 Montpellier ?<\/a><\/li><li class='ez-toc-page-1 ez-toc-heading-level-2'><a class=\"ez-toc-link ez-toc-heading-6\" href=\"https:\/\/www.joseperez.fr\/en\/agence-marketing-digital-montpellier\/#Les_avantages_de_travailler_avec_une_agence_marketing_digital_locale\" >Les avantages de travailler avec une agence marketing digital locale<\/a><\/li><li class='ez-toc-page-1 ez-toc-heading-level-2'><a class=\"ez-toc-link ez-toc-heading-7\" href=\"https:\/\/www.joseperez.fr\/en\/agence-marketing-digital-montpellier\/#Les_erreurs_courantes_a_eviter_lorsquon_choisit_une_agence_marketing_digital_a_Montpellier\" >Les erreurs courantes \u00e0 \u00e9viter lorsqu\u2019on choisit une agence marketing digital \u00e0 Montpellier<\/a><\/li><li class='ez-toc-page-1 ez-toc-heading-level-2'><a class=\"ez-toc-link ez-toc-heading-8\" href=\"https:\/\/www.joseperez.fr\/en\/agence-marketing-digital-montpellier\/#Exemples_de_reussites_locales_etudes_de_cas_dagences_marketing_digital_a_Montpellier\" >Exemples de r\u00e9ussites locales : \u00e9tudes de cas d\u2019agences marketing digital \u00e0 Montpellier<\/a><\/li><li class='ez-toc-page-1 ez-toc-heading-level-2'><a class=\"ez-toc-link ez-toc-heading-9\" href=\"https:\/\/www.joseperez.fr\/en\/agence-marketing-digital-montpellier\/#Pourquoi_choisir_une_agence_marketing_digital_a_Montpellier\" >Pourquoi choisir une agence marketing digital \u00e0 Montpellier ?<\/a><\/li><\/ul><\/nav><\/div>\n\n<h2><span class=\"ez-toc-section\" id=\"Pourquoi_faire_appel_a_une_agence_marketing_digital_a_Montpellier\"><\/span>Pourquoi faire appel \u00e0 une agence marketing digital \u00e0 Montpellier ?<span class=\"ez-toc-section-end\"><\/span><\/h2>\n<p>Quand on parle de marketing digital, il ne s&rsquo;agit pas seulement de cr\u00e9er un site web ou de publier sur les r\u00e9seaux sociaux. Il s&rsquo;agit d\u2019une v\u00e9ritable strat\u00e9gie qui doit \u00eatre adapt\u00e9e \u00e0 votre march\u00e9 local. Montpellier, avec son \u00e9cosyst\u00e8me d&rsquo;entreprises en pleine croissance, demande des comp\u00e9tences sp\u00e9cifiques. Une agence locale comprend les particularit\u00e9s de la r\u00e9gion : les comportements d\u2019achat des Montpelli\u00e9rains, les \u00e9v\u00e9nements locaux qui peuvent faire parler de vous, ou encore les opportunit\u00e9s de partenariats avec d&rsquo;autres entreprises.<\/p>\n<p>De plus, en travaillant avec une agence situ\u00e9e \u00e0 Montpellier, vous b\u00e9n\u00e9ficiez d\u2019une relation de proximit\u00e9. Cela vous permet d&rsquo;\u00eatre plus r\u00e9actif et de mieux communiquer, deux \u00e9l\u00e9ments essentiels pour une collaboration r\u00e9ussie. Cette proximit\u00e9 permet \u00e9galement \u00e0 l&rsquo;agence d&rsquo;optimiser votre strat\u00e9gie en tenant compte des sp\u00e9cificit\u00e9s g\u00e9ographiques et culturelles du march\u00e9 local.<\/p>\n<h2><span class=\"ez-toc-section\" id=\"Les_services_proposes_par_une_agence_marketing_digital_a_Montpellier\"><\/span>Les services propos\u00e9s par une agence marketing digital \u00e0 Montpellier<span class=\"ez-toc-section-end\"><\/span><\/h2>\n<p>Une agence marketing digital \u00e0 Montpellier ne se contente pas de g\u00e9rer votre pr\u00e9sence en ligne. Elle offre une palette de services qui peuvent consid\u00e9rablement am\u00e9liorer votre visibilit\u00e9 et votre rentabilit\u00e9.<\/p>\n<ul>\n<li><strong>Audit et strat\u00e9gie digitale sur mesure<\/strong> : Une bonne agence commence toujours par analyser l&rsquo;existant. Cela passe par un audit complet de votre site, de votre pr\u00e9sence sur les r\u00e9seaux sociaux, et de vos campagnes publicitaires. Ensuite, elle vous propose une strat\u00e9gie digitale sur mesure, en fonction de vos objectifs commerciaux, de votre public cible et de votre secteur d\u2019activit\u00e9.<\/li>\n<li><strong>R\u00e9f\u00e9rencement naturel (SEO)<\/strong> : Le SEO est la cl\u00e9 pour \u00eatre bien positionn\u00e9 sur Google et attirer un trafic qualifi\u00e9. Une agence \u00e0 Montpellier saura optimiser votre site pour qu&rsquo;il apparaisse dans les premi\u00e8res positions des r\u00e9sultats de recherche, tout en ciblant sp\u00e9cifiquement le public local. Cela inclut l\u2019utilisation de mots-cl\u00e9s adapt\u00e9s, l&rsquo;optimisation technique du site, et la cr\u00e9ation de contenu pertinent.<\/li>\n<li><strong>Publicit\u00e9 en ligne (SEA)<\/strong> : Si vous souhaitez obtenir des r\u00e9sultats rapides, les campagnes Google Ads ou sur les r\u00e9seaux sociaux sont essentielles. L&rsquo;agence va vous aider \u00e0 cibler les bonnes audiences et \u00e0 maximiser votre retour sur investissement (ROI) en ajustant continuellement les campagnes en fonction des r\u00e9sultats.<\/li>\n<li><strong>Community management et gestion des r\u00e9seaux sociaux<\/strong> : Aujourd&rsquo;hui, \u00eatre actif sur les r\u00e9seaux sociaux est indispensable. Une agence sp\u00e9cialis\u00e9e va g\u00e9rer vos comptes, cr\u00e9er du contenu engageant, r\u00e9pondre \u00e0 vos abonn\u00e9s, et d\u00e9velopper une v\u00e9ritable communaut\u00e9 autour de votre marque. Elle saura \u00e9galement choisir les plateformes les plus adapt\u00e9es \u00e0 votre cible, que ce soit Instagram, Facebook, LinkedIn, ou d&rsquo;autres.<\/li>\n<li><strong>Cr\u00e9ation de contenu et storytelling<\/strong> : La cr\u00e9ation de contenu est cruciale pour capter l\u2019attention de vos clients potentiels. Une agence peut produire des articles de blog, des vid\u00e9os, des infographies, et plus encore. En racontant l\u2019histoire de votre marque, elle suscite l&rsquo;int\u00e9r\u00eat et vous positionne comme un expert dans votre domaine.<\/li>\n<\/ul>\n<h2><span class=\"ez-toc-section\" id=\"Comment_choisir_la_meilleure_agence_marketing_digital_a_Montpellier\"><\/span>Comment choisir la meilleure agence marketing digital \u00e0 Montpellier ?<span class=\"ez-toc-section-end\"><\/span><\/h2>\n<p>Le choix de l\u2019agence est une \u00e9tape d\u00e9licate. Vous devez vous assurer que l\u2019agence dispose des comp\u00e9tences n\u00e9cessaires pour r\u00e9pondre \u00e0 vos besoins sp\u00e9cifiques. Voici quelques crit\u00e8res \u00e0 prendre en compte :<\/p>\n<ul>\n<li><strong>Expertise et exp\u00e9rience<\/strong> : Regardez leur portfolio. Avez-vous des exemples concrets de campagnes r\u00e9ussies dans votre secteur ? Une agence avec une exp\u00e9rience locale est un plus. Elle saura mieux comprendre les particularit\u00e9s du march\u00e9 montpelli\u00e9rain et adapter ses strat\u00e9gies en cons\u00e9quence.<\/li>\n<li><strong>Les retours des clients<\/strong> : N\u2019h\u00e9sitez pas \u00e0 demander des t\u00e9moignages clients ou \u00e0 consulter des avis en ligne. Cela vous permettra de savoir si l\u2019agence est fiable, r\u00e9active et si elle obtient de bons r\u00e9sultats pour ses clients.<\/li>\n<li><strong>La capacit\u00e9 \u00e0 vous accompagner \u00e0 long terme<\/strong> : Le marketing digital ne se fait pas en un jour. Il est important de choisir une agence qui pourra \u00e9voluer avec vous, vous conseiller r\u00e9guli\u00e8rement et vous proposer des optimisations continues.<\/li>\n<li><strong>Budget et rentabilit\u00e9<\/strong> : Enfin, le budget est toujours un crit\u00e8re important. Assurez-vous que l\u2019agence propose des solutions adapt\u00e9es \u00e0 vos besoins et \u00e0 vos ressources, tout en vous garantissant un bon retour sur investissement.<\/li>\n<\/ul>\n<h2><span class=\"ez-toc-section\" id=\"Les_avantages_de_travailler_avec_une_agence_marketing_digital_locale\"><\/span>Les avantages de travailler avec une agence marketing digital locale<span class=\"ez-toc-section-end\"><\/span><\/h2>\n<p>Le principal avantage de travailler avec une agence marketing digital \u00e0 Montpellier est sa compr\u00e9hension fine du march\u00e9 local. Une agence bas\u00e9e dans la r\u00e9gion saura quels sont les \u00e9v\u00e9nements \u00e0 ne pas manquer, les tendances locales et les sp\u00e9cificit\u00e9s culturelles \u00e0 prendre en compte. Elle peut aussi vous faire b\u00e9n\u00e9ficier de son r\u00e9seau local pour \u00e9largir vos opportunit\u00e9s commerciales.<\/p>\n<p>La proximit\u00e9 g\u00e9ographique permet aussi une r\u00e9activit\u00e9 accrue. Vous aurez la possibilit\u00e9 de vous rencontrer physiquement si n\u00e9cessaire, ce qui facilite les \u00e9changes et assure une meilleure compr\u00e9hension des enjeux de votre entreprise. En outre, la collaboration sera plus fluide, vous pourrez ajuster vos strat\u00e9gies plus rapidement en fonction des retours et des donn\u00e9es r\u00e9colt\u00e9es.<\/p>\n<h2><span class=\"ez-toc-section\" id=\"Les_erreurs_courantes_a_eviter_lorsquon_choisit_une_agence_marketing_digital_a_Montpellier\"><\/span>Les erreurs courantes \u00e0 \u00e9viter lorsqu\u2019on choisit une agence marketing digital \u00e0 Montpellier<span class=\"ez-toc-section-end\"><\/span><\/h2>\n<p>Il existe quelques erreurs classiques \u00e0 \u00e9viter lors du choix d\u2019une agence. Par exemple, il ne faut pas choisir une agence uniquement en fonction de son prix. Une prestation trop bon march\u00e9 peut souvent cacher une qualit\u00e9 de service inf\u00e9rieure. Il est \u00e9galement essentiel de bien d\u00e9finir vos objectifs avant de commencer \u00e0 travailler avec une agence. Ne laissez pas des d\u00e9cisions floues ou des attentes mal communiqu\u00e9es ralentir vos projets.<\/p>\n<h2><span class=\"ez-toc-section\" id=\"Exemples_de_reussites_locales_etudes_de_cas_dagences_marketing_digital_a_Montpellier\"><\/span>Exemples de r\u00e9ussites locales : \u00e9tudes de cas d\u2019agences marketing digital \u00e0 Montpellier<span class=\"ez-toc-section-end\"><\/span><\/h2>\n<p>Prenons l&rsquo;exemple d\u2019une entreprise montpelli\u00e9raine qui a fait appel \u00e0 une agence marketing digital pour d\u00e9velopper sa visibilit\u00e9 locale. Gr\u00e2ce \u00e0 une strat\u00e9gie SEO locale bien cibl\u00e9e, elle a r\u00e9ussi \u00e0 se positionner parmi les premi\u00e8res pages de Google sur des requ\u00eates sp\u00e9cifiques \u00e0 Montpellier. En parall\u00e8le, des campagnes de publicit\u00e9 en ligne ont permis de g\u00e9n\u00e9rer rapidement du trafic et des prospects qualifi\u00e9s, ce qui a entra\u00een\u00e9 une augmentation de ses ventes.<\/p>\n<h2><span class=\"ez-toc-section\" id=\"Pourquoi_choisir_une_agence_marketing_digital_a_Montpellier\"><\/span>Pourquoi choisir une agence marketing digital \u00e0 Montpellier ?<span class=\"ez-toc-section-end\"><\/span><\/h2>\n<p>Faire appel \u00e0 une agence sp\u00e9cialis\u00e9e en marketing digital \u00e0 Montpellier, c\u2019est s\u2019assurer de travailler avec des experts qui comprennent vos enjeux et qui peuvent vous offrir une strat\u00e9gie sur mesure, adapt\u00e9e \u00e0 votre march\u00e9. Vous b\u00e9n\u00e9ficiez de leur expertise, de leur r\u00e9activit\u00e9 et de leur connaissance du march\u00e9 local pour d\u00e9velopper votre pr\u00e9sence en ligne et atteindre vos objectifs.<\/p>\n","protected":false},"excerpt":{"rendered":"<p>\u00c0 Montpellier, votre entreprise doit se d\u00e9marquer dans un environnement digital tr\u00e8s concurrentiel. Confiez votre strat\u00e9gie \u00e0 une agence marketing digital experte en SEO, Google Ads et e\u2011commerce pour gagner en visibilit\u00e9, attirer plus de prospects qualifi\u00e9s et faire cro\u00eetre votre chiffre d\u2019affaires localement. Agence marketing digital Montpellier : booster votre visibilit\u00e9 locale Dans un&#8230;<\/p>","protected":false},"author":1,"featured_media":252467,"parent":0,"menu_order":0,"comment_status":"closed","ping_status":"closed","template":"","meta":{"_lmt_disableupdate":"","_lmt_disable":"","_kad_post_transparent":"","_kad_post_title":"","_kad_post_layout":"","_kad_post_sidebar_id":"","_kad_post_content_style":"","_kad_post_vertical_padding":"","_kad_post_feature":"","_kad_post_feature_position":"","_kad_post_header":false,"_kad_post_footer":false,"_kad_post_classname":"","rank_math_title":"Agence marketing digital Montpellier +17 ans d'exp\u00e9rience \ud83d\ude80","rank_math_description":"Trouvez l\u2019agence marketing digital \u00e0 Montpellier qui vous aidera \u00e0 optimiser votre r\u00e9f\u00e9rencement \u2706 06 31 37 55 04","rank_math_focus_keyword":"Agence marketing digital Montpellier","rank_math_canonical_url":"","rank_math_robots":"","footnotes":""},"class_list":["post-252200","page","type-page","status-publish","has-post-thumbnail","hentry"],"rank_math_description":"Trouvez l\u2019agence marketing digital \u00e0 Montpellier qui vous aidera \u00e0 optimiser votre r\u00e9f\u00e9rencement \u2706 06 31 37 55 04","rank_math_title":"Agence marketing digital Montpellier +17 ans d'exp\u00e9rience \ud83d\ude80","_links":{"self":[{"href":"https:\/\/www.joseperez.fr\/en\/wp-json\/wp\/v2\/pages\/252200","targetHints":{"allow":["GET"]}}],"collection":[{"href":"https:\/\/www.joseperez.fr\/en\/wp-json\/wp\/v2\/pages"}],"about":[{"href":"https:\/\/www.joseperez.fr\/en\/wp-json\/wp\/v2\/types\/page"}],"author":[{"embeddable":true,"href":"https:\/\/www.joseperez.fr\/en\/wp-json\/wp\/v2\/users\/1"}],"replies":[{"embeddable":true,"href":"https:\/\/www.joseperez.fr\/en\/wp-json\/wp\/v2\/comments?post=252200"}],"version-history":[{"count":13,"href":"https:\/\/www.joseperez.fr\/en\/wp-json\/wp\/v2\/pages\/252200\/revisions"}],"predecessor-version":[{"id":260563,"href":"https:\/\/www.joseperez.fr\/en\/wp-json\/wp\/v2\/pages\/252200\/revisions\/260563"}],"wp:featuredmedia":[{"embeddable":true,"href":"https:\/\/www.joseperez.fr\/en\/wp-json\/wp\/v2\/media\/252467"}],"wp:attachment":[{"href":"https:\/\/www.joseperez.fr\/en\/wp-json\/wp\/v2\/media?parent=252200"}],"curies":[{"name":"wp","href":"https:\/\/api.w.org\/{rel}","templated":true}]}}