{"id":252198,"date":"2025-01-28T22:49:54","date_gmt":"2025-01-28T21:49:54","guid":{"rendered":"https:\/\/www.joseperez.fr\/?page_id=252198"},"modified":"2026-02-22T20:54:54","modified_gmt":"2026-02-22T19:54:54","slug":"agence-marketing-digital-strasbourg","status":"publish","type":"page","link":"https:\/\/www.joseperez.fr\/en\/agence-marketing-digital-strasbourg\/","title":{"rendered":"Strasbourg digital marketing agency: attract more local customers online"},"content":{"rendered":"<div class=\"grid w-full min-w-0 grid-cols-[minmax(0,1fr)]\" dir=\"ltr\" data-orientation=\"horizontal\">\n<div class=\"col-start-1 row-start-2\">\n<div id=\"radix-:r1bp:-content-thread\" class=\"focus:outline-none\" role=\"tabpanel\" data-state=\"active\" data-orientation=\"horizontal\" aria-labelledby=\"radix-:r1bp:-trigger-thread\">\n<div class=\"gap-y-md flex flex-col\">\n<div class=\"relative font-sans text-base text-foreground selection:bg-super\/50 selection:text-foreground dark:selection:bg-super\/10 dark:selection:text-super\">\n<div class=\"min-w-0 break-words [word-break:break-word]\">\n<div id=\"markdown-content-30\" class=\"gap-y-md after:clear-both after:block after:content-['']\" dir=\"auto\">\n<div class=\"has-inline-images my-2 first:mt-0 [&amp;:has([data-inline-type=image])+&amp;:has([data-inline-type=image])_[data-inline-type=image]]:hidden [&amp;:has(table)_[data-inline-type=image]]:hidden\">\n<div class=\"relative\">\n<p class=\"my-2 [&amp;+p]:mt-4 [&amp;_strong:has(+br)]:inline-block [&amp;_strong:has(+br)]:pb-2\">\u00c0 <strong>Strasbourg<\/strong>, votre entreprise a besoin d\u2019une agence marketing digital capable de convertir vos visiteurs en clients. Profitez de 17 ans d\u2019expertise en SEO, Google Ads et strat\u00e9gie web pour renforcer votre pr\u00e9sence en ligne, d\u00e9velopper votre notori\u00e9t\u00e9 et g\u00e9n\u00e9rer plus de prospects qualifi\u00e9s.<\/p>\n<\/div>\n<\/div>\n<\/div>\n<\/div>\n<\/div>\n<div class=\"flex items-center justify-between\">\n<div class=\"-ml-sm gap-xs flex flex-shrink-0 items-center\">\n<div class=\"rounded-full\"><\/div>\n<\/div>\n<\/div>\n<\/div>\n<\/div>\n<\/div>\n<\/div>\n<h2><span class=\"ez-toc-section\" id=\"Agence_marketing_digital_Strasbourg_Boostez_votre_visibilite_en_ligne\"><\/span>Agence marketing digital Strasbourg : Boostez votre visibilit\u00e9 en ligne<span class=\"ez-toc-section-end\"><\/span><\/h2>\n<p>Si vous \u00eates une entreprise ou une boutique en ligne situ\u00e9e \u00e0 Strasbourg, vous \u00eates probablement conscient que se d\u00e9marquer dans un environnement num\u00e9rique en constante \u00e9volution peut \u00eatre un vrai d\u00e9fi. Que vous soyez une petite entreprise ou une grande enseigne, vous devez avoir une strat\u00e9gie marketing digitale claire et efficace. Dans cet article, je vais vous expliquer pourquoi faire appel \u00e0 une agence marketing digital \u00e0 Strasbourg peut \u00eatre un choix judicieux pour propulser votre activit\u00e9 et augmenter votre visibilit\u00e9 en ligne.<\/p>\n<h2><span class=\"ez-toc-section\" id=\"Les_meilleures_agences_de_marketing_digital_a_Strasbourg\"><\/span>Les meilleures agences de marketing digital \u00e0 Strasbourg<span class=\"ez-toc-section-end\"><\/span><\/h2>\n<table>\n<thead>\n<tr>\n<th>Agence<\/th>\n<th><\/th>\n<th>Expertises<\/th>\n<th>Site Web<\/th>\n<\/tr>\n<\/thead>\n<tbody>\n<tr>\n<td>Jos\u00e9 PEREZ<\/td>\n<td><\/td>\n<td>SEO, SEA, Webmarketing, Cr\u00e9ation de site web<\/td>\n<td><a href=\"https:\/\/www.joseperez.fr\">Jos\u00e9 PEREZ<\/a><\/td>\n<\/tr>\n<tr>\n<td>Webalia<\/td>\n<td><\/td>\n<td>SEO, Cr\u00e9ation de site web, Marketing digital<\/td>\n<td><a href=\"https:\/\/www.webalia.fr\/\" rel=\"nofollow noopener\" target=\"_blank\">Webalia<\/a><\/td>\n<\/tr>\n<tr>\n<td>In\u00e9olab<\/td>\n<td><\/td>\n<td>SEO, SEA, Webmarketing, Cr\u00e9ation de site web<\/td>\n<td><a href=\"https:\/\/ineolab.fr\/\" rel=\"nofollow noopener\" target=\"_blank\">In\u00e9olab<\/a><\/td>\n<\/tr>\n<tr>\n<td>Digidreams Communication<\/td>\n<td><\/td>\n<td>SEO, cr\u00e9ation de site web, Community management<\/td>\n<td><a href=\"https:\/\/digidreams.fr\/\" rel=\"nofollow noopener\" target=\"_blank\">Digidreams Communication<\/a><\/td>\n<\/tr>\n<tr>\n<td>Data Projekt<\/td>\n<td><\/td>\n<td>Cr\u00e9ation de site web, Webdesign, Marketing digital<\/td>\n<td><a href=\"https:\/\/www.data-projekt.fr\/\" rel=\"nofollow noopener\" target=\"_blank\">Data Projekt<\/a><\/td>\n<\/tr>\n<\/tbody>\n<\/table>\n<p>Autour de Strasbourg, notre agence marketing digital accompagne les structures de Schiltigheim, Bischheim, Illkirch-Graffenstaden, Ostwald ou Eckbolsheim, dans le d\u00e9partement du Bas-Rhin.<\/p><div id=\"ez-toc-container\" class=\"ez-toc-v2_0_82_2 counter-hierarchy ez-toc-counter ez-toc-grey ez-toc-container-direction\">\n<div class=\"ez-toc-title-container\">\n<p class=\"ez-toc-title\" style=\"cursor:inherit\">Sommaire<\/p>\n<span class=\"ez-toc-title-toggle\"><a href=\"#\" class=\"ez-toc-pull-right ez-toc-btn ez-toc-btn-xs ez-toc-btn-default ez-toc-toggle\" aria-label=\"Toggle Table of Content\"><span class=\"ez-toc-js-icon-con\"><span class=\"\"><span class=\"eztoc-hide\" style=\"display:none;\">Toggle<\/span><span class=\"ez-toc-icon-toggle-span\"><svg style=\"fill: #999;color:#999\" xmlns=\"http:\/\/www.w3.org\/2000\/svg\" class=\"list-377408\" width=\"20px\" height=\"20px\" viewBox=\"0 0 24 24\" fill=\"none\"><path d=\"M6 6H4v2h2V6zm14 0H8v2h12V6zM4 11h2v2H4v-2zm16 0H8v2h12v-2zM4 16h2v2H4v-2zm16 0H8v2h12v-2z\" fill=\"currentColor\"><\/path><\/svg><svg style=\"fill: #999;color:#999\" class=\"arrow-unsorted-368013\" xmlns=\"http:\/\/www.w3.org\/2000\/svg\" width=\"10px\" height=\"10px\" viewBox=\"0 0 24 24\" version=\"1.2\" baseProfile=\"tiny\"><path d=\"M18.2 9.3l-6.2-6.3-6.2 6.3c-.2.2-.3.4-.3.7s.1.5.3.7c.2.2.4.3.7.3h11c.3 0 .5-.1.7-.3.2-.2.3-.5.3-.7s-.1-.5-.3-.7zM5.8 14.7l6.2 6.3 6.2-6.3c.2-.2.3-.5.3-.7s-.1-.5-.3-.7c-.2-.2-.4-.3-.7-.3h-11c-.3 0-.5.1-.7.3-.2.2-.3.5-.3.7s.1.5.3.7z\"\/><\/svg><\/span><\/span><\/span><\/a><\/span><\/div>\n<nav><ul class='ez-toc-list ez-toc-list-level-1 eztoc-toggle-hide-by-default' ><li class='ez-toc-page-1 ez-toc-heading-level-2'><a class=\"ez-toc-link ez-toc-heading-1\" href=\"https:\/\/www.joseperez.fr\/en\/agence-marketing-digital-strasbourg\/#Agence_marketing_digital_Strasbourg_Boostez_votre_visibilite_en_ligne\" >Agence marketing digital Strasbourg : Boostez votre visibilit\u00e9 en ligne<\/a><\/li><li class='ez-toc-page-1 ez-toc-heading-level-2'><a class=\"ez-toc-link ez-toc-heading-2\" href=\"https:\/\/www.joseperez.fr\/en\/agence-marketing-digital-strasbourg\/#Les_meilleures_agences_de_marketing_digital_a_Strasbourg\" >Les meilleures agences de marketing digital \u00e0 Strasbourg<\/a><\/li><li class='ez-toc-page-1 ez-toc-heading-level-2'><a class=\"ez-toc-link ez-toc-heading-3\" href=\"https:\/\/www.joseperez.fr\/en\/agence-marketing-digital-strasbourg\/#Pourquoi_opter_pour_une_agence_marketing_digital_a_Strasbourg\" >Pourquoi opter pour une agence marketing digital \u00e0 Strasbourg ?<\/a><ul class='ez-toc-list-level-3' ><li class='ez-toc-heading-level-3'><a class=\"ez-toc-link ez-toc-heading-4\" href=\"https:\/\/www.joseperez.fr\/en\/agence-marketing-digital-strasbourg\/#Les_services_essentiels_proposes_par_une_agence_marketing_digital_a_Strasbourg\" >Les services essentiels propos\u00e9s par une agence marketing digital \u00e0 Strasbourg<\/a><\/li><li class='ez-toc-page-1 ez-toc-heading-level-3'><a class=\"ez-toc-link ez-toc-heading-5\" href=\"https:\/\/www.joseperez.fr\/en\/agence-marketing-digital-strasbourg\/#1_Le_referencement_naturel_SEO\" >1. Le r\u00e9f\u00e9rencement naturel (SEO)<\/a><\/li><li class='ez-toc-page-1 ez-toc-heading-level-3'><a class=\"ez-toc-link ez-toc-heading-6\" href=\"https:\/\/www.joseperez.fr\/en\/agence-marketing-digital-strasbourg\/#2_La_publicite_payante_PPC\" >2. La publicit\u00e9 payante (PPC)<\/a><\/li><li class='ez-toc-page-1 ez-toc-heading-level-3'><a class=\"ez-toc-link ez-toc-heading-7\" href=\"https:\/\/www.joseperez.fr\/en\/agence-marketing-digital-strasbourg\/#3_Le_marketing_sur_les_reseaux_sociaux\" >3. Le marketing sur les r\u00e9seaux sociaux<\/a><\/li><li class='ez-toc-page-1 ez-toc-heading-level-3'><a class=\"ez-toc-link ez-toc-heading-8\" href=\"https:\/\/www.joseperez.fr\/en\/agence-marketing-digital-strasbourg\/#4_Le_developpement_de_site_web_et_lexperience_utilisateur_UXUI\" >4. Le d\u00e9veloppement de site web et l\u2019exp\u00e9rience utilisateur (UX\/UI)<\/a><\/li><\/ul><\/li><li class='ez-toc-page-1 ez-toc-heading-level-2'><a class=\"ez-toc-link ez-toc-heading-9\" href=\"https:\/\/www.joseperez.fr\/en\/agence-marketing-digital-strasbourg\/#Comment_choisir_la_meilleure_agence_marketing_digital_a_Strasbourg\" >Comment choisir la meilleure agence marketing digital \u00e0 Strasbourg ?<\/a><ul class='ez-toc-list-level-3' ><li class='ez-toc-heading-level-3'><a class=\"ez-toc-link ez-toc-heading-10\" href=\"https:\/\/www.joseperez.fr\/en\/agence-marketing-digital-strasbourg\/#1_Lexpertise_et_la_specialisation\" >1. L\u2019expertise et la sp\u00e9cialisation<\/a><\/li><li class='ez-toc-page-1 ez-toc-heading-level-3'><a class=\"ez-toc-link ez-toc-heading-11\" href=\"https:\/\/www.joseperez.fr\/en\/agence-marketing-digital-strasbourg\/#2_La_transparence_et_la_communication\" >2. La transparence et la communication<\/a><\/li><li class='ez-toc-page-1 ez-toc-heading-level-3'><a class=\"ez-toc-link ez-toc-heading-12\" href=\"https:\/\/www.joseperez.fr\/en\/agence-marketing-digital-strasbourg\/#3_La_creativite_et_linnovation\" >3. La cr\u00e9ativit\u00e9 et l\u2019innovation<\/a><\/li><li class='ez-toc-page-1 ez-toc-heading-level-3'><a class=\"ez-toc-link ez-toc-heading-13\" href=\"https:\/\/www.joseperez.fr\/en\/agence-marketing-digital-strasbourg\/#4_Les_avis_clients\" >4. Les avis clients<\/a><\/li><\/ul><\/li><li class='ez-toc-page-1 ez-toc-heading-level-2'><a class=\"ez-toc-link ez-toc-heading-14\" href=\"https:\/\/www.joseperez.fr\/en\/agence-marketing-digital-strasbourg\/#Les_avantages_dune_agence_locale_a_Strasbourg\" >Les avantages d\u2019une agence locale \u00e0 Strasbourg<\/a><\/li><li class='ez-toc-page-1 ez-toc-heading-level-2'><a class=\"ez-toc-link ez-toc-heading-15\" href=\"https:\/\/www.joseperez.fr\/en\/agence-marketing-digital-strasbourg\/#Tendances_a_suivre_dans_le_marketing_digital_a_Strasbourg_en_2023\" >Tendances \u00e0 suivre dans le marketing digital \u00e0 Strasbourg en 2023<\/a><\/li><li class='ez-toc-page-1 ez-toc-heading-level-2'><a class=\"ez-toc-link ez-toc-heading-16\" href=\"https:\/\/www.joseperez.fr\/en\/agence-marketing-digital-strasbourg\/#Agence_marketing_digital_Strasbourg_Un_investissement_rentable\" >Agence marketing digital Strasbourg : Un investissement rentable<\/a><\/li><\/ul><\/nav><\/div>\n\n<h2><span class=\"ez-toc-section\" id=\"Pourquoi_opter_pour_une_agence_marketing_digital_a_Strasbourg\"><\/span>Pourquoi opter pour une agence marketing digital \u00e0 Strasbourg ?<span class=\"ez-toc-section-end\"><\/span><\/h2>\n<p>Vous vous demandez sans doute : \u00ab\u00a0Pourquoi choisir une agence locale ?\u00a0\u00bb. Eh bien, la r\u00e9ponse r\u00e9side dans le fait qu\u2019une agence marketing digital bas\u00e9e \u00e0 Strasbourg poss\u00e8de une connaissance approfondie du march\u00e9 local. Elle comprend mieux les sp\u00e9cificit\u00e9s des consommateurs strasbourgeois et sait comment interagir avec eux de mani\u00e8re plus cibl\u00e9e. Que vous souhaitiez toucher des particuliers ou des professionnels, cette proximit\u00e9 g\u00e9ographique peut faire toute la diff\u00e9rence.<\/p>\n<p>Une agence locale est \u00e9galement plus r\u00e9active. Vous pouvez organiser des r\u00e9unions face-\u00e0-face, \u00e9changer plus facilement, et obtenir des r\u00e9ponses rapides \u00e0 vos questions. C\u2019est un facteur de confort qui est souvent sous-estim\u00e9, mais qui joue un r\u00f4le crucial dans la gestion de vos projets.<\/p>\n<h3><span class=\"ez-toc-section\" id=\"Les_services_essentiels_proposes_par_une_agence_marketing_digital_a_Strasbourg\"><\/span>Les services essentiels propos\u00e9s par une agence marketing digital \u00e0 Strasbourg<span class=\"ez-toc-section-end\"><\/span><\/h3>\n<p>Une agence marketing digital \u00e0 Strasbourg ne se limite pas seulement \u00e0 la cr\u00e9ation de sites web ou \u00e0 l\u2019optimisation SEO. Elle propose une multitude de services qui peuvent r\u00e9pondre \u00e0 tous vos besoins num\u00e9riques :<\/p>\n<h3><span class=\"ez-toc-section\" id=\"1_Le_referencement_naturel_SEO\"><\/span>1. Le r\u00e9f\u00e9rencement naturel (SEO)<span class=\"ez-toc-section-end\"><\/span><\/h3>\n<p>Le SEO, ou Search Engine Optimization, est la pierre angulaire de toute strat\u00e9gie marketing digitale r\u00e9ussie. Une agence sp\u00e9cialis\u00e9e va travailler sur diff\u00e9rents leviers pour am\u00e9liorer la position de votre site sur Google. Cela inclut l\u2019optimisation de vos contenus, la structuration technique de votre site, ainsi que l\u2019acquisition de backlinks de qualit\u00e9.<\/p>\n<p>Si votre objectif est de capter une audience locale \u00e0 Strasbourg, il est indispensable de se concentrer sur le SEO local. L\u2019agence veillera \u00e0 ce que votre entreprise soit visible dans les r\u00e9sultats de recherche locaux, notamment via Google My Business et les requ\u00eates g\u00e9olocalis\u00e9es.<\/p>\n<h3><span class=\"ez-toc-section\" id=\"2_La_publicite_payante_PPC\"><\/span>2. La publicit\u00e9 payante (PPC)<span class=\"ez-toc-section-end\"><\/span><\/h3>\n<p>Les campagnes de publicit\u00e9 payante, qu\u2019elles soient sur Google Ads, Facebook Ads, ou d\u2019autres plateformes, permettent d\u2019atteindre rapidement des r\u00e9sultats mesurables. Ces campagnes sont particuli\u00e8rement efficaces pour g\u00e9n\u00e9rer des leads qualifi\u00e9s ou augmenter la notori\u00e9t\u00e9 de votre marque.<\/p>\n<p>Mais attention, g\u00e9rer une campagne PPC ne s\u2019improvise pas ! Une bonne agence saura optimiser votre budget publicitaire pour qu\u2019il soit utilis\u00e9 de mani\u00e8re la plus rentable possible. L&rsquo;objectif est de maximiser le retour sur investissement (ROI) tout en ciblant pr\u00e9cis\u00e9ment les bonnes audiences.<\/p>\n<h3><span class=\"ez-toc-section\" id=\"3_Le_marketing_sur_les_reseaux_sociaux\"><\/span>3. Le marketing sur les r\u00e9seaux sociaux<span class=\"ez-toc-section-end\"><\/span><\/h3>\n<p>Les r\u00e9seaux sociaux jouent un r\u00f4le de plus en plus important dans la strat\u00e9gie marketing des entreprises. Facebook, Instagram, LinkedIn ou encore Twitter : chaque plateforme a ses sp\u00e9cificit\u00e9s et ses avantages. Une agence marketing digital saura choisir celles qui correspondent le mieux \u00e0 votre entreprise et \u00e0 vos objectifs.<\/p>\n<p>Elle pourra g\u00e9rer la cr\u00e9ation de contenus (textes, images, vid\u00e9os), interagir avec vos abonn\u00e9s, et optimiser vos campagnes publicitaires. \u00c0 Strasbourg, l\u2019agence conna\u00eet bien les habitudes des Strasbourgeois, ce qui permet d\u2019adapter la communication en fonction des attentes locales.<\/p>\n<h3><span class=\"ez-toc-section\" id=\"4_Le_developpement_de_site_web_et_lexperience_utilisateur_UXUI\"><\/span>4. Le d\u00e9veloppement de site web et l\u2019exp\u00e9rience utilisateur (UX\/UI)<span class=\"ez-toc-section-end\"><\/span><\/h3>\n<p>Une agence marketing digital \u00e0 Strasbourg prendra en charge la cr\u00e9ation ou la refonte de votre site web, en mettant un point d\u2019honneur \u00e0 offrir une exp\u00e9rience utilisateur fluide et agr\u00e9able. Le design, la navigation et la rapidit\u00e9 de votre site sont essentiels pour capter l\u2019attention des utilisateurs et am\u00e9liorer votre taux de conversion.<\/p>\n<p>Ne sous-estimez pas l\u2019importance de l\u2019UX\/UI design ! Un site bien con\u00e7u est bien plus qu\u2019un simple joli visuel : il doit \u00eatre pratique, rapide, et facile \u00e0 naviguer, ce qui peut directement impacter vos r\u00e9sultats commerciaux.<\/p>\n<h2><span class=\"ez-toc-section\" id=\"Comment_choisir_la_meilleure_agence_marketing_digital_a_Strasbourg\"><\/span>Comment choisir la meilleure agence marketing digital \u00e0 Strasbourg ?<span class=\"ez-toc-section-end\"><\/span><\/h2>\n<p>Lorsque vous choisissez une agence marketing digital \u00e0 Strasbourg, il y a plusieurs crit\u00e8res \u00e0 prendre en compte pour faire le bon choix :<\/p>\n<h3><span class=\"ez-toc-section\" id=\"1_Lexpertise_et_la_specialisation\"><\/span>1. L\u2019expertise et la sp\u00e9cialisation<span class=\"ez-toc-section-end\"><\/span><\/h3>\n<p>L\u2019agence doit \u00eatre sp\u00e9cialis\u00e9e dans les domaines qui vous int\u00e9ressent : SEO, publicit\u00e9 payante, cr\u00e9ation de contenu, etc. Demandez des exemples concrets de leurs r\u00e9alisations, des \u00e9tudes de cas et des t\u00e9moignages de clients pour v\u00e9rifier qu\u2019elle a l\u2019exp\u00e9rience n\u00e9cessaire.<\/p>\n<h3><span class=\"ez-toc-section\" id=\"2_La_transparence_et_la_communication\"><\/span>2. La transparence et la communication<span class=\"ez-toc-section-end\"><\/span><\/h3>\n<p>Une bonne agence doit \u00eatre transparente quant aux m\u00e9thodes qu\u2019elle utilise. Elle doit aussi vous fournir des rapports r\u00e9guliers pour suivre les r\u00e9sultats de vos campagnes. Une communication fluide est essentielle pour garantir que vos objectifs sont compris et que la strat\u00e9gie mise en place est bien align\u00e9e avec vos besoins.<\/p>\n<h3><span class=\"ez-toc-section\" id=\"3_La_creativite_et_linnovation\"><\/span>3. La cr\u00e9ativit\u00e9 et l\u2019innovation<span class=\"ez-toc-section-end\"><\/span><\/h3>\n<p>Le marketing digital \u00e9volue rapidement. Une bonne agence doit \u00eatre capable de proposer des id\u00e9es nouvelles, de tester des approches cr\u00e9atives et de vous aider \u00e0 vous d\u00e9marquer de vos concurrents. Le but n\u2019est pas de se contenter de solutions standards, mais d\u2019adapter la strat\u00e9gie \u00e0 votre entreprise et \u00e0 son march\u00e9 sp\u00e9cifique.<\/p>\n<h3><span class=\"ez-toc-section\" id=\"4_Les_avis_clients\"><\/span>4. Les avis clients<span class=\"ez-toc-section-end\"><\/span><\/h3>\n<p>Les avis clients sont un bon indicateur de la qualit\u00e9 du service fourni par l\u2019agence. N\u2019h\u00e9sitez pas \u00e0 consulter les avis en ligne et \u00e0 demander des r\u00e9f\u00e9rences. Un r\u00e9seau de clients satisfaits est toujours un gage de confiance.<\/p>\n<h2><span class=\"ez-toc-section\" id=\"Les_avantages_dune_agence_locale_a_Strasbourg\"><\/span>Les avantages d\u2019une agence locale \u00e0 Strasbourg<span class=\"ez-toc-section-end\"><\/span><\/h2>\n<p>Pourquoi une agence marketing digital locale \u00e0 Strasbourg est-elle pr\u00e9f\u00e9rable \u00e0 une agence situ\u00e9e dans une autre ville ou pays ? Voici quelques avantages non n\u00e9gligeables :<\/p>\n<ul>\n<li><strong>Connaissance du march\u00e9 local<\/strong> : L\u2019agence comprend les habitudes des consommateurs strasbourgeois, ce qui permet d\u2019adapter la strat\u00e9gie marketing en fonction des sp\u00e9cificit\u00e9s locales.<\/li>\n<li><strong>R\u00e9activit\u00e9 et proximit\u00e9<\/strong> : Les \u00e9changes en personne sont plus faciles et plus efficaces. En cas de probl\u00e8me, vous pouvez organiser rapidement une r\u00e9union pour r\u00e9soudre les questions en suspens.<\/li>\n<li><strong>R\u00e9seau local<\/strong> : Une agence strasbourgeoise poss\u00e8de un r\u00e9seau de partenaires, d\u2019influenceurs et de m\u00e9dias locaux, ce qui peut \u00eatre un atout pour d\u00e9velopper votre activit\u00e9.<\/li>\n<\/ul>\n<h2><span class=\"ez-toc-section\" id=\"Tendances_a_suivre_dans_le_marketing_digital_a_Strasbourg_en_2023\"><\/span>Tendances \u00e0 suivre dans le marketing digital \u00e0 Strasbourg en 2023<span class=\"ez-toc-section-end\"><\/span><\/h2>\n<p>Le marketing digital \u00e9volue sans cesse, et il est crucial de se tenir inform\u00e9 des derni\u00e8res tendances. Voici quelques-unes des principales \u00e0 surveiller en 2023 \u00e0 Strasbourg :<\/p>\n<ul>\n<li><strong>Le SEO local<\/strong> continue de se d\u00e9velopper. Optimiser votre pr\u00e9sence dans les r\u00e9sultats locaux (cartes Google, Google My Business) est un incontournable.<\/li>\n<li><strong>Le marketing vid\u00e9o<\/strong> devient de plus en plus populaire. Les entreprises strasbourgeoises se tournent de plus en plus vers le contenu vid\u00e9o pour capter l&rsquo;attention de leurs clients.<\/li>\n<li><strong>Le marketing d&rsquo;influence local<\/strong> prend de l&rsquo;ampleur. Collaborer avec des influenceurs locaux peut \u00eatre un excellent moyen de toucher une nouvelle audience.<\/li>\n<\/ul>\n<h2><span class=\"ez-toc-section\" id=\"Agence_marketing_digital_Strasbourg_Un_investissement_rentable\"><\/span>Agence marketing digital Strasbourg : Un investissement rentable<span class=\"ez-toc-section-end\"><\/span><\/h2>\n<p>En r\u00e9sum\u00e9, une agence marketing digital \u00e0 Strasbourg peut \u00eatre un v\u00e9ritable levier de croissance pour votre entreprise. Elle saura vous guider dans l\u2019\u00e9laboration d\u2019une strat\u00e9gie digitale adapt\u00e9e \u00e0 vos besoins et \u00e0 votre march\u00e9 local, tout en vous aidant \u00e0 optimiser votre budget marketing. Laissez une \u00e9quipe d&rsquo;experts prendre en charge vos projets num\u00e9riques, et vous pourrez vous concentrer sur ce que vous faites le mieux : faire cro\u00eetre votre entreprise.<\/p>\n","protected":false},"excerpt":{"rendered":"<p>\u00c0 Strasbourg, votre entreprise a besoin d\u2019une agence marketing digital capable de convertir vos visiteurs en clients. Profitez de 17 ans d\u2019expertise en SEO, Google Ads et strat\u00e9gie web pour renforcer votre pr\u00e9sence en ligne, d\u00e9velopper votre notori\u00e9t\u00e9 et g\u00e9n\u00e9rer plus de prospects qualifi\u00e9s. Agence marketing digital Strasbourg : Boostez votre visibilit\u00e9 en ligne Si&#8230;<\/p>","protected":false},"author":1,"featured_media":252469,"parent":0,"menu_order":0,"comment_status":"closed","ping_status":"closed","template":"","meta":{"_lmt_disableupdate":"","_lmt_disable":"","_kad_post_transparent":"","_kad_post_title":"","_kad_post_layout":"","_kad_post_sidebar_id":"","_kad_post_content_style":"","_kad_post_vertical_padding":"","_kad_post_feature":"","_kad_post_feature_position":"","_kad_post_header":false,"_kad_post_footer":false,"_kad_post_classname":"","rank_math_title":"Agence marketing digital Strasbourg +17 ans d'exp\u00e9rience \ud83d\ude80","rank_math_description":"Une agence marketing digital \u00e0 Strasbourg vous aide \u00e0 am\u00e9liorer votre SEO \ud83d\ude80 Attirez + de clients \u2706 06 31 37 55 04","rank_math_focus_keyword":"Agence marketing digital Strasbourg","rank_math_canonical_url":"","rank_math_robots":"","footnotes":""},"class_list":["post-252198","page","type-page","status-publish","has-post-thumbnail","hentry"],"rank_math_description":"Une agence marketing digital \u00e0 Strasbourg vous aide \u00e0 am\u00e9liorer votre SEO \ud83d\ude80 Attirez + de clients \u2706 06 31 37 55 04","rank_math_title":"Agence marketing digital Strasbourg +17 ans d'exp\u00e9rience \ud83d\ude80","_links":{"self":[{"href":"https:\/\/www.joseperez.fr\/en\/wp-json\/wp\/v2\/pages\/252198","targetHints":{"allow":["GET"]}}],"collection":[{"href":"https:\/\/www.joseperez.fr\/en\/wp-json\/wp\/v2\/pages"}],"about":[{"href":"https:\/\/www.joseperez.fr\/en\/wp-json\/wp\/v2\/types\/page"}],"author":[{"embeddable":true,"href":"https:\/\/www.joseperez.fr\/en\/wp-json\/wp\/v2\/users\/1"}],"replies":[{"embeddable":true,"href":"https:\/\/www.joseperez.fr\/en\/wp-json\/wp\/v2\/comments?post=252198"}],"version-history":[{"count":12,"href":"https:\/\/www.joseperez.fr\/en\/wp-json\/wp\/v2\/pages\/252198\/revisions"}],"predecessor-version":[{"id":260561,"href":"https:\/\/www.joseperez.fr\/en\/wp-json\/wp\/v2\/pages\/252198\/revisions\/260561"}],"wp:featuredmedia":[{"embeddable":true,"href":"https:\/\/www.joseperez.fr\/en\/wp-json\/wp\/v2\/media\/252469"}],"wp:attachment":[{"href":"https:\/\/www.joseperez.fr\/en\/wp-json\/wp\/v2\/media?parent=252198"}],"curies":[{"name":"wp","href":"https:\/\/api.w.org\/{rel}","templated":true}]}}