{"id":252197,"date":"2025-01-28T22:50:39","date_gmt":"2025-01-28T21:50:39","guid":{"rendered":"https:\/\/www.joseperez.fr\/?page_id=252197"},"modified":"2026-02-21T16:49:14","modified_gmt":"2026-02-21T15:49:14","slug":"agence-marketing-digital-rennes","status":"publish","type":"page","link":"https:\/\/www.joseperez.fr\/en\/agence-marketing-digital-rennes\/","title":{"rendered":"Rennes digital marketing agency: develop local visibility and online customers"},"content":{"rendered":"<div class=\"grid w-full min-w-0 grid-cols-[minmax(0,1fr)]\" dir=\"ltr\" data-orientation=\"horizontal\">\n<div class=\"col-start-1 row-start-2\">\n<div id=\"radix-:r11j:-content-thread\" class=\"focus:outline-none\" role=\"tabpanel\" data-state=\"active\" data-orientation=\"horizontal\" aria-labelledby=\"radix-:r11j:-trigger-thread\">\n<div class=\"gap-y-md flex flex-col\">\n<div class=\"relative font-sans text-base text-foreground selection:bg-super\/50 selection:text-foreground dark:selection:bg-super\/10 dark:selection:text-super\">\n<div class=\"min-w-0 break-words [word-break:break-word]\">\n<div id=\"markdown-content-28\" class=\"gap-y-md after:clear-both after:block after:content-['']\" dir=\"auto\">\n<div class=\"has-inline-images my-2 first:mt-0 [&amp;:has([data-inline-type=image])+&amp;:has([data-inline-type=image])_[data-inline-type=image]]:hidden [&amp;:has(table)_[data-inline-type=image]]:hidden\">\n<div class=\"relative\">\n<div class=\"grid w-full min-w-0 grid-cols-[minmax(0,1fr)]\" dir=\"ltr\" data-orientation=\"horizontal\">\n<div class=\"col-start-1 row-start-2\">\n<div id=\"radix-:r7ua:-content-thread\" class=\"focus:outline-none\" role=\"tabpanel\" data-state=\"active\" data-orientation=\"horizontal\" aria-labelledby=\"radix-:r7ua:-trigger-thread\">\n<div class=\"gap-y-md flex flex-col\">\n<div class=\"relative font-sans text-base text-foreground selection:bg-super\/50 selection:text-foreground dark:selection:bg-super\/10 dark:selection:text-super bg-transparent\">\n<div class=\"min-w-0 break-words [word-break:break-word]\">\n<div id=\"markdown-content-36\" class=\"gap-y-md after:clear-both after:block after:content-['']\" dir=\"auto\">\n<div class=\"has-inline-images my-2 first:mt-0 [&amp;:has([data-inline-type=image])+&amp;:has([data-inline-type=image])_[data-inline-type=image]]:hidden [&amp;:has(table)_[data-inline-type=image]]:hidden\">\n<div class=\"relative\">\n<div class=\"prose dark:prose-invert inline leading-relaxed break-words min-w-0 [word-break:break-word] prose-strong:font-medium visRefresh2026Fonts:prose-strong:font-bold [&amp;_&gt;*:first-child]:mt-0 [&amp;_&gt;*:last-child]:mb-0\">\n<p class=\"my-2 [&amp;+p]:mt-4 [&amp;_strong:has(+br)]:inline-block [&amp;_strong:has(+br)]:pb-2\">\u00c0 Rennes, votre agence marketing digital doit d\u2019abord ma\u00eetriser le\u00a0<strong>r\u00e9f\u00e9rencement<\/strong>. Port\u00e9e par un consultant SEO freelance habitu\u00e9 aux enjeux locaux, votre strat\u00e9gie d\u00e9passe le simple \u00ab joli site \u00bb pour devenir un v\u00e9ritable levier d\u2019acquisition clients sur Google.<\/p>\n<\/div>\n<\/div>\n<\/div>\n<\/div>\n<\/div>\n<\/div>\n<\/div>\n<\/div>\n<\/div>\n<\/div>\n<\/div>\n<\/div>\n<\/div>\n<\/div>\n<\/div>\n<\/div>\n<\/div>\n<\/div>\n<\/div>\n<h2><span class=\"ez-toc-section\" id=\"Agence_marketing_digital_Rennes_Comment_booster_votre_visibilite_en_ligne\"><\/span>Agence marketing digital Rennes : Comment booster votre visibilit\u00e9 en ligne<span class=\"ez-toc-section-end\"><\/span><\/h2>\n<p>Dans un monde o\u00f9 la pr\u00e9sence en ligne est cruciale pour la r\u00e9ussite de toute entreprise, il est essentiel de choisir une bonne agence marketing digital pour vous accompagner dans votre strat\u00e9gie. Si vous \u00eates \u00e0 Rennes ou que vous souhaitez toucher une audience rennaise, vous vous demandez s\u00fbrement comment s\u00e9lectionner l&rsquo;agence id\u00e9ale qui saura r\u00e9pondre \u00e0 vos besoins sp\u00e9cifiques. Je vais vous expliquer en d\u00e9tail comment une agence marketing digital \u00e0 Rennes peut vous aider \u00e0 booster votre visibilit\u00e9 en ligne.<\/p>\n<h2><span class=\"ez-toc-section\" id=\"Les_meilleurs_consultants_SEO_a_Rennes\"><\/span>Les meilleurs consultants SEO \u00e0 Rennes<span class=\"ez-toc-section-end\"><\/span><\/h2>\n<table>\n<thead>\n<tr>\n<th>Consultant SEO<\/th>\n<th><\/th>\n<th>Expertises<\/th>\n<th>Site Web<\/th>\n<\/tr>\n<\/thead>\n<tbody>\n<tr>\n<td>Jos\u00e9 PEREZ<\/td>\n<td><\/td>\n<td>R\u00e9f\u00e9rencement naturel, SEO, Webmarketing<\/td>\n<td><a href=\"https:\/\/www.joseperez.fr\">Jos\u00e9 PEREZ<\/a><\/td>\n<\/tr>\n<tr>\n<td>Wedig<\/td>\n<td><\/td>\n<td>R\u00e9f\u00e9rencement naturel, SEO, Webmarketing<\/td>\n<td><a href=\"https:\/\/www.wedig.fr\/\" rel=\"nofollow noopener\" target=\"_blank\">Wedig<\/a><\/td>\n<\/tr>\n<tr>\n<td>Inodia<\/td>\n<td><\/td>\n<td>R\u00e9f\u00e9rencement naturel, SEO<\/td>\n<td><a href=\"https:\/\/www.inodia.fr\/agence-seo-rennes\/\" rel=\"nofollow noopener\" target=\"_blank\">Inodia<\/a><\/td>\n<\/tr>\n<tr>\n<td>Premi\u00e8re.Page<\/td>\n<td><\/td>\n<td>SEO, Strat\u00e9gie digitale, R\u00e9f\u00e9rencement naturel<\/td>\n<td><a href=\"https:\/\/premiere.page\/agence-seo-rennes\/\" rel=\"nofollow noopener\" target=\"_blank\">Premi\u00e8re.Page<\/a><\/td>\n<\/tr>\n<tr>\n<td>Jloo<\/td>\n<td><\/td>\n<td>R\u00e9f\u00e9rencement SEO, Strat\u00e9gie SEO<\/td>\n<td><a href=\"https:\/\/www.jloo.com\/agence-seo-rennes\/\" rel=\"nofollow noopener\" target=\"_blank\">Jloo<\/a><\/td>\n<\/tr>\n<\/tbody>\n<\/table>\n<p>Agence de marketing digital \u00e0 Rennes, nous travaillons avec les entreprises de Cesson-S\u00e9vign\u00e9, Saint-Gr\u00e9goire, Chantepie, Pac\u00e9 ou Saint-Jacques-de-la-Lande, en Ille-et-Vilaine.<\/p><div id=\"ez-toc-container\" class=\"ez-toc-v2_0_82_2 counter-hierarchy ez-toc-counter ez-toc-grey ez-toc-container-direction\">\n<div class=\"ez-toc-title-container\">\n<p class=\"ez-toc-title\" style=\"cursor:inherit\">Sommaire<\/p>\n<span class=\"ez-toc-title-toggle\"><a href=\"#\" class=\"ez-toc-pull-right ez-toc-btn ez-toc-btn-xs ez-toc-btn-default ez-toc-toggle\" aria-label=\"Toggle Table of Content\"><span class=\"ez-toc-js-icon-con\"><span class=\"\"><span class=\"eztoc-hide\" style=\"display:none;\">Toggle<\/span><span class=\"ez-toc-icon-toggle-span\"><svg style=\"fill: #999;color:#999\" xmlns=\"http:\/\/www.w3.org\/2000\/svg\" class=\"list-377408\" width=\"20px\" height=\"20px\" viewBox=\"0 0 24 24\" fill=\"none\"><path d=\"M6 6H4v2h2V6zm14 0H8v2h12V6zM4 11h2v2H4v-2zm16 0H8v2h12v-2zM4 16h2v2H4v-2zm16 0H8v2h12v-2z\" fill=\"currentColor\"><\/path><\/svg><svg style=\"fill: #999;color:#999\" class=\"arrow-unsorted-368013\" xmlns=\"http:\/\/www.w3.org\/2000\/svg\" width=\"10px\" height=\"10px\" viewBox=\"0 0 24 24\" version=\"1.2\" baseProfile=\"tiny\"><path d=\"M18.2 9.3l-6.2-6.3-6.2 6.3c-.2.2-.3.4-.3.7s.1.5.3.7c.2.2.4.3.7.3h11c.3 0 .5-.1.7-.3.2-.2.3-.5.3-.7s-.1-.5-.3-.7zM5.8 14.7l6.2 6.3 6.2-6.3c.2-.2.3-.5.3-.7s-.1-.5-.3-.7c-.2-.2-.4-.3-.7-.3h-11c-.3 0-.5.1-.7.3-.2.2-.3.5-.3.7s.1.5.3.7z\"\/><\/svg><\/span><\/span><\/span><\/a><\/span><\/div>\n<nav><ul class='ez-toc-list ez-toc-list-level-1 eztoc-toggle-hide-by-default' ><li class='ez-toc-page-1 ez-toc-heading-level-2'><a class=\"ez-toc-link ez-toc-heading-1\" href=\"https:\/\/www.joseperez.fr\/en\/agence-marketing-digital-rennes\/#Agence_marketing_digital_Rennes_Comment_booster_votre_visibilite_en_ligne\" >Agence marketing digital Rennes : Comment booster votre visibilit\u00e9 en ligne<\/a><\/li><li class='ez-toc-page-1 ez-toc-heading-level-2'><a class=\"ez-toc-link ez-toc-heading-2\" href=\"https:\/\/www.joseperez.fr\/en\/agence-marketing-digital-rennes\/#Les_meilleurs_consultants_SEO_a_Rennes\" >Les meilleurs consultants SEO \u00e0 Rennes<\/a><\/li><li class='ez-toc-page-1 ez-toc-heading-level-2'><a class=\"ez-toc-link ez-toc-heading-3\" href=\"https:\/\/www.joseperez.fr\/en\/agence-marketing-digital-rennes\/#Pourquoi_choisir_une_agence_marketing_digital_a_Rennes\" >Pourquoi choisir une agence marketing digital \u00e0 Rennes ?<\/a><\/li><li class='ez-toc-page-1 ez-toc-heading-level-2'><a class=\"ez-toc-link ez-toc-heading-4\" href=\"https:\/\/www.joseperez.fr\/en\/agence-marketing-digital-rennes\/#Les_services_proposes_par_une_agence_marketing_digital_a_Rennes\" >Les services propos\u00e9s par une agence marketing digital \u00e0 Rennes<\/a><\/li><li class='ez-toc-page-1 ez-toc-heading-level-2'><a class=\"ez-toc-link ez-toc-heading-5\" href=\"https:\/\/www.joseperez.fr\/en\/agence-marketing-digital-rennes\/#Comment_choisir_la_meilleure_agence_marketing_digital_a_Rennes\" >Comment choisir la meilleure agence marketing digital \u00e0 Rennes ?<\/a><\/li><li class='ez-toc-page-1 ez-toc-heading-level-2'><a class=\"ez-toc-link ez-toc-heading-6\" href=\"https:\/\/www.joseperez.fr\/en\/agence-marketing-digital-rennes\/#Les_avantages_dune_agence_marketing_digital_locale_a_Rennes\" >Les avantages d\u2019une agence marketing digital locale \u00e0 Rennes<\/a><\/li><li class='ez-toc-page-1 ez-toc-heading-level-2'><a class=\"ez-toc-link ez-toc-heading-7\" href=\"https:\/\/www.joseperez.fr\/en\/agence-marketing-digital-rennes\/#Les_tendances_du_marketing_digital_a_Rennes_en_2023\" >Les tendances du marketing digital \u00e0 Rennes en 2023<\/a><ul class='ez-toc-list-level-3' ><li class='ez-toc-heading-level-3'><a class=\"ez-toc-link ez-toc-heading-8\" href=\"https:\/\/www.joseperez.fr\/en\/agence-marketing-digital-rennes\/#Pourquoi_une_agence_marketing_digital_a_Rennes_est_un_investissement_rentable\" >Pourquoi une agence marketing digital \u00e0 Rennes est un investissement rentable ?<\/a><\/li><\/ul><\/li><\/ul><\/nav><\/div>\n\n<h2><span class=\"ez-toc-section\" id=\"Pourquoi_choisir_une_agence_marketing_digital_a_Rennes\"><\/span>Pourquoi choisir une agence marketing digital \u00e0 Rennes ?<span class=\"ez-toc-section-end\"><\/span><\/h2>\n<p>Choisir une agence locale comme celles de Rennes pr\u00e9sente plusieurs avantages, non seulement sur le plan pratique, mais aussi sur le plan strat\u00e9gique. D&rsquo;abord, travailler avec une agence situ\u00e9e \u00e0 Rennes vous permet de b\u00e9n\u00e9ficier de la <strong>proximit\u00e9 g\u00e9ographique<\/strong>. Vous pourrez ainsi organiser des r\u00e9unions physiques, \u00e9changer facilement, et surtout profiter d&rsquo;une meilleure compr\u00e9hension des dynamiques locales. En effet, une agence qui conna\u00eet bien le march\u00e9 rennais sera plus \u00e0 m\u00eame de comprendre les attentes de vos clients cibles dans cette r\u00e9gion.<\/p>\n<p>Ensuite, en collaborant avec une agence locale, vous acc\u00e9dez \u00e0 des experts qui ma\u00eetrisent parfaitement les sp\u00e9cificit\u00e9s culturelles et commerciales de Rennes, un atout non n\u00e9gligeable pour d\u00e9velopper une strat\u00e9gie digitale r\u00e9ellement efficace. De plus, vous serez plus serein quant \u00e0 la r\u00e9activit\u00e9 de l&rsquo;agence, qui pourra ajuster rapidement ses strat\u00e9gies en fonction de l\u2019\u00e9volution de vos besoins.<\/p>\n<h2><span class=\"ez-toc-section\" id=\"Les_services_proposes_par_une_agence_marketing_digital_a_Rennes\"><\/span>Les services propos\u00e9s par une agence marketing digital \u00e0 Rennes<span class=\"ez-toc-section-end\"><\/span><\/h2>\n<p>Une agence marketing digital \u00e0 Rennes propose g\u00e9n\u00e9ralement une large gamme de services pour accompagner votre entreprise sur tous les aspects du marketing digital. Parmi les services incontournables, il y a :<\/p>\n<ul>\n<li><strong>Le SEO (R\u00e9f\u00e9rencement Naturel)<\/strong> : Ce service est essentiel pour que votre site soit visible sur Google. Une agence exp\u00e9riment\u00e9e vous aidera \u00e0 optimiser votre site web pour qu&rsquo;il se classe mieux dans les r\u00e9sultats de recherche, notamment gr\u00e2ce \u00e0 une <strong>strat\u00e9gie de SEO local<\/strong>. Cela permet de capter l&rsquo;attention des utilisateurs bas\u00e9s \u00e0 Rennes ou dans ses environs, augmentant ainsi vos chances de conversion.<\/li>\n<li><strong>Le PPC (Publicit\u00e9 en ligne)<\/strong> : Avec des campagnes sur Google Ads, Facebook Ads, ou d&rsquo;autres plateformes, vous pouvez cibler de mani\u00e8re pr\u00e9cise les utilisateurs en fonction de leur localisation g\u00e9ographique, de leurs int\u00e9r\u00eats, ou de leur comportement d&rsquo;achat. C&rsquo;est un moyen efficace pour attirer rapidement des prospects qualifi\u00e9s.<\/li>\n<li><strong>Le Content Marketing<\/strong> : Le marketing de contenu est un autre pilier important d\u2019une strat\u00e9gie digitale r\u00e9ussie. Une agence de marketing digital saura vous conseiller sur le type de contenu \u00e0 produire, qu&rsquo;il s&rsquo;agisse de blogs, de vid\u00e9os, ou d&rsquo;infographies. L\u2019objectif est d\u2019attirer votre audience, tout en am\u00e9liorant votre SEO.<\/li>\n<li><strong>Le Social Media Marketing<\/strong> : G\u00e9rer vos comptes sur les r\u00e9seaux sociaux comme Facebook, Instagram, LinkedIn ou Twitter est indispensable pour maintenir une relation r\u00e9guli\u00e8re avec vos clients et attirer de nouveaux prospects. Une agence \u00e0 Rennes saura cr\u00e9er des strat\u00e9gies sur-mesure pour d\u00e9velopper votre communaut\u00e9 et renforcer votre image de marque.<\/li>\n<li><strong>Cr\u00e9ation de sites web<\/strong> : De plus en plus d&rsquo;entreprises font appel \u00e0 des agences pour la conception de leur site internet. Une agence sp\u00e9cialis\u00e9e saura cr\u00e9er un site fluide, optimis\u00e9 pour les mobiles, rapide et efficace, afin de maximiser vos conversions.<\/li>\n<li><strong>Email Marketing<\/strong> : L\u2019emailing est toujours une technique performante pour toucher vos clients de mani\u00e8re personnalis\u00e9e. Gr\u00e2ce \u00e0 une agence de marketing digital \u00e0 Rennes, vous pourrez mettre en place des campagnes d&#8217;emailing efficaces qui boosteront vos ventes et fid\u00e9liseront vos clients.<\/li>\n<\/ul>\n<h2><span class=\"ez-toc-section\" id=\"Comment_choisir_la_meilleure_agence_marketing_digital_a_Rennes\"><\/span>Comment choisir la meilleure agence marketing digital \u00e0 Rennes ?<span class=\"ez-toc-section-end\"><\/span><\/h2>\n<p>Choisir une agence de marketing digital peut \u00eatre une d\u00e9cision difficile, mais il y a quelques crit\u00e8res cl\u00e9s \u00e0 prendre en compte. Tout d&rsquo;abord, vous devez vous assurer que l&rsquo;agence poss\u00e8de l&rsquo;expertise n\u00e9cessaire dans le domaine qui vous int\u00e9resse, que ce soit le <strong>SEO<\/strong>, le <strong>PPC<\/strong>, la <strong>cr\u00e9ation de contenu<\/strong> ou autre. Une agence sp\u00e9cialis\u00e9e dans votre secteur d&rsquo;activit\u00e9 sera plus \u00e0 m\u00eame de r\u00e9pondre \u00e0 vos besoins pr\u00e9cis.<\/p>\n<p>Ensuite, n\u2019h\u00e9sitez pas \u00e0 consulter le <strong>portefeuille de l\u2019agence<\/strong>. V\u00e9rifiez ses r\u00e9alisations pass\u00e9es, les r\u00e9sultats obtenus et les t\u00e9moignages de ses clients. Cela vous donnera une id\u00e9e claire de l\u2019exp\u00e9rience de l\u2019agence et de son efficacit\u00e9 \u00e0 d\u00e9livrer des r\u00e9sultats concrets.<\/p>\n<p>N\u2019oubliez pas non plus de prendre en compte la <strong>relation client<\/strong>. Une bonne agence doit \u00eatre capable de comprendre vos besoins, de vous offrir des solutions adapt\u00e9es et de vous accompagner de mani\u00e8re transparente tout au long de la collaboration.<\/p>\n<h2><span class=\"ez-toc-section\" id=\"Les_avantages_dune_agence_marketing_digital_locale_a_Rennes\"><\/span>Les avantages d\u2019une agence marketing digital locale \u00e0 Rennes<span class=\"ez-toc-section-end\"><\/span><\/h2>\n<p>Une agence marketing digital locale comme celles de Rennes offre de nombreux avantages. Par exemple, elle conna\u00eet mieux les tendances locales, les attentes des consommateurs rennais, et peut facilement ajuster ses strat\u00e9gies pour \u00eatre plus proche de votre public cible.<\/p>\n<p>De plus, en choisissant une agence locale, vous pourrez profiter de <strong>partenariats et de collaborations locales<\/strong>. Par exemple, vous pourrez participer \u00e0 des \u00e9v\u00e9nements, des salons ou des rencontres professionnelles, ce qui peut renforcer votre visibilit\u00e9 locale. Une agence \u00e0 Rennes pourra vous mettre en relation avec d\u2019autres entreprises et vous aider \u00e0 d\u00e9velopper un r\u00e9seau local solide.<\/p>\n<h2><span class=\"ez-toc-section\" id=\"Les_tendances_du_marketing_digital_a_Rennes_en_2023\"><\/span>Les tendances du marketing digital \u00e0 Rennes en 2023<span class=\"ez-toc-section-end\"><\/span><\/h2>\n<p>Rennes, comme beaucoup de villes en France, suit des tendances marqu\u00e9es dans le marketing digital. Parmi les plus importantes, on trouve l&rsquo;importance du <strong>SEO local<\/strong>, qui permet aux entreprises de se positionner sur des requ\u00eates g\u00e9olocalis\u00e9es, et de capter ainsi l\u2019attention des internautes vivant \u00e0 Rennes ou dans les environs.<\/p>\n<p>Les <strong>contenus vid\u00e9o<\/strong> connaissent \u00e9galement un essor consid\u00e9rable, et de nombreuses entreprises utilisent d\u00e9sormais la vid\u00e9o pour engager leur public, que ce soit sur les r\u00e9seaux sociaux ou sur leur site internet.<\/p>\n<p>Le <strong>marketing d&rsquo;influence local<\/strong> est aussi une tendance croissante, avec de plus en plus d\u2019entreprises rennaises collaborant avec des influenceurs locaux pour renforcer leur notori\u00e9t\u00e9.<\/p>\n<p>Enfin, l&rsquo;<strong>omnicanal<\/strong> reste au c\u0153ur des strat\u00e9gies marketing : il est d\u00e9sormais indispensable de combiner les diff\u00e9rents canaux de communication (site web, r\u00e9seaux sociaux, email, etc.) pour cr\u00e9er une exp\u00e9rience client fluide et coh\u00e9rente.<\/p>\n<h3><span class=\"ez-toc-section\" id=\"Pourquoi_une_agence_marketing_digital_a_Rennes_est_un_investissement_rentable\"><\/span>Pourquoi une agence marketing digital \u00e0 Rennes est un investissement rentable ?<span class=\"ez-toc-section-end\"><\/span><\/h3>\n<p>Faire appel \u00e0 une agence marketing digital \u00e0 Rennes, c\u2019est un <strong>investissement strat\u00e9gique<\/strong> qui peut vous apporter de nombreux b\u00e9n\u00e9fices. En choisissant une agence locale, vous misez sur une expertise adapt\u00e9e \u00e0 vos besoins sp\u00e9cifiques et \u00e0 votre environnement local. Gr\u00e2ce \u00e0 ses services, vous pourrez am\u00e9liorer votre visibilit\u00e9, attirer plus de prospects et fid\u00e9liser vos clients de mani\u00e8re plus efficace.<\/p>\n","protected":false},"excerpt":{"rendered":"<p>\u00c0 Rennes, votre agence marketing digital doit d\u2019abord ma\u00eetriser le\u00a0r\u00e9f\u00e9rencement. Port\u00e9e par un consultant SEO freelance habitu\u00e9 aux enjeux locaux, votre strat\u00e9gie d\u00e9passe le simple \u00ab joli site \u00bb pour devenir un v\u00e9ritable levier d\u2019acquisition clients sur Google. Agence marketing digital Rennes : Comment booster votre visibilit\u00e9 en ligne Dans un monde o\u00f9 la pr\u00e9sence&#8230;<\/p>","protected":false},"author":1,"featured_media":252471,"parent":0,"menu_order":0,"comment_status":"closed","ping_status":"closed","template":"","meta":{"_lmt_disableupdate":"","_lmt_disable":"","_kad_post_transparent":"","_kad_post_title":"","_kad_post_layout":"","_kad_post_sidebar_id":"","_kad_post_content_style":"","_kad_post_vertical_padding":"","_kad_post_feature":"","_kad_post_feature_position":"","_kad_post_header":false,"_kad_post_footer":false,"_kad_post_classname":"","rank_math_title":"Agence marketing digital Rennes +17 ans d'exp\u00e9rience \ud83d\ude80","rank_math_description":"Boostez votre visibilit\u00e9 avec une agence \u00e0 Rennes. SEO, PPC pour atteindre vos objectifs \u2706 06 31 37 55 04","rank_math_focus_keyword":"Agence marketing digital Rennes","rank_math_canonical_url":"","rank_math_robots":"","footnotes":""},"class_list":["post-252197","page","type-page","status-publish","has-post-thumbnail","hentry"],"rank_math_description":"Boostez votre visibilit\u00e9 avec une agence \u00e0 Rennes. SEO, PPC pour atteindre vos objectifs \u2706 06 31 37 55 04","rank_math_title":"Agence marketing digital Rennes +17 ans d'exp\u00e9rience \ud83d\ude80","_links":{"self":[{"href":"https:\/\/www.joseperez.fr\/en\/wp-json\/wp\/v2\/pages\/252197","targetHints":{"allow":["GET"]}}],"collection":[{"href":"https:\/\/www.joseperez.fr\/en\/wp-json\/wp\/v2\/pages"}],"about":[{"href":"https:\/\/www.joseperez.fr\/en\/wp-json\/wp\/v2\/types\/page"}],"author":[{"embeddable":true,"href":"https:\/\/www.joseperez.fr\/en\/wp-json\/wp\/v2\/users\/1"}],"replies":[{"embeddable":true,"href":"https:\/\/www.joseperez.fr\/en\/wp-json\/wp\/v2\/comments?post=252197"}],"version-history":[{"count":14,"href":"https:\/\/www.joseperez.fr\/en\/wp-json\/wp\/v2\/pages\/252197\/revisions"}],"predecessor-version":[{"id":260560,"href":"https:\/\/www.joseperez.fr\/en\/wp-json\/wp\/v2\/pages\/252197\/revisions\/260560"}],"wp:featuredmedia":[{"embeddable":true,"href":"https:\/\/www.joseperez.fr\/en\/wp-json\/wp\/v2\/media\/252471"}],"wp:attachment":[{"href":"https:\/\/www.joseperez.fr\/en\/wp-json\/wp\/v2\/media?parent=252197"}],"curies":[{"name":"wp","href":"https:\/\/api.w.org\/{rel}","templated":true}]}}