{"id":252196,"date":"2025-01-28T22:52:04","date_gmt":"2025-01-28T21:52:04","guid":{"rendered":"https:\/\/www.joseperez.fr\/?page_id=252196"},"modified":"2026-02-22T20:52:55","modified_gmt":"2026-02-22T19:52:55","slug":"agence-marketing-digital-angers","status":"publish","type":"page","link":"https:\/\/www.joseperez.fr\/en\/agence-marketing-digital-angers\/","title":{"rendered":"Angers digital marketing agency: increase local visibility and online sales"},"content":{"rendered":"<div class=\"grid w-full min-w-0 grid-cols-[minmax(0,1fr)]\" dir=\"ltr\" data-orientation=\"horizontal\">\n<div class=\"col-start-1 row-start-2\">\n<div id=\"radix-:rum:-content-thread\" class=\"focus:outline-none\" role=\"tabpanel\" data-state=\"active\" data-orientation=\"horizontal\" aria-labelledby=\"radix-:rum:-trigger-thread\">\n<div class=\"gap-y-md flex flex-col\">\n<div class=\"relative font-sans text-base text-foreground selection:bg-super\/50 selection:text-foreground dark:selection:bg-super\/10 dark:selection:text-super\">\n<div class=\"min-w-0 break-words [word-break:break-word]\">\n<div id=\"markdown-content-27\" class=\"gap-y-md after:clear-both after:block after:content-['']\" dir=\"auto\">\n<div class=\"has-inline-images my-2 first:mt-0 [&amp;:has([data-inline-type=image])+&amp;:has([data-inline-type=image])_[data-inline-type=image]]:hidden [&amp;:has(table)_[data-inline-type=image]]:hidden\">\n<div class=\"relative\">\n<p class=\"my-2 [&amp;+p]:mt-4 [&amp;_strong:has(+br)]:inline-block [&amp;_strong:has(+br)]:pb-2\">Votre entreprise \u00e0 <strong>Angers<\/strong>\u00a0souhaite gagner en visibilit\u00e9 sur le web et attirer davantage de clients locaux\u202f? Confiez votre croissance en ligne \u00e0 une agence marketing digital experte en SEO, Google Ads et e\u2011commerce, et transformez votre site en v\u00e9ritable levier de business.<\/p>\n<\/div>\n<\/div>\n<\/div>\n<\/div>\n<\/div>\n<div class=\"flex items-center justify-between\">\n<div class=\"-ml-sm gap-xs flex flex-shrink-0 items-center\">\n<div class=\"rounded-full\"><\/div>\n<\/div>\n<\/div>\n<\/div>\n<\/div>\n<\/div>\n<\/div>\n<h2><span class=\"ez-toc-section\" id=\"Agence_marketing_digital_Angers_Trouvez_lexpert_pour_transformer_votre_strategie_en_ligne\"><\/span>Agence marketing digital Angers : Trouvez l&rsquo;expert pour transformer votre strat\u00e9gie en ligne<span class=\"ez-toc-section-end\"><\/span><\/h2>\n<p>\u00c0 Angers, comme ailleurs, l&rsquo;univers du marketing digital devient de plus en plus complexe, et il n&rsquo;est pas toujours \u00e9vident de s&rsquo;y retrouver seul. Si vous \u00eates \u00e0 la t\u00eate d&rsquo;une entreprise ou d&rsquo;une boutique en ligne dans cette r\u00e9gion, vous avez probablement d\u00e9j\u00e0 envisag\u00e9 de faire appel \u00e0 une agence de marketing digital. Mais pourquoi choisir une agence locale \u00e0 Angers ? Et surtout, comment \u00eatre s\u00fbr de faire le bon choix ? Je vais vous expliquer en d\u00e9tail tout ce que vous devez savoir pour trouver l&rsquo;agence marketing digital qui r\u00e9pondra \u00e0 vos besoins et objectifs.<\/p>\n<h2><span class=\"ez-toc-section\" id=\"Les_meilleures_agences_de_marketing_digital_a_Angers\"><\/span>Les meilleures agences de marketing digital \u00e0 Angers<span class=\"ez-toc-section-end\"><\/span><\/h2>\n<table>\n<thead>\n<tr>\n<th>Agence<\/th>\n<th><\/th>\n<th>Expertises<\/th>\n<th>Site Web<\/th>\n<\/tr>\n<\/thead>\n<tbody>\n<tr>\n<td>Jos\u00e9 PEREZ<\/td>\n<td><\/td>\n<td>SEO, SEA, Social Media, Cr\u00e9ation de site web, Strat\u00e9gie digitale<\/td>\n<td><a href=\"https:\/\/www.joseperez.fr\">Jos\u00e9 PEREZ<\/a><\/td>\n<\/tr>\n<tr>\n<td>Webnovateur<\/td>\n<td><\/td>\n<td>SEO, Webdesign, Cr\u00e9ation de site web<\/td>\n<td><a href=\"https:\/\/www.webnovateur.fr\/\" rel=\"nofollow noopener\" target=\"_blank\">Webnovateur<\/a><\/td>\n<\/tr>\n<tr>\n<td>Kelcible<\/td>\n<td><\/td>\n<td>SEO, SEA, Webmarketing, Social Media, Cr\u00e9ation de site web<\/td>\n<td><a href=\"https:\/\/www.kelcible.fr\/\" rel=\"nofollow noopener\" target=\"_blank\">Kelcible<\/a><\/td>\n<\/tr>\n<tr>\n<td>Atelier Asap<\/td>\n<td><\/td>\n<td>Communication, R\u00e9f\u00e9rencement, \u00c9v\u00e9nementiel, Cr\u00e9ation de site web<\/td>\n<td><a href=\"https:\/\/www.atelier-asap.com\/\" rel=\"nofollow noopener\" target=\"_blank\">Atelier Asap<\/a><\/td>\n<\/tr>\n<tr>\n<td>Venise Activation<\/td>\n<td><\/td>\n<td>Cr\u00e9ation de site web, Marketing digital<\/td>\n<td><a href=\"https:\/\/www.venise-activation.fr\/\" rel=\"nofollow noopener\" target=\"_blank\">Venise Activation<\/a><\/td>\n<\/tr>\n<\/tbody>\n<\/table>\n<p>Notre agence marketing digital \u00e0 Angers collabore aussi avec les entreprises de Tr\u00e9laz\u00e9, Avrill\u00e9, Les Ponts-de-C\u00e9, Beaucouz\u00e9 ou Bouchemaine, dans le Maine-et-Loire.<\/p><div id=\"ez-toc-container\" class=\"ez-toc-v2_0_82_2 counter-hierarchy ez-toc-counter ez-toc-grey ez-toc-container-direction\">\n<div class=\"ez-toc-title-container\">\n<p class=\"ez-toc-title\" style=\"cursor:inherit\">Sommaire<\/p>\n<span class=\"ez-toc-title-toggle\"><a href=\"#\" class=\"ez-toc-pull-right ez-toc-btn ez-toc-btn-xs ez-toc-btn-default ez-toc-toggle\" aria-label=\"Toggle Table of Content\"><span class=\"ez-toc-js-icon-con\"><span class=\"\"><span class=\"eztoc-hide\" style=\"display:none;\">Toggle<\/span><span class=\"ez-toc-icon-toggle-span\"><svg style=\"fill: #999;color:#999\" xmlns=\"http:\/\/www.w3.org\/2000\/svg\" class=\"list-377408\" width=\"20px\" height=\"20px\" viewBox=\"0 0 24 24\" fill=\"none\"><path d=\"M6 6H4v2h2V6zm14 0H8v2h12V6zM4 11h2v2H4v-2zm16 0H8v2h12v-2zM4 16h2v2H4v-2zm16 0H8v2h12v-2z\" fill=\"currentColor\"><\/path><\/svg><svg style=\"fill: #999;color:#999\" class=\"arrow-unsorted-368013\" xmlns=\"http:\/\/www.w3.org\/2000\/svg\" width=\"10px\" height=\"10px\" viewBox=\"0 0 24 24\" version=\"1.2\" baseProfile=\"tiny\"><path d=\"M18.2 9.3l-6.2-6.3-6.2 6.3c-.2.2-.3.4-.3.7s.1.5.3.7c.2.2.4.3.7.3h11c.3 0 .5-.1.7-.3.2-.2.3-.5.3-.7s-.1-.5-.3-.7zM5.8 14.7l6.2 6.3 6.2-6.3c.2-.2.3-.5.3-.7s-.1-.5-.3-.7c-.2-.2-.4-.3-.7-.3h-11c-.3 0-.5.1-.7.3-.2.2-.3.5-.3.7s.1.5.3.7z\"\/><\/svg><\/span><\/span><\/span><\/a><\/span><\/div>\n<nav><ul class='ez-toc-list ez-toc-list-level-1 eztoc-toggle-hide-by-default' ><li class='ez-toc-page-1 ez-toc-heading-level-2'><a class=\"ez-toc-link ez-toc-heading-1\" href=\"https:\/\/www.joseperez.fr\/en\/agence-marketing-digital-angers\/#Agence_marketing_digital_Angers_Trouvez_lexpert_pour_transformer_votre_strategie_en_ligne\" >Agence marketing digital Angers : Trouvez l&rsquo;expert pour transformer votre strat\u00e9gie en ligne<\/a><\/li><li class='ez-toc-page-1 ez-toc-heading-level-2'><a class=\"ez-toc-link ez-toc-heading-2\" href=\"https:\/\/www.joseperez.fr\/en\/agence-marketing-digital-angers\/#Les_meilleures_agences_de_marketing_digital_a_Angers\" >Les meilleures agences de marketing digital \u00e0 Angers<\/a><\/li><li class='ez-toc-page-1 ez-toc-heading-level-2'><a class=\"ez-toc-link ez-toc-heading-3\" href=\"https:\/\/www.joseperez.fr\/en\/agence-marketing-digital-angers\/#Pourquoi_faire_appel_a_une_agence_marketing_digital_a_Angers\" >Pourquoi faire appel \u00e0 une agence marketing digital \u00e0 Angers ?<\/a><ul class='ez-toc-list-level-3' ><li class='ez-toc-heading-level-3'><a class=\"ez-toc-link ez-toc-heading-4\" href=\"https:\/\/www.joseperez.fr\/en\/agence-marketing-digital-angers\/#Une_expertise_locale_adaptee_a_votre_marche\" >Une expertise locale adapt\u00e9e \u00e0 votre march\u00e9<\/a><\/li><li class='ez-toc-page-1 ez-toc-heading-level-3'><a class=\"ez-toc-link ez-toc-heading-5\" href=\"https:\/\/www.joseperez.fr\/en\/agence-marketing-digital-angers\/#Des_services_personnalises_et_sur-mesure\" >Des services personnalis\u00e9s et sur-mesure<\/a><\/li><\/ul><\/li><li class='ez-toc-page-1 ez-toc-heading-level-2'><a class=\"ez-toc-link ez-toc-heading-6\" href=\"https:\/\/www.joseperez.fr\/en\/agence-marketing-digital-angers\/#Les_services_cles_dune_agence_marketing_digital_a_Angers\" >Les services cl\u00e9s d\u2019une agence marketing digital \u00e0 Angers<\/a><ul class='ez-toc-list-level-3' ><li class='ez-toc-heading-level-3'><a class=\"ez-toc-link ez-toc-heading-7\" href=\"https:\/\/www.joseperez.fr\/en\/agence-marketing-digital-angers\/#Referencement_naturel_SEO\" >R\u00e9f\u00e9rencement naturel (SEO)<\/a><\/li><li class='ez-toc-page-1 ez-toc-heading-level-3'><a class=\"ez-toc-link ez-toc-heading-8\" href=\"https:\/\/www.joseperez.fr\/en\/agence-marketing-digital-angers\/#Publicite_payante_Google_Ads_Facebook_Ads_etc\" >Publicit\u00e9 payante (Google Ads, Facebook Ads, etc.)<\/a><\/li><li class='ez-toc-page-1 ez-toc-heading-level-3'><a class=\"ez-toc-link ez-toc-heading-9\" href=\"https:\/\/www.joseperez.fr\/en\/agence-marketing-digital-angers\/#Creation_et_gestion_de_sites_web\" >Cr\u00e9ation et gestion de sites web<\/a><\/li><li class='ez-toc-page-1 ez-toc-heading-level-3'><a class=\"ez-toc-link ez-toc-heading-10\" href=\"https:\/\/www.joseperez.fr\/en\/agence-marketing-digital-angers\/#Community_Management_et_Reseaux_Sociaux\" >Community Management et R\u00e9seaux Sociaux<\/a><\/li><li class='ez-toc-page-1 ez-toc-heading-level-3'><a class=\"ez-toc-link ez-toc-heading-11\" href=\"https:\/\/www.joseperez.fr\/en\/agence-marketing-digital-angers\/#Email_Marketing\" >Email Marketing<\/a><\/li><\/ul><\/li><li class='ez-toc-page-1 ez-toc-heading-level-2'><a class=\"ez-toc-link ez-toc-heading-12\" href=\"https:\/\/www.joseperez.fr\/en\/agence-marketing-digital-angers\/#Comment_choisir_la_meilleure_agence_marketing_digital_a_Angers\" >Comment choisir la meilleure agence marketing digital \u00e0 Angers ?<\/a><ul class='ez-toc-list-level-3' ><li class='ez-toc-heading-level-3'><a class=\"ez-toc-link ez-toc-heading-13\" href=\"https:\/\/www.joseperez.fr\/en\/agence-marketing-digital-angers\/#Verifiez_leur_experience_et_portfolio\" >V\u00e9rifiez leur exp\u00e9rience et portfolio<\/a><\/li><li class='ez-toc-page-1 ez-toc-heading-level-3'><a class=\"ez-toc-link ez-toc-heading-14\" href=\"https:\/\/www.joseperez.fr\/en\/agence-marketing-digital-angers\/#Rencontrez_les_equipes\" >Rencontrez les \u00e9quipes<\/a><\/li><li class='ez-toc-page-1 ez-toc-heading-level-3'><a class=\"ez-toc-link ez-toc-heading-15\" href=\"https:\/\/www.joseperez.fr\/en\/agence-marketing-digital-angers\/#Les_avis_clients_et_temoignages\" >Les avis clients et t\u00e9moignages<\/a><\/li><li class='ez-toc-page-1 ez-toc-heading-level-3'><a class=\"ez-toc-link ez-toc-heading-16\" href=\"https:\/\/www.joseperez.fr\/en\/agence-marketing-digital-angers\/#La_transparence_des_prix\" >La transparence des prix<\/a><\/li><\/ul><\/li><li class='ez-toc-page-1 ez-toc-heading-level-2'><a class=\"ez-toc-link ez-toc-heading-17\" href=\"https:\/\/www.joseperez.fr\/en\/agence-marketing-digital-angers\/#Les_avantages_dune_agence_marketing_digital_a_Angers\" >Les avantages d\u2019une agence marketing digital \u00e0 Angers<\/a><ul class='ez-toc-list-level-3' ><li class='ez-toc-heading-level-3'><a class=\"ez-toc-link ez-toc-heading-18\" href=\"https:\/\/www.joseperez.fr\/en\/agence-marketing-digital-angers\/#Strategies_adaptees_aux_specificites_du_marche_local\" >Strat\u00e9gies adapt\u00e9es aux sp\u00e9cificit\u00e9s du march\u00e9 local<\/a><\/li><li class='ez-toc-page-1 ez-toc-heading-level-3'><a class=\"ez-toc-link ez-toc-heading-19\" href=\"https:\/\/www.joseperez.fr\/en\/agence-marketing-digital-angers\/#Gain_de_temps_et_defficacite\" >Gain de temps et d\u2019efficacit\u00e9<\/a><\/li><li class='ez-toc-page-1 ez-toc-heading-level-3'><a class=\"ez-toc-link ez-toc-heading-20\" href=\"https:\/\/www.joseperez.fr\/en\/agence-marketing-digital-angers\/#Mesure_des_resultats\" >Mesure des r\u00e9sultats<\/a><\/li><\/ul><\/li><\/ul><\/nav><\/div>\n\n<h2><span class=\"ez-toc-section\" id=\"Pourquoi_faire_appel_a_une_agence_marketing_digital_a_Angers\"><\/span>Pourquoi faire appel \u00e0 une agence marketing digital \u00e0 Angers ?<span class=\"ez-toc-section-end\"><\/span><\/h2>\n<p>Lorsque l\u2019on parle de marketing digital, il ne s\u2019agit pas seulement de comprendre le SEO ou les publicit\u00e9s Facebook, c&rsquo;est bien plus que \u00e7a. L\u2019objectif principal d\u2019une agence sp\u00e9cialis\u00e9e est de vous aider \u00e0 atteindre vos prospects et clients en ligne de mani\u00e8re cibl\u00e9e et efficace.<\/p>\n<h3><span class=\"ez-toc-section\" id=\"Une_expertise_locale_adaptee_a_votre_marche\"><\/span>Une expertise locale adapt\u00e9e \u00e0 votre march\u00e9<span class=\"ez-toc-section-end\"><\/span><\/h3>\n<p>En travaillant avec une agence marketing digital \u00e0 Angers, vous b\u00e9n\u00e9ficiez d\u2019une expertise locale, ce qui peut faire une grande diff\u00e9rence. Les agences locales connaissent mieux le comportement des consommateurs de la r\u00e9gion, ainsi que les particularit\u00e9s du march\u00e9 angevin. C\u2019est un atout pr\u00e9cieux, car elles peuvent adapter vos strat\u00e9gies de communication et de visibilit\u00e9 pour r\u00e9pondre pr\u00e9cis\u00e9ment aux attentes de vos prospects, qu&rsquo;ils soient \u00e0 Angers m\u00eame ou dans ses alentours.<\/p>\n<h3><span class=\"ez-toc-section\" id=\"Des_services_personnalises_et_sur-mesure\"><\/span>Des services personnalis\u00e9s et sur-mesure<span class=\"ez-toc-section-end\"><\/span><\/h3>\n<p>Une agence marketing digital \u00e0 Angers ne se contente pas de vous donner une strat\u00e9gie g\u00e9n\u00e9rique. Elle vous proposera des solutions personnalis\u00e9es, en fonction de votre secteur d\u2019activit\u00e9, de vos objectifs, et m\u00eame de votre budget. Chaque entreprise est unique, et c&rsquo;est pourquoi la flexibilit\u00e9 d&rsquo;une agence locale peut se r\u00e9v\u00e9ler \u00eatre un v\u00e9ritable plus.<\/p>\n<h2><span class=\"ez-toc-section\" id=\"Les_services_cles_dune_agence_marketing_digital_a_Angers\"><\/span>Les services cl\u00e9s d\u2019une agence marketing digital \u00e0 Angers<span class=\"ez-toc-section-end\"><\/span><\/h2>\n<p>Une agence de marketing digital \u00e0 Angers peut offrir un large \u00e9ventail de services. Voici quelques-uns des plus importants, qui vous permettront d\u2019am\u00e9liorer votre pr\u00e9sence en ligne et de vous d\u00e9marquer de vos concurrents.<\/p>\n<h3><span class=\"ez-toc-section\" id=\"Referencement_naturel_SEO\"><\/span>R\u00e9f\u00e9rencement naturel (SEO)<span class=\"ez-toc-section-end\"><\/span><\/h3>\n<p>Le SEO, ou r\u00e9f\u00e9rencement naturel, est l&rsquo;un des services les plus sollicit\u00e9s par les entreprises cherchant \u00e0 am\u00e9liorer leur visibilit\u00e9 sur les moteurs de recherche. En effet, le SEO permet \u00e0 votre site d\u2019\u00eatre mieux class\u00e9 sur Google et d\u2019autres moteurs de recherche, ce qui conduit \u00e0 un trafic plus qualifi\u00e9 sur votre site. \u00c0 Angers, une agence sp\u00e9cialis\u00e9e saura optimiser votre site pour le SEO local, en utilisant des mots-cl\u00e9s sp\u00e9cifiques \u00e0 la r\u00e9gion et en vous aidant \u00e0 obtenir des backlinks de qualit\u00e9 provenant d&rsquo;autres entreprises locales.<\/p>\n<h3><span class=\"ez-toc-section\" id=\"Publicite_payante_Google_Ads_Facebook_Ads_etc\"><\/span>Publicit\u00e9 payante (Google Ads, Facebook Ads, etc.)<span class=\"ez-toc-section-end\"><\/span><\/h3>\n<p>Si vous souhaitez obtenir des r\u00e9sultats rapides, les campagnes publicitaires payantes peuvent \u00eatre une excellente solution. Google Ads et les publicit\u00e9s sur Facebook ou Instagram permettent de cibler directement des segments sp\u00e9cifiques de la population, y compris ceux qui sont localis\u00e9s \u00e0 Angers. Une bonne agence saura configurer vos campagnes, g\u00e9rer votre budget publicitaire et optimiser vos annonces pour maximiser votre retour sur investissement.<\/p>\n<h3><span class=\"ez-toc-section\" id=\"Creation_et_gestion_de_sites_web\"><\/span>Cr\u00e9ation et gestion de sites web<span class=\"ez-toc-section-end\"><\/span><\/h3>\n<p>Un site web est la vitrine de votre entreprise en ligne, et il doit \u00eatre \u00e0 la fois fonctionnel, esth\u00e9tique et optimis\u00e9 pour le SEO. De nombreuses agences marketing digital \u00e0 Angers proposent la cr\u00e9ation de sites web adapt\u00e9s \u00e0 vos besoins. Que vous ayez besoin d&rsquo;un site vitrine ou d&rsquo;une boutique en ligne, une agence saura vous accompagner \u00e0 chaque \u00e9tape : conception, d\u00e9veloppement, optimisation, et m\u00eame gestion de votre h\u00e9bergement.<\/p>\n<h3><span class=\"ez-toc-section\" id=\"Community_Management_et_Reseaux_Sociaux\"><\/span>Community Management et R\u00e9seaux Sociaux<span class=\"ez-toc-section-end\"><\/span><\/h3>\n<p>Les r\u00e9seaux sociaux sont aujourd\u2019hui essentiels pour engager votre communaut\u00e9 et promouvoir vos produits ou services. Une agence marketing digital \u00e0 Angers pourra g\u00e9rer vos comptes sociaux, d\u00e9velopper une strat\u00e9gie de contenu, et cr\u00e9er des publications engageantes. Elles pourront \u00e9galement suivre les interactions et ajuster les campagnes en fonction des retours de votre audience.<\/p>\n<h3><span class=\"ez-toc-section\" id=\"Email_Marketing\"><\/span>Email Marketing<span class=\"ez-toc-section-end\"><\/span><\/h3>\n<p>Les campagnes d&#8217;emailing restent un des moyens les plus efficaces pour toucher directement vos prospects et clients. Une agence sp\u00e9cialis\u00e9e saura cr\u00e9er des newsletters et des offres cibl\u00e9es qui incitent vos abonn\u00e9s \u00e0 passer \u00e0 l&rsquo;action. Vous pourrez ainsi fid\u00e9liser votre client\u00e8le et g\u00e9n\u00e9rer de nouvelles opportunit\u00e9s de vente.<\/p>\n<h2><span class=\"ez-toc-section\" id=\"Comment_choisir_la_meilleure_agence_marketing_digital_a_Angers\"><\/span>Comment choisir la meilleure agence marketing digital \u00e0 Angers ?<span class=\"ez-toc-section-end\"><\/span><\/h2>\n<p>Choisir une agence marketing digital \u00e0 Angers n&rsquo;est pas une t\u00e2che \u00e0 prendre \u00e0 la l\u00e9g\u00e8re. Voici quelques crit\u00e8res importants \u00e0 consid\u00e9rer avant de faire votre choix.<\/p>\n<h3><span class=\"ez-toc-section\" id=\"Verifiez_leur_experience_et_portfolio\"><\/span>V\u00e9rifiez leur exp\u00e9rience et portfolio<span class=\"ez-toc-section-end\"><\/span><\/h3>\n<p>Avant de vous engager, il est important de v\u00e9rifier les ant\u00e9c\u00e9dents de l&rsquo;agence. Consultez leur portfolio et les r\u00e9sultats obtenus pour d\u2019autres clients. Une agence exp\u00e9riment\u00e9e aura des \u00e9tudes de cas claires, d\u00e9montrant l\u2019efficacit\u00e9 de ses strat\u00e9gies et techniques.<\/p>\n<h3><span class=\"ez-toc-section\" id=\"Rencontrez_les_equipes\"><\/span>Rencontrez les \u00e9quipes<span class=\"ez-toc-section-end\"><\/span><\/h3>\n<p>Lors de votre premi\u00e8re rencontre, il est essentiel de poser des questions sur leur m\u00e9thodologie de travail et leur approche. Est-ce qu&rsquo;ils prennent le temps de comprendre vos objectifs ? A-t-on l\u2019impression qu\u2019ils comprennent vos besoins sp\u00e9cifiques ? Cette rencontre vous permettra \u00e9galement d\u2019\u00e9valuer la relation humaine, qui est un aspect cl\u00e9 dans toute collaboration r\u00e9ussie.<\/p>\n<h3><span class=\"ez-toc-section\" id=\"Les_avis_clients_et_temoignages\"><\/span>Les avis clients et t\u00e9moignages<span class=\"ez-toc-section-end\"><\/span><\/h3>\n<p>Lisez les avis clients disponibles sur le site web de l\u2019agence, mais aussi sur des plateformes externes comme Google ou Trustpilot. Ces avis vous donneront un aper\u00e7u du s\u00e9rieux de l\u2019agence et de son efficacit\u00e9 \u00e0 satisfaire ses clients.<\/p>\n<h3><span class=\"ez-toc-section\" id=\"La_transparence_des_prix\"><\/span>La transparence des prix<span class=\"ez-toc-section-end\"><\/span><\/h3>\n<p>Une agence s\u00e9rieuse et professionnelle sera transparente sur ses prix et ses services. Elle vous fournira un devis clair, d\u00e9taillant les services inclus, et ne cherchera pas \u00e0 vous cacher des co\u00fbts suppl\u00e9mentaires.<\/p>\n<h2><span class=\"ez-toc-section\" id=\"Les_avantages_dune_agence_marketing_digital_a_Angers\"><\/span>Les avantages d\u2019une agence marketing digital \u00e0 Angers<span class=\"ez-toc-section-end\"><\/span><\/h2>\n<p>Travailler avec une agence marketing digital bas\u00e9e \u00e0 Angers pr\u00e9sente plusieurs avantages.<\/p>\n<h3><span class=\"ez-toc-section\" id=\"Strategies_adaptees_aux_specificites_du_marche_local\"><\/span>Strat\u00e9gies adapt\u00e9es aux sp\u00e9cificit\u00e9s du march\u00e9 local<span class=\"ez-toc-section-end\"><\/span><\/h3>\n<p>Une agence locale sera en mesure de concevoir des strat\u00e9gies marketing digitales parfaitement align\u00e9es avec le march\u00e9 angevin. Cela permet de cr\u00e9er des campagnes plus cibl\u00e9es et pertinentes pour votre public.<\/p>\n<h3><span class=\"ez-toc-section\" id=\"Gain_de_temps_et_defficacite\"><\/span>Gain de temps et d\u2019efficacit\u00e9<span class=\"ez-toc-section-end\"><\/span><\/h3>\n<p>G\u00e9rer une strat\u00e9gie de marketing digital demande beaucoup de temps et d\u2019efforts. En confiant cette t\u00e2che \u00e0 une agence, vous pourrez vous concentrer sur le c\u0153ur de votre activit\u00e9, en laissant des experts g\u00e9rer votre pr\u00e9sence en ligne.<\/p>\n<h3><span class=\"ez-toc-section\" id=\"Mesure_des_resultats\"><\/span>Mesure des r\u00e9sultats<span class=\"ez-toc-section-end\"><\/span><\/h3>\n<p>Toutes les actions men\u00e9es seront mesur\u00e9es, et l\u2019agence vous fournira des rapports r\u00e9guliers sur les performances de vos campagnes, que ce soit en SEO, publicit\u00e9 payante ou r\u00e9seaux sociaux. Vous pourrez ainsi suivre vos r\u00e9sultats en temps r\u00e9el et ajuster les strat\u00e9gies si n\u00e9cessaire.<\/p>\n","protected":false},"excerpt":{"rendered":"<p>Votre entreprise \u00e0 Angers\u00a0souhaite gagner en visibilit\u00e9 sur le web et attirer davantage de clients locaux\u202f? Confiez votre croissance en ligne \u00e0 une agence marketing digital experte en SEO, Google Ads et e\u2011commerce, et transformez votre site en v\u00e9ritable levier de business. Agence marketing digital Angers : Trouvez l&rsquo;expert pour transformer votre strat\u00e9gie en ligne&#8230;<\/p>","protected":false},"author":1,"featured_media":252472,"parent":0,"menu_order":0,"comment_status":"closed","ping_status":"closed","template":"","meta":{"_lmt_disableupdate":"","_lmt_disable":"","_kad_post_transparent":"","_kad_post_title":"","_kad_post_layout":"","_kad_post_sidebar_id":"","_kad_post_content_style":"","_kad_post_vertical_padding":"","_kad_post_feature":"","_kad_post_feature_position":"","_kad_post_header":false,"_kad_post_footer":false,"_kad_post_classname":"","rank_math_title":"Agence marketing digital Angers +17 ans d'exp\u00e9rience \ud83d\ude80","rank_math_description":"Trouver une agence marketing \u00e0 Angers pour am\u00e9liorer votre SEO, vos campagnes publicitaires \u2706 06 31 37 55 04","rank_math_focus_keyword":"Agence marketing digital Angers","rank_math_canonical_url":"","rank_math_robots":"","footnotes":""},"class_list":["post-252196","page","type-page","status-publish","has-post-thumbnail","hentry"],"rank_math_description":"Trouver une agence marketing \u00e0 Angers pour am\u00e9liorer votre SEO, vos campagnes publicitaires \u2706 06 31 37 55 04","rank_math_title":"Agence marketing digital Angers +17 ans d'exp\u00e9rience \ud83d\ude80","_links":{"self":[{"href":"https:\/\/www.joseperez.fr\/en\/wp-json\/wp\/v2\/pages\/252196","targetHints":{"allow":["GET"]}}],"collection":[{"href":"https:\/\/www.joseperez.fr\/en\/wp-json\/wp\/v2\/pages"}],"about":[{"href":"https:\/\/www.joseperez.fr\/en\/wp-json\/wp\/v2\/types\/page"}],"author":[{"embeddable":true,"href":"https:\/\/www.joseperez.fr\/en\/wp-json\/wp\/v2\/users\/1"}],"replies":[{"embeddable":true,"href":"https:\/\/www.joseperez.fr\/en\/wp-json\/wp\/v2\/comments?post=252196"}],"version-history":[{"count":12,"href":"https:\/\/www.joseperez.fr\/en\/wp-json\/wp\/v2\/pages\/252196\/revisions"}],"predecessor-version":[{"id":260559,"href":"https:\/\/www.joseperez.fr\/en\/wp-json\/wp\/v2\/pages\/252196\/revisions\/260559"}],"wp:featuredmedia":[{"embeddable":true,"href":"https:\/\/www.joseperez.fr\/en\/wp-json\/wp\/v2\/media\/252472"}],"wp:attachment":[{"href":"https:\/\/www.joseperez.fr\/en\/wp-json\/wp\/v2\/media?parent=252196"}],"curies":[{"name":"wp","href":"https:\/\/api.w.org\/{rel}","templated":true}]}}