{"id":252194,"date":"2025-01-28T22:52:35","date_gmt":"2025-01-28T21:52:35","guid":{"rendered":"https:\/\/www.joseperez.fr\/?page_id=252194"},"modified":"2026-02-22T20:50:56","modified_gmt":"2026-02-22T19:50:56","slug":"agence-marketing-digital-caen","status":"publish","type":"page","link":"https:\/\/www.joseperez.fr\/en\/agence-marketing-digital-caen\/","title":{"rendered":"Caen digital marketing agency: develop your local and online visibility"},"content":{"rendered":"<div class=\"grid w-full min-w-0 grid-cols-[minmax(0,1fr)]\" dir=\"ltr\" data-orientation=\"horizontal\">\n<div class=\"col-start-1 row-start-2\">\n<div id=\"radix-:rrp:-content-thread\" class=\"focus:outline-none\" role=\"tabpanel\" data-state=\"active\" data-orientation=\"horizontal\" aria-labelledby=\"radix-:rrp:-trigger-thread\">\n<div class=\"gap-y-md flex flex-col\">\n<div class=\"relative font-sans text-base text-foreground selection:bg-super\/50 selection:text-foreground dark:selection:bg-super\/10 dark:selection:text-super\">\n<div class=\"min-w-0 break-words [word-break:break-word]\">\n<div id=\"markdown-content-26\" class=\"gap-y-md after:clear-both after:block after:content-['']\" dir=\"auto\">\n<div class=\"has-inline-images my-2 first:mt-0 [&amp;:has([data-inline-type=image])+&amp;:has([data-inline-type=image])_[data-inline-type=image]]:hidden [&amp;:has(table)_[data-inline-type=image]]:hidden\">\n<div class=\"relative\">\n<div class=\"grid w-full min-w-0 grid-cols-[minmax(0,1fr)]\" dir=\"ltr\" data-orientation=\"horizontal\">\n<div class=\"col-start-1 row-start-2\">\n<div id=\"radix-:r812:-content-thread\" class=\"focus:outline-none\" role=\"tabpanel\" data-state=\"active\" data-orientation=\"horizontal\" aria-labelledby=\"radix-:r812:-trigger-thread\">\n<div class=\"gap-y-md flex flex-col\">\n<div class=\"relative font-sans text-base text-foreground selection:bg-super\/50 selection:text-foreground dark:selection:bg-super\/10 dark:selection:text-super bg-transparent\">\n<div class=\"min-w-0 break-words [word-break:break-word]\">\n<div id=\"markdown-content-37\" class=\"gap-y-md after:clear-both after:block after:content-['']\" dir=\"auto\">\n<div class=\"has-inline-images my-2 first:mt-0 [&amp;:has([data-inline-type=image])+&amp;:has([data-inline-type=image])_[data-inline-type=image]]:hidden [&amp;:has(table)_[data-inline-type=image]]:hidden\">\n<div class=\"relative\">\n<p class=\"my-2 [&amp;+p]:mt-4 [&amp;_strong:has(+br)]:inline-block [&amp;_strong:has(+br)]:pb-2\">\u00c0 Caen, votre agence marketing digital doit placer le <strong>r\u00e9f\u00e9rencement<\/strong> au c\u0153ur de sa strat\u00e9gie. Port\u00e9e par un consultant SEO freelance avec +17 ans d\u2019exp\u00e9rience, votre pr\u00e9sence en ligne devient un v\u00e9ritable moteur de croissance, bien au\u2011del\u00e0 d\u2019un simple site vitrine.<\/p>\n<\/div>\n<\/div>\n<\/div>\n<\/div>\n<\/div>\n<\/div>\n<\/div>\n<\/div>\n<\/div>\n<\/div>\n<\/div>\n<\/div>\n<\/div>\n<\/div>\n<\/div>\n<\/div>\n<\/div>\n<\/div>\n<h2><span class=\"ez-toc-section\" id=\"Agence_marketing_digital_a_Caen_Pourquoi_choisir_une_agence_locale_pour_votre_visibilite_en_ligne\"><\/span>Agence marketing digital \u00e0 Caen : Pourquoi choisir une agence locale pour votre visibilit\u00e9 en ligne ?<span class=\"ez-toc-section-end\"><\/span><\/h2>\n<p>Lorsqu\u2019on parle de marketing digital, il est souvent difficile de s\u2019y retrouver parmi toutes les agences disponibles. Mais pourquoi choisir une agence marketing digital \u00e0 Caen, plut\u00f4t qu\u2019une autre \u00e0 Paris ou ailleurs ? Dans cet article, je vais vous expliquer pourquoi il est judicieux de se tourner vers une agence locale \u00e0 Caen pour booster votre pr\u00e9sence en ligne, augmenter vos ventes, et atteindre vos objectifs marketing.<\/p>\n<h2><span class=\"ez-toc-section\" id=\"Les_meilleures_agences_de_marketing_digital_a_Caen\"><\/span>Les meilleures agences de marketing digital \u00e0 Caen<span class=\"ez-toc-section-end\"><\/span><\/h2>\n<table>\n<thead>\n<tr>\n<th>Agence<\/th>\n<th>Adresse Postale<\/th>\n<th>Expertises<\/th>\n<th>Site Web<\/th>\n<\/tr>\n<\/thead>\n<tbody>\n<tr>\n<td>Jos\u00e9 PEREZ<\/td>\n<td><\/td>\n<td>SEO, SEA, Social Media, Cr\u00e9ation de site web<\/td>\n<td><a href=\"https:\/\/www.joseperez.fr\">Jos\u00e9 PEREZ<\/a><\/td>\n<\/tr>\n<tr>\n<td>EP Digital<\/td>\n<td><\/td>\n<td>SEO, SEA, Webdesign, Community Management<\/td>\n<td><a href=\"https:\/\/epdigital.fr\/\" rel=\"nofollow noopener\" target=\"_blank\">EP Digital<\/a><\/td>\n<\/tr>\n<tr>\n<td>Nerepix<\/td>\n<td><\/td>\n<td>SEO, SEA, Webmarketing, Cr\u00e9ation de site web<\/td>\n<td><a href=\"https:\/\/www.nerepix.fr\/\" rel=\"nofollow noopener\" target=\"_blank\">Nerepix<\/a><\/td>\n<\/tr>\n<tr>\n<td>Aurone<\/td>\n<td><\/td>\n<td>Cr\u00e9ation de site internet, SEO, Webdesign<\/td>\n<td><a href=\"https:\/\/www.aurone.com\/\" rel=\"nofollow noopener\" target=\"_blank\">Aurone<\/a><\/td>\n<\/tr>\n<tr>\n<td>Bcom<\/td>\n<td><\/td>\n<td>Cr\u00e9ation de site web, Marketing digital<\/td>\n<td><a href=\"https:\/\/www.bcom.fr\/\" rel=\"nofollow noopener\" target=\"_blank\">Bcom<\/a><\/td>\n<\/tr>\n<\/tbody>\n<\/table>\n<p>Mon agence de marketing digital et de r\u00e9f\u00e9rencement \u00e0 Caen accompagne \u00e9galement les structures d\u2019H\u00e9rouville-Saint-Clair, Ifs, Mondeville ou Colombelles, dans le d\u00e9partement du Calvados.<\/p><div id=\"ez-toc-container\" class=\"ez-toc-v2_0_82_2 counter-hierarchy ez-toc-counter ez-toc-grey ez-toc-container-direction\">\n<div class=\"ez-toc-title-container\">\n<p class=\"ez-toc-title\" style=\"cursor:inherit\">Sommaire<\/p>\n<span class=\"ez-toc-title-toggle\"><a href=\"#\" class=\"ez-toc-pull-right ez-toc-btn ez-toc-btn-xs ez-toc-btn-default ez-toc-toggle\" aria-label=\"Toggle Table of Content\"><span class=\"ez-toc-js-icon-con\"><span class=\"\"><span class=\"eztoc-hide\" style=\"display:none;\">Toggle<\/span><span class=\"ez-toc-icon-toggle-span\"><svg style=\"fill: #999;color:#999\" xmlns=\"http:\/\/www.w3.org\/2000\/svg\" class=\"list-377408\" width=\"20px\" height=\"20px\" viewBox=\"0 0 24 24\" fill=\"none\"><path d=\"M6 6H4v2h2V6zm14 0H8v2h12V6zM4 11h2v2H4v-2zm16 0H8v2h12v-2zM4 16h2v2H4v-2zm16 0H8v2h12v-2z\" fill=\"currentColor\"><\/path><\/svg><svg style=\"fill: #999;color:#999\" class=\"arrow-unsorted-368013\" xmlns=\"http:\/\/www.w3.org\/2000\/svg\" width=\"10px\" height=\"10px\" viewBox=\"0 0 24 24\" version=\"1.2\" baseProfile=\"tiny\"><path d=\"M18.2 9.3l-6.2-6.3-6.2 6.3c-.2.2-.3.4-.3.7s.1.5.3.7c.2.2.4.3.7.3h11c.3 0 .5-.1.7-.3.2-.2.3-.5.3-.7s-.1-.5-.3-.7zM5.8 14.7l6.2 6.3 6.2-6.3c.2-.2.3-.5.3-.7s-.1-.5-.3-.7c-.2-.2-.4-.3-.7-.3h-11c-.3 0-.5.1-.7.3-.2.2-.3.5-.3.7s.1.5.3.7z\"\/><\/svg><\/span><\/span><\/span><\/a><\/span><\/div>\n<nav><ul class='ez-toc-list ez-toc-list-level-1 eztoc-toggle-hide-by-default' ><li class='ez-toc-page-1 ez-toc-heading-level-2'><a class=\"ez-toc-link ez-toc-heading-1\" href=\"https:\/\/www.joseperez.fr\/en\/agence-marketing-digital-caen\/#Agence_marketing_digital_a_Caen_Pourquoi_choisir_une_agence_locale_pour_votre_visibilite_en_ligne\" >Agence marketing digital \u00e0 Caen : Pourquoi choisir une agence locale pour votre visibilit\u00e9 en ligne ?<\/a><\/li><li class='ez-toc-page-1 ez-toc-heading-level-2'><a class=\"ez-toc-link ez-toc-heading-2\" href=\"https:\/\/www.joseperez.fr\/en\/agence-marketing-digital-caen\/#Les_meilleures_agences_de_marketing_digital_a_Caen\" >Les meilleures agences de marketing digital \u00e0 Caen<\/a><\/li><li class='ez-toc-page-1 ez-toc-heading-level-2'><a class=\"ez-toc-link ez-toc-heading-3\" href=\"https:\/\/www.joseperez.fr\/en\/agence-marketing-digital-caen\/#Les_avantages_de_travailler_avec_une_agence_marketing_digital_a_Caen\" >Les avantages de travailler avec une agence marketing digital \u00e0 Caen<\/a><\/li><li class='ez-toc-page-1 ez-toc-heading-level-2'><a class=\"ez-toc-link ez-toc-heading-4\" href=\"https:\/\/www.joseperez.fr\/en\/agence-marketing-digital-caen\/#Quest-ce_quune_agence_marketing_digital_a_Caen_peut_faire_pour_vous\" >Qu&rsquo;est-ce qu&rsquo;une agence marketing digital \u00e0 Caen peut faire pour vous ?<\/a><ul class='ez-toc-list-level-3' ><li class='ez-toc-heading-level-3'><a class=\"ez-toc-link ez-toc-heading-5\" href=\"https:\/\/www.joseperez.fr\/en\/agence-marketing-digital-caen\/#SEO_Referencement_naturel\" >SEO (R\u00e9f\u00e9rencement naturel)<\/a><\/li><li class='ez-toc-page-1 ez-toc-heading-level-3'><a class=\"ez-toc-link ez-toc-heading-6\" href=\"https:\/\/www.joseperez.fr\/en\/agence-marketing-digital-caen\/#Publicite_en_ligne\" >Publicit\u00e9 en ligne<\/a><\/li><li class='ez-toc-page-1 ez-toc-heading-level-3'><a class=\"ez-toc-link ez-toc-heading-7\" href=\"https:\/\/www.joseperez.fr\/en\/agence-marketing-digital-caen\/#Creation_de_contenu_et_community_management\" >Cr\u00e9ation de contenu et community management<\/a><\/li><\/ul><\/li><li class='ez-toc-page-1 ez-toc-heading-level-2'><a class=\"ez-toc-link ez-toc-heading-8\" href=\"https:\/\/www.joseperez.fr\/en\/agence-marketing-digital-caen\/#Comment_bien_choisir_son_agence_marketing_digital_a_Caen\" >Comment bien choisir son agence marketing digital \u00e0 Caen ?<\/a><ul class='ez-toc-list-level-3' ><li class='ez-toc-heading-level-3'><a class=\"ez-toc-link ez-toc-heading-9\" href=\"https:\/\/www.joseperez.fr\/en\/agence-marketing-digital-caen\/#Lexperience_dans_votre_secteur_dactivite\" >L\u2019exp\u00e9rience dans votre secteur d\u2019activit\u00e9<\/a><\/li><li class='ez-toc-page-1 ez-toc-heading-level-3'><a class=\"ez-toc-link ez-toc-heading-10\" href=\"https:\/\/www.joseperez.fr\/en\/agence-marketing-digital-caen\/#Des_resultats_concrets_et_mesurables\" >Des r\u00e9sultats concrets et mesurables<\/a><\/li><li class='ez-toc-page-1 ez-toc-heading-level-3'><a class=\"ez-toc-link ez-toc-heading-11\" href=\"https:\/\/www.joseperez.fr\/en\/agence-marketing-digital-caen\/#Une_approche_personnalisee\" >Une approche personnalis\u00e9e<\/a><\/li><li class='ez-toc-page-1 ez-toc-heading-level-3'><a class=\"ez-toc-link ez-toc-heading-12\" href=\"https:\/\/www.joseperez.fr\/en\/agence-marketing-digital-caen\/#La_transparence_des_tarifs\" >La transparence des tarifs<\/a><\/li><\/ul><\/li><li class='ez-toc-page-1 ez-toc-heading-level-2'><a class=\"ez-toc-link ez-toc-heading-13\" href=\"https:\/\/www.joseperez.fr\/en\/agence-marketing-digital-caen\/#Limpact_dune_agence_marketing_digital_a_Caen_sur_votre_developpement\" >L\u2019impact d&rsquo;une agence marketing digital \u00e0 Caen sur votre d\u00e9veloppement<\/a><\/li><li class='ez-toc-page-1 ez-toc-heading-level-2'><a class=\"ez-toc-link ez-toc-heading-14\" href=\"https:\/\/www.joseperez.fr\/en\/agence-marketing-digital-caen\/#Tarifs_des_agences_marketing_digital_a_Caen_Quelle_fourchette_de_prix\" >Tarifs des agences marketing digital \u00e0 Caen : Quelle fourchette de prix ?<\/a><\/li><\/ul><\/nav><\/div>\n\n<h2><span class=\"ez-toc-section\" id=\"Les_avantages_de_travailler_avec_une_agence_marketing_digital_a_Caen\"><\/span>Les avantages de travailler avec une agence marketing digital \u00e0 Caen<span class=\"ez-toc-section-end\"><\/span><\/h2>\n<p>Choisir une agence marketing digital locale peut offrir de nombreux avantages. Vous vous demandez sans doute en quoi la proximit\u00e9 g\u00e9ographique est importante. Eh bien, tout d&rsquo;abord, une agence \u00e0 Caen poss\u00e8de une connaissance pr\u00e9cise du march\u00e9 local, des habitudes de consommation et des sp\u00e9cificit\u00e9s r\u00e9gionales. Cette proximit\u00e9 permet de mettre en place des strat\u00e9gies parfaitement adapt\u00e9es \u00e0 votre cible. De plus, une agence locale est souvent plus r\u00e9active et disponible pour des rencontres physiques ou des \u00e9changes r\u00e9guliers.<\/p>\n<p>Cela dit, l\u2019agence saura aussi comprendre les enjeux uniques auxquels vous \u00eates confront\u00e9, que ce soit sur le plan de la concurrence locale ou des besoins sp\u00e9cifiques de votre secteur. Travailler avec des experts qui connaissent bien l\u2019environnement caennais peut faire une \u00e9norme diff\u00e9rence.<\/p>\n<h2><span class=\"ez-toc-section\" id=\"Quest-ce_quune_agence_marketing_digital_a_Caen_peut_faire_pour_vous\"><\/span>Qu&rsquo;est-ce qu&rsquo;une agence marketing digital \u00e0 Caen peut faire pour vous ?<span class=\"ez-toc-section-end\"><\/span><\/h2>\n<p>Une agence marketing digital \u00e0 Caen peut proposer une gamme de services pour am\u00e9liorer votre visibilit\u00e9 en ligne et atteindre vos objectifs commerciaux. Voici quelques-uns des principaux services que ces agences proposent et comment ils peuvent vous aider.<\/p>\n<h3><span class=\"ez-toc-section\" id=\"SEO_Referencement_naturel\"><\/span>SEO (R\u00e9f\u00e9rencement naturel)<span class=\"ez-toc-section-end\"><\/span><\/h3>\n<p>Une bonne agence de marketing digital mettra en \u0153uvre des strat\u00e9gies SEO efficaces pour am\u00e9liorer le classement de votre site dans les r\u00e9sultats des moteurs de recherche comme Google. Le r\u00e9f\u00e9rencement naturel est un levier essentiel pour augmenter le trafic organique de votre site web, et donc vos opportunit\u00e9s de conversion.<\/p>\n<p>Cela inclut l\u2019optimisation des mots-cl\u00e9s, l\u2019am\u00e9lioration de la vitesse de votre site, l\u2019optimisation mobile, ainsi que la cr\u00e9ation de contenu de qualit\u00e9 qui r\u00e9pond aux attentes de vos utilisateurs. L\u2019agence veillera \u00e0 ce que votre site soit bien positionn\u00e9 pour des recherches locales \u00e0 Caen, ce qui est essentiel pour capter l&rsquo;attention de vos prospects locaux.<\/p>\n<h3><span class=\"ez-toc-section\" id=\"Publicite_en_ligne\"><\/span>Publicit\u00e9 en ligne<span class=\"ez-toc-section-end\"><\/span><\/h3>\n<p>Le marketing digital, c\u2019est aussi la publicit\u00e9 en ligne. Google Ads, Facebook Ads, Instagram Ads, LinkedIn Ads, ou encore les campagnes sur YouTube, peuvent \u00eatre des moyens efficaces pour capter de nouveaux prospects rapidement. Ces campagnes peuvent \u00eatre g\u00e9r\u00e9es de mani\u00e8re cibl\u00e9e, selon vos objectifs et le profil de votre audience.<\/p>\n<p>Une agence de marketing digital \u00e0 Caen saura cr\u00e9er des annonces adapt\u00e9es \u00e0 vos besoins sp\u00e9cifiques et g\u00e9rer les budgets publicitaires avec une pr\u00e9cision optimale pour maximiser votre retour sur investissement.<\/p>\n<h3><span class=\"ez-toc-section\" id=\"Creation_de_contenu_et_community_management\"><\/span>Cr\u00e9ation de contenu et community management<span class=\"ez-toc-section-end\"><\/span><\/h3>\n<p>Un autre service cl\u00e9 qu\u2019une agence marketing digital \u00e0 Caen peut offrir est la gestion des r\u00e9seaux sociaux et la cr\u00e9ation de contenu. L&rsquo;animation de vos pages Facebook, Instagram, ou LinkedIn est cruciale pour interagir avec votre audience, mais aussi pour g\u00e9n\u00e9rer de l\u2019engagement.<\/p>\n<p>En cr\u00e9ant des contenus pertinents et engageants (posts, vid\u00e9os, articles, etc.), l&rsquo;agence pourra nourrir votre communaut\u00e9 tout en am\u00e9liorant votre image de marque. Cela peut \u00e9galement aider \u00e0 am\u00e9liorer votre visibilit\u00e9 sur le web.<\/p>\n<h2><span class=\"ez-toc-section\" id=\"Comment_bien_choisir_son_agence_marketing_digital_a_Caen\"><\/span>Comment bien choisir son agence marketing digital \u00e0 Caen ?<span class=\"ez-toc-section-end\"><\/span><\/h2>\n<p>Maintenant que vous avez une id\u00e9e des services qu\u2019une agence de marketing digital \u00e0 Caen peut vous offrir, il est temps de parler de la mani\u00e8re de bien la choisir. En effet, ce n\u2019est pas seulement une question de services propos\u00e9s, mais aussi de savoir si l\u2019agence est la bonne pour vous. Voici quelques crit\u00e8res \u00e0 prendre en compte :<\/p>\n<h3><span class=\"ez-toc-section\" id=\"Lexperience_dans_votre_secteur_dactivite\"><\/span>L\u2019exp\u00e9rience dans votre secteur d\u2019activit\u00e9<span class=\"ez-toc-section-end\"><\/span><\/h3>\n<p>Il est important que l&rsquo;agence ait de l&rsquo;exp\u00e9rience dans votre domaine, qu&rsquo;il s&rsquo;agisse du e-commerce, de la restauration, des services ou du secteur B2B. Une agence sp\u00e9cialis\u00e9e dans votre domaine pourra plus facilement comprendre vos besoins et vous fournir des solutions adapt\u00e9es. Choisissez parmi mes offres cibl\u00e9es : audits SEO, formations ou accompagnement sur mesure.<\/p>\n<h3><span class=\"ez-toc-section\" id=\"Des_resultats_concrets_et_mesurables\"><\/span>Des r\u00e9sultats concrets et mesurables<span class=\"ez-toc-section-end\"><\/span><\/h3>\n<p>Ne vous contentez pas des promesses. Demandez des \u00e9tudes de cas, des t\u00e9moignages clients et des chiffres pr\u00e9cis sur les r\u00e9sultats qu&rsquo;elles ont pu obtenir pour d&rsquo;autres entreprises. Cela vous donnera une id\u00e9e plus claire de leur capacit\u00e9 \u00e0 g\u00e9n\u00e9rer des r\u00e9sultats concrets.<\/p>\n<h3><span class=\"ez-toc-section\" id=\"Une_approche_personnalisee\"><\/span>Une approche personnalis\u00e9e<span class=\"ez-toc-section-end\"><\/span><\/h3>\n<p>Chaque entreprise est diff\u00e9rente. L&rsquo;agence doit \u00eatre capable de proposer une strat\u00e9gie personnalis\u00e9e en fonction de vos objectifs et de votre budget. Une strat\u00e9gie toute faite, qui ne prend pas en compte vos sp\u00e9cificit\u00e9s, ne donnera probablement pas les meilleurs r\u00e9sultats.<\/p>\n<h3><span class=\"ez-toc-section\" id=\"La_transparence_des_tarifs\"><\/span>La transparence des tarifs<span class=\"ez-toc-section-end\"><\/span><\/h3>\n<p>Les tarifs doivent \u00eatre clairs et transparents. Une bonne agence marketing digital \u00e0 Caen vous fournira un devis d\u00e9taill\u00e9, sans frais cach\u00e9s, et vous expliquera comment elle calcule ses prix en fonction de vos besoins sp\u00e9cifiques. Il est important que vous sachiez o\u00f9 va votre argent.<\/p>\n<h2><span class=\"ez-toc-section\" id=\"Limpact_dune_agence_marketing_digital_a_Caen_sur_votre_developpement\"><\/span>L\u2019impact d&rsquo;une agence marketing digital \u00e0 Caen sur votre d\u00e9veloppement<span class=\"ez-toc-section-end\"><\/span><\/h2>\n<p>Travailler avec une agence marketing digital \u00e0 Caen peut v\u00e9ritablement propulser votre activit\u00e9. En optimisant votre pr\u00e9sence en ligne, en d\u00e9veloppant des strat\u00e9gies publicitaires adapt\u00e9es et en cr\u00e9ant des contenus engageants, l\u2019agence pourra transformer votre visibilit\u00e9 num\u00e9rique et vous permettre de capter davantage de clients.<\/p>\n<p>L\u2019important, c\u2019est de trouver un partenaire de confiance qui saura vous accompagner de mani\u00e8re proactive et sur le long terme. Si vous avez la possibilit\u00e9 de rencontrer l\u2019\u00e9quipe de l\u2019agence, n\u2019h\u00e9sitez pas \u00e0 poser des questions, \u00e0 v\u00e9rifier leurs m\u00e9thodologies, et \u00e0 discuter de vos objectifs commerciaux. La relation de confiance avec votre agence est primordiale pour atteindre vos objectifs.<\/p>\n<h2><span class=\"ez-toc-section\" id=\"Tarifs_des_agences_marketing_digital_a_Caen_Quelle_fourchette_de_prix\"><\/span>Tarifs des agences marketing digital \u00e0 Caen : Quelle fourchette de prix ?<span class=\"ez-toc-section-end\"><\/span><\/h2>\n<p>Les tarifs varient consid\u00e9rablement en fonction des services que vous demandez et de la taille de l\u2019agence. Il est difficile de donner un prix pr\u00e9cis sans conna\u00eetre vos besoins exacts, mais voici quelques estimations :<\/p>\n<ul>\n<li><strong>SEO :<\/strong> Pour une gestion mensuelle compl\u00e8te du SEO (audit, optimisation, suivi), il faut g\u00e9n\u00e9ralement compter entre 500 et 2 500 \u20ac par mois.<\/li>\n<li><strong>Publicit\u00e9 en ligne :<\/strong> La gestion d\u2019une campagne publicitaire (Google Ads, Facebook Ads) peut co\u00fbter entre 500 et 5 000 \u20ac par mois, selon le budget publicitaire et la complexit\u00e9 de la strat\u00e9gie.<\/li>\n<li><strong>Cr\u00e9ation de contenu et community management :<\/strong> Comptez entre 1 000 et 5 000 \u20ac par mois pour des services complets, selon la fr\u00e9quence et le type de contenu.<\/li>\n<\/ul>\n<\/p>","protected":false},"excerpt":{"rendered":"<p>\u00c0 Caen, votre agence marketing digital doit placer le r\u00e9f\u00e9rencement au c\u0153ur de sa strat\u00e9gie. Port\u00e9e par un consultant SEO freelance avec +17 ans d\u2019exp\u00e9rience, votre pr\u00e9sence en ligne devient un v\u00e9ritable moteur de croissance, bien au\u2011del\u00e0 d\u2019un simple site vitrine. Agence marketing digital \u00e0 Caen : Pourquoi choisir une agence locale pour votre visibilit\u00e9&#8230;<\/p>","protected":false},"author":1,"featured_media":252473,"parent":0,"menu_order":0,"comment_status":"closed","ping_status":"closed","template":"","meta":{"_lmt_disableupdate":"","_lmt_disable":"","_kad_post_transparent":"","_kad_post_title":"","_kad_post_layout":"","_kad_post_sidebar_id":"","_kad_post_content_style":"","_kad_post_vertical_padding":"","_kad_post_feature":"","_kad_post_feature_position":"","_kad_post_header":false,"_kad_post_footer":false,"_kad_post_classname":"","rank_math_title":"Agence marketing digital Caen +17 ans d'exp\u00e9rience \ud83d\ude80","rank_math_description":"Trouvez une agence marketing digital \u00e0 Caen pour booster votre visibilit\u00e9 et augmenter vos ventes \u2706 06 31 37 55 04","rank_math_focus_keyword":"Agence marketing digital Caen","rank_math_canonical_url":"","rank_math_robots":"","footnotes":""},"class_list":["post-252194","page","type-page","status-publish","has-post-thumbnail","hentry"],"rank_math_description":"Trouvez une agence marketing digital \u00e0 Caen pour booster votre visibilit\u00e9 et augmenter vos ventes \u2706 06 31 37 55 04","rank_math_title":"Agence marketing digital Caen +17 ans d'exp\u00e9rience \ud83d\ude80","_links":{"self":[{"href":"https:\/\/www.joseperez.fr\/en\/wp-json\/wp\/v2\/pages\/252194","targetHints":{"allow":["GET"]}}],"collection":[{"href":"https:\/\/www.joseperez.fr\/en\/wp-json\/wp\/v2\/pages"}],"about":[{"href":"https:\/\/www.joseperez.fr\/en\/wp-json\/wp\/v2\/types\/page"}],"author":[{"embeddable":true,"href":"https:\/\/www.joseperez.fr\/en\/wp-json\/wp\/v2\/users\/1"}],"replies":[{"embeddable":true,"href":"https:\/\/www.joseperez.fr\/en\/wp-json\/wp\/v2\/comments?post=252194"}],"version-history":[{"count":16,"href":"https:\/\/www.joseperez.fr\/en\/wp-json\/wp\/v2\/pages\/252194\/revisions"}],"predecessor-version":[{"id":260558,"href":"https:\/\/www.joseperez.fr\/en\/wp-json\/wp\/v2\/pages\/252194\/revisions\/260558"}],"wp:featuredmedia":[{"embeddable":true,"href":"https:\/\/www.joseperez.fr\/en\/wp-json\/wp\/v2\/media\/252473"}],"wp:attachment":[{"href":"https:\/\/www.joseperez.fr\/en\/wp-json\/wp\/v2\/media?parent=252194"}],"curies":[{"name":"wp","href":"https:\/\/api.w.org\/{rel}","templated":true}]}}