{"id":252099,"date":"2025-01-28T22:58:12","date_gmt":"2025-01-28T21:58:12","guid":{"rendered":"https:\/\/www.joseperez.fr\/?page_id=252099"},"modified":"2026-02-22T10:28:16","modified_gmt":"2026-02-22T09:28:16","slug":"strategie-dacquisition-digitale","status":"publish","type":"page","link":"https:\/\/www.joseperez.fr\/en\/strategie-dacquisition-digitale\/","title":{"rendered":"Digital acquisition strategy: attract more profitable customers online"},"content":{"rendered":"<div class=\"grid w-full min-w-0 grid-cols-[minmax(0,1fr)]\" dir=\"ltr\" data-orientation=\"horizontal\">\n<div class=\"col-start-1 row-start-2\">\n<div id=\"radix-:r7a4:-content-thread\" class=\"focus:outline-none\" role=\"tabpanel\" data-state=\"active\" data-orientation=\"horizontal\" aria-labelledby=\"radix-:r7a4:-trigger-thread\">\n<div class=\"gap-y-md flex flex-col\">\n<div class=\"relative font-sans text-base text-foreground selection:bg-super\/50 selection:text-foreground dark:selection:bg-super\/10 dark:selection:text-super bg-transparent\">\n<div class=\"min-w-0 break-words [word-break:break-word]\">\n<div id=\"markdown-content-29\" class=\"gap-y-md after:clear-both after:block after:content-['']\" dir=\"auto\">\n<div class=\"has-inline-images my-2 first:mt-0 [&#038;:has([data-inline-type=image])+&#038;:has([data-inline-type=image])_[data-inline-type=image]]:hidden [&#038;:has(table)_[data-inline-type=image]]:hidden\">\n<div class=\"relative\">\n<div class=\"prose dark:prose-invert inline leading-relaxed break-words min-w-0 [word-break:break-word] prose-strong:font-medium visRefresh2026Fonts:prose-strong:font-bold [&#038;_&gt;*:first-child]:mt-0 [&#038;_&gt;*:last-child]:mb-0\">\n<p class=\"my-2 [&#038;+p]:mt-4 [&#038;_strong:has(+br)]:inline-block [&#038;_strong:has(+br)]:pb-2\">Votre strat\u00e9gie d\u2019acquisition digitale m\u00e9rite mieux qu\u2019un patchwork d\u2019actions isol\u00e9es. En travaillant avec un consultant SEO\u00a0<strong>freelance<\/strong> ou une agence SEO, vous alignez r\u00e9f\u00e9rencement, contenus et campagnes payantes pour attirer des prospects qualifi\u00e9s et booster durablement votre chiffre d\u2019affaires.<\/p>\n<\/div>\n<\/div>\n<\/div>\n<\/div>\n<\/div>\n<\/div>\n<\/div>\n<\/div>\n<\/div>\n<\/div>\n<h2><span class=\"ez-toc-section\" id=\"Strategie_dacquisition_digitale_tout_ce_que_vous_devez_savoir\"><\/span>Strat\u00e9gie d&rsquo;acquisition digitale : tout ce que vous devez savoir<span class=\"ez-toc-section-end\"><\/span><\/h2>\n<p>Vous vous demandez s\u00fbrement comment attirer davantage de clients en ligne ? Ou comment am\u00e9liorer vos ventes via internet ? La cl\u00e9 r\u00e9side dans la <strong>strat\u00e9gie d&rsquo;acquisition digitale<\/strong>. C&rsquo;est un sujet complexe, mais passionnant, qui peut transformer vos r\u00e9sultats si vous l&rsquo;appliquez correctement. En tant que consultant SEO, j&rsquo;ai vu de nombreuses entreprises n\u00e9gliger cette \u00e9tape cruciale. Pourtant, une acquisition bien pens\u00e9e peut faire toute la diff\u00e9rence. Dans cet article, je vais vous guider \u00e0 travers les \u00e9tapes essentielles pour cr\u00e9er une strat\u00e9gie d\u2019acquisition digitale efficace et durable.<\/p>\n<h2><span class=\"ez-toc-section\" id=\"Quest-ce_quune_strategie_dacquisition_digitale\"><\/span>Qu\u2019est-ce qu\u2019une strat\u00e9gie d\u2019acquisition digitale ?<span class=\"ez-toc-section-end\"><\/span><\/h2>\n<p>En termes simples, une strat\u00e9gie d\u2019acquisition digitale d\u00e9signe l&rsquo;ensemble des actions mises en place pour attirer et convertir des prospects en clients sur internet. Contrairement \u00e0 la simple publicit\u00e9 en ligne, il ne s&rsquo;agit pas seulement de pousser des annonces, mais de penser \u00e0 l&rsquo;ensemble du parcours utilisateur. L&rsquo;id\u00e9e est de capturer l&rsquo;attention de votre audience, de l&rsquo;int\u00e9resser \u00e0 votre offre et de la convaincre de passer \u00e0 l\u2019action.<\/p><div id=\"ez-toc-container\" class=\"ez-toc-v2_0_82_2 counter-hierarchy ez-toc-counter ez-toc-grey ez-toc-container-direction\">\n<div class=\"ez-toc-title-container\">\n<p class=\"ez-toc-title\" style=\"cursor:inherit\">Sommaire<\/p>\n<span class=\"ez-toc-title-toggle\"><a href=\"#\" class=\"ez-toc-pull-right ez-toc-btn ez-toc-btn-xs ez-toc-btn-default ez-toc-toggle\" aria-label=\"Toggle Table of Content\"><span class=\"ez-toc-js-icon-con\"><span class=\"\"><span class=\"eztoc-hide\" style=\"display:none;\">Toggle<\/span><span class=\"ez-toc-icon-toggle-span\"><svg style=\"fill: #999;color:#999\" xmlns=\"http:\/\/www.w3.org\/2000\/svg\" class=\"list-377408\" width=\"20px\" height=\"20px\" viewBox=\"0 0 24 24\" fill=\"none\"><path d=\"M6 6H4v2h2V6zm14 0H8v2h12V6zM4 11h2v2H4v-2zm16 0H8v2h12v-2zM4 16h2v2H4v-2zm16 0H8v2h12v-2z\" fill=\"currentColor\"><\/path><\/svg><svg style=\"fill: #999;color:#999\" class=\"arrow-unsorted-368013\" xmlns=\"http:\/\/www.w3.org\/2000\/svg\" width=\"10px\" height=\"10px\" viewBox=\"0 0 24 24\" version=\"1.2\" baseProfile=\"tiny\"><path d=\"M18.2 9.3l-6.2-6.3-6.2 6.3c-.2.2-.3.4-.3.7s.1.5.3.7c.2.2.4.3.7.3h11c.3 0 .5-.1.7-.3.2-.2.3-.5.3-.7s-.1-.5-.3-.7zM5.8 14.7l6.2 6.3 6.2-6.3c.2-.2.3-.5.3-.7s-.1-.5-.3-.7c-.2-.2-.4-.3-.7-.3h-11c-.3 0-.5.1-.7.3-.2.2-.3.5-.3.7s.1.5.3.7z\"\/><\/svg><\/span><\/span><\/span><\/a><\/span><\/div>\n<nav><ul class='ez-toc-list ez-toc-list-level-1 eztoc-toggle-hide-by-default' ><li class='ez-toc-page-1 ez-toc-heading-level-2'><a class=\"ez-toc-link ez-toc-heading-1\" href=\"https:\/\/www.joseperez.fr\/en\/strategie-dacquisition-digitale\/#Strategie_dacquisition_digitale_tout_ce_que_vous_devez_savoir\" >Strat\u00e9gie d&rsquo;acquisition digitale : tout ce que vous devez savoir<\/a><\/li><li class='ez-toc-page-1 ez-toc-heading-level-2'><a class=\"ez-toc-link ez-toc-heading-2\" href=\"https:\/\/www.joseperez.fr\/en\/strategie-dacquisition-digitale\/#Quest-ce_quune_strategie_dacquisition_digitale\" >Qu\u2019est-ce qu\u2019une strat\u00e9gie d\u2019acquisition digitale ?<\/a><\/li><li class='ez-toc-page-1 ez-toc-heading-level-2'><a class=\"ez-toc-link ez-toc-heading-3\" href=\"https:\/\/www.joseperez.fr\/en\/strategie-dacquisition-digitale\/#Pourquoi_est-ce_important_de_definir_une_strategie_dacquisition_digitale\" >Pourquoi est-ce important de d\u00e9finir une strat\u00e9gie d\u2019acquisition digitale ?<\/a><\/li><li class='ez-toc-page-1 ez-toc-heading-level-2'><a class=\"ez-toc-link ez-toc-heading-4\" href=\"https:\/\/www.joseperez.fr\/en\/strategie-dacquisition-digitale\/#Les_etapes_cles_pour_mettre_en_place_une_strategie_dacquisition_digitale\" >Les \u00e9tapes cl\u00e9s pour mettre en place une strat\u00e9gie d\u2019acquisition digitale<\/a><ul class='ez-toc-list-level-3' ><li class='ez-toc-heading-level-3'><a class=\"ez-toc-link ez-toc-heading-5\" href=\"https:\/\/www.joseperez.fr\/en\/strategie-dacquisition-digitale\/#1_Definir_vos_objectifs\" >1. D\u00e9finir vos objectifs<\/a><\/li><li class='ez-toc-page-1 ez-toc-heading-level-3'><a class=\"ez-toc-link ez-toc-heading-6\" href=\"https:\/\/www.joseperez.fr\/en\/strategie-dacquisition-digitale\/#2_Analyser_votre_audience\" >2. Analyser votre audience<\/a><\/li><li class='ez-toc-page-1 ez-toc-heading-level-3'><a class=\"ez-toc-link ez-toc-heading-7\" href=\"https:\/\/www.joseperez.fr\/en\/strategie-dacquisition-digitale\/#3_Choisir_les_canaux_dacquisition_adaptes\" >3. Choisir les canaux d\u2019acquisition adapt\u00e9s<\/a><\/li><\/ul><\/li><li class='ez-toc-page-1 ez-toc-heading-level-2'><a class=\"ez-toc-link ez-toc-heading-8\" href=\"https:\/\/www.joseperez.fr\/en\/strategie-dacquisition-digitale\/#4_Optimiser_lexperience_utilisateur\" >4. Optimiser l\u2019exp\u00e9rience utilisateur<\/a><\/li><li class='ez-toc-page-1 ez-toc-heading-level-2'><a class=\"ez-toc-link ez-toc-heading-9\" href=\"https:\/\/www.joseperez.fr\/en\/strategie-dacquisition-digitale\/#5_Mesurer_les_resultats_et_ajuster\" >5. Mesurer les r\u00e9sultats et ajuster<\/a><\/li><li class='ez-toc-page-1 ez-toc-heading-level-2'><a class=\"ez-toc-link ez-toc-heading-10\" href=\"https:\/\/www.joseperez.fr\/en\/strategie-dacquisition-digitale\/#Les_erreurs_courantes_a_eviter\" >Les erreurs courantes \u00e0 \u00e9viter<\/a><\/li><\/ul><\/nav><\/div>\n\n<p>Ce processus implique une combinaison de plusieurs leviers : <strong>r\u00e9f\u00e9rencement naturel (SEO)<\/strong>, <strong>publicit\u00e9 payante (SEA)<\/strong>, <strong>r\u00e9seaux sociaux<\/strong>, <strong>emailing<\/strong>, <strong>contenu<\/strong> et bien plus encore. L\u2019essentiel est d\u2019identifier les canaux qui vous permettront de toucher efficacement vos prospects tout en optimisant votre retour sur investissement.<\/p>\n<h2><span class=\"ez-toc-section\" id=\"Pourquoi_est-ce_important_de_definir_une_strategie_dacquisition_digitale\"><\/span>Pourquoi est-ce important de d\u00e9finir une strat\u00e9gie d\u2019acquisition digitale ?<span class=\"ez-toc-section-end\"><\/span><\/h2>\n<p>Si vous ne d\u00e9finissez pas clairement vos objectifs d\u2019acquisition, il y a de fortes chances que vous ne parveniez pas \u00e0 obtenir des r\u00e9sultats tangibles. Une strat\u00e9gie d\u2019acquisition digitale r\u00e9ussie vous permet de :<\/p>\n<ol>\n<li><strong>Cibler pr\u00e9cis\u00e9ment votre audience<\/strong> : Vous savez qui sont vos clients id\u00e9aux et vous pouvez mettre en place des actions qui les touchent directement.<\/li>\n<li><strong>Optimiser vos efforts marketing<\/strong> : En fonction de vos objectifs (notori\u00e9t\u00e9, conversion, fid\u00e9lisation), vous pouvez ajuster vos tactiques et les canaliser sur les bons leviers.<\/li>\n<li><strong>Mesurer les r\u00e9sultats<\/strong> : Contrairement \u00e0 des m\u00e9thodes plus traditionnelles, l\u2019acquisition digitale permet de suivre en temps r\u00e9el les performances de chaque action. Vous pourrez ainsi savoir si vos efforts portent leurs fruits, et o\u00f9 ajuster pour am\u00e9liorer vos r\u00e9sultats.<\/li>\n<li><strong>Maximiser les conversions<\/strong> : Une strat\u00e9gie bien pens\u00e9e ne sert pas simplement \u00e0 attirer du trafic, mais \u00e0 transformer ce trafic en clients payants.<\/li>\n<\/ol>\n<h2><span class=\"ez-toc-section\" id=\"Les_etapes_cles_pour_mettre_en_place_une_strategie_dacquisition_digitale\"><\/span>Les \u00e9tapes cl\u00e9s pour mettre en place une strat\u00e9gie d\u2019acquisition digitale<span class=\"ez-toc-section-end\"><\/span><\/h2>\n<p>Il est essentiel de suivre une m\u00e9thodologie pr\u00e9cise pour ne pas se disperser et maximiser les chances de succ\u00e8s. Voici les \u00e9tapes cl\u00e9s que je vous conseille de suivre :<\/p>\n<h3><span class=\"ez-toc-section\" id=\"1_Definir_vos_objectifs\"><\/span>1. D\u00e9finir vos objectifs<span class=\"ez-toc-section-end\"><\/span><\/h3>\n<p>Sans objectif clair, difficile de savoir o\u00f9 vous allez. Pour cela, il est important de d\u00e9finir ce que vous voulez r\u00e9ellement atteindre : augmenter votre visibilit\u00e9, g\u00e9n\u00e9rer des leads qualifi\u00e9s, ou multiplier vos ventes en ligne ? Choisir un objectif SMART (sp\u00e9cifique, mesurable, atteignable, r\u00e9aliste, temporel) est la meilleure m\u00e9thode pour bien orienter votre strat\u00e9gie.<\/p>\n<h3><span class=\"ez-toc-section\" id=\"2_Analyser_votre_audience\"><\/span>2. Analyser votre audience<span class=\"ez-toc-section-end\"><\/span><\/h3>\n<p>Une fois vos objectifs d\u00e9finis, vous devez savoir \u00e0 qui vous vous adressez. Qui sont vos prospects ? Quels sont leurs besoins, leurs attentes, leurs probl\u00e8mes ? Utilisez des outils comme <strong>Google Analytics<\/strong>, <strong>Facebook Insights<\/strong>, ou m\u00eame des <strong>enqu\u00eates clients<\/strong> pour mieux comprendre votre cible. Un ciblage pertinent est la cl\u00e9 d\u2019une acquisition efficace.<\/p>\n<h3><span class=\"ez-toc-section\" id=\"3_Choisir_les_canaux_dacquisition_adaptes\"><\/span>3. Choisir les canaux d\u2019acquisition adapt\u00e9s<span class=\"ez-toc-section-end\"><\/span><\/h3>\n<p>Il existe de nombreux leviers pour l\u2019acquisition digitale, mais tous ne sont pas adapt\u00e9s \u00e0 tous les types d\u2019entreprises. Voici quelques exemples de canaux \u00e0 envisager :<\/p>\n<ul>\n<li><strong>SEO (r\u00e9f\u00e9rencement naturel)<\/strong> : Si vous voulez une strat\u00e9gie durable et \u00e0 long terme, investir dans le SEO est indispensable. Cela vous permet de vous positionner dans les r\u00e9sultats de recherche lorsque vos prospects recherchent des solutions.<\/li>\n<li><strong>Publicit\u00e9 payante (SEA)<\/strong> : Pour des r\u00e9sultats rapides, la publicit\u00e9 via Google Ads ou les r\u00e9seaux sociaux peut \u00eatre une excellente option. Cependant, cela n\u00e9cessite un budget et une gestion rigoureuse pour ne pas gaspiller d&rsquo;argent.<\/li>\n<li><strong>R\u00e9seaux sociaux<\/strong> : Facebook, Instagram, LinkedIn, ou Twitter, chaque plateforme a ses sp\u00e9cificit\u00e9s. Choisissez celle qui correspond \u00e0 vos objectifs. Par exemple, Instagram est parfait pour les marques visuelles, tandis que LinkedIn est id\u00e9al pour le B2B.<\/li>\n<li><strong>Emailing<\/strong> : Cr\u00e9ez une base de donn\u00e9es d\u2019emails qualifi\u00e9s et utilisez-les pour envoyer des newsletters, des promotions ou des contenus exclusifs. Cela permet de maintenir un lien avec vos prospects.<\/li>\n<li><strong>Marketing de contenu<\/strong> : Produire des articles de blog, des vid\u00e9os, des podcasts ou des livres blancs vous aide \u00e0 attirer une audience qualifi\u00e9e, tout en vous positionnant en tant qu&rsquo;expert dans votre domaine.<\/li>\n<\/ul>\n<h2><span class=\"ez-toc-section\" id=\"4_Optimiser_lexperience_utilisateur\"><\/span>4. Optimiser l\u2019exp\u00e9rience utilisateur<span class=\"ez-toc-section-end\"><\/span><\/h2>\n<p>Une fois que vous avez attir\u00e9 les visiteurs sur votre site, il est crucial de les garder. Si votre site est lent, mal structur\u00e9 ou difficile \u00e0 naviguer, vous risquez de perdre des prospects. Le parcours utilisateur doit \u00eatre fluide, avec un processus d&rsquo;achat simple, des appels \u00e0 l&rsquo;action clairs et un design attractif.<\/p>\n<h2><span class=\"ez-toc-section\" id=\"5_Mesurer_les_resultats_et_ajuster\"><\/span>5. Mesurer les r\u00e9sultats et ajuster<span class=\"ez-toc-section-end\"><\/span><\/h2>\n<p>Le digital offre un avantage consid\u00e9rable : la <strong>mesurabilit\u00e9<\/strong>. Vous pouvez suivre l\u2019\u00e9volution de vos actions en temps r\u00e9el gr\u00e2ce \u00e0 des outils comme <strong>Google Analytics<\/strong>, <strong>SEMrush<\/strong> ou <strong>Facebook Ads Manager<\/strong>. Cela vous permet de comprendre ce qui fonctionne et ce qui ne fonctionne pas, et d&rsquo;ajuster votre strat\u00e9gie en cons\u00e9quence.<\/p>\n<h2><span class=\"ez-toc-section\" id=\"Les_erreurs_courantes_a_eviter\"><\/span>Les erreurs courantes \u00e0 \u00e9viter<span class=\"ez-toc-section-end\"><\/span><\/h2>\n<p>L\u2019acquisition digitale peut \u00eatre un v\u00e9ritable terrain de jeu, mais attention aux pi\u00e8ges. Voici quelques erreurs fr\u00e9quentes que vous devez \u00e9viter :<\/p>\n<ul>\n<li><strong>Sous-estimer le SEO<\/strong> : Beaucoup d&rsquo;entreprises se concentrent uniquement sur la publicit\u00e9 payante, mais le SEO est un levier durable, essentiel \u00e0 long terme.<\/li>\n<li><strong>Ne pas analyser les r\u00e9sultats<\/strong> : Si vous ne mesurez pas l&rsquo;efficacit\u00e9 de vos actions, vous ne pourrez pas am\u00e9liorer vos performances.<\/li>\n<li><strong>Ne pas avoir de strat\u00e9gie multi-canaux<\/strong> : Se concentrer uniquement sur un seul levier peut vous limiter. Il est essentiel d\u2019\u00eatre pr\u00e9sent sur plusieurs fronts, en fonction de votre audience.<\/li>\n<\/ul>\n<\/p>","protected":false},"excerpt":{"rendered":"<p>Votre strat\u00e9gie d\u2019acquisition digitale m\u00e9rite mieux qu\u2019un patchwork d\u2019actions isol\u00e9es. En travaillant avec un consultant SEO\u00a0freelance ou une agence SEO, vous alignez r\u00e9f\u00e9rencement, contenus et campagnes payantes pour attirer des prospects qualifi\u00e9s et booster durablement votre chiffre d\u2019affaires. Strat\u00e9gie d&rsquo;acquisition digitale : tout ce que vous devez savoir Vous vous demandez s\u00fbrement comment attirer davantage&#8230;<\/p>","protected":false},"author":1,"featured_media":252481,"parent":0,"menu_order":0,"comment_status":"closed","ping_status":"closed","template":"","meta":{"_lmt_disableupdate":"","_lmt_disable":"","_kad_post_transparent":"","_kad_post_title":"","_kad_post_layout":"","_kad_post_sidebar_id":"","_kad_post_content_style":"","_kad_post_vertical_padding":"","_kad_post_feature":"","_kad_post_feature_position":"","_kad_post_header":false,"_kad_post_footer":false,"_kad_post_classname":"","rank_math_title":"Strat\u00e9gie d\u2019acquisition digitale : boostez votre visibilit\u00e9 et ventes\n\n","rank_math_description":"Apprenez \u00e0 cr\u00e9er une strat\u00e9gie d\u2019acquisition digitale durable. Attirez + de prospects et augmentez votre CA \u2706 06 31 37 55 04","rank_math_focus_keyword":"Strat\u00e9gie d\u2019acquisition digitale","rank_math_canonical_url":"","rank_math_robots":"","footnotes":""},"class_list":["post-252099","page","type-page","status-publish","has-post-thumbnail","hentry"],"rank_math_description":"Apprenez \u00e0 cr\u00e9er une strat\u00e9gie d\u2019acquisition digitale durable. Attirez + de prospects et augmentez votre CA \u2706 06 31 37 55 04","rank_math_title":"Strat\u00e9gie d\u2019acquisition digitale : boostez votre visibilit\u00e9 et ventes\n\n","_links":{"self":[{"href":"https:\/\/www.joseperez.fr\/en\/wp-json\/wp\/v2\/pages\/252099","targetHints":{"allow":["GET"]}}],"collection":[{"href":"https:\/\/www.joseperez.fr\/en\/wp-json\/wp\/v2\/pages"}],"about":[{"href":"https:\/\/www.joseperez.fr\/en\/wp-json\/wp\/v2\/types\/page"}],"author":[{"embeddable":true,"href":"https:\/\/www.joseperez.fr\/en\/wp-json\/wp\/v2\/users\/1"}],"replies":[{"embeddable":true,"href":"https:\/\/www.joseperez.fr\/en\/wp-json\/wp\/v2\/comments?post=252099"}],"version-history":[{"count":7,"href":"https:\/\/www.joseperez.fr\/en\/wp-json\/wp\/v2\/pages\/252099\/revisions"}],"predecessor-version":[{"id":259561,"href":"https:\/\/www.joseperez.fr\/en\/wp-json\/wp\/v2\/pages\/252099\/revisions\/259561"}],"wp:featuredmedia":[{"embeddable":true,"href":"https:\/\/www.joseperez.fr\/en\/wp-json\/wp\/v2\/media\/252481"}],"wp:attachment":[{"href":"https:\/\/www.joseperez.fr\/en\/wp-json\/wp\/v2\/media?parent=252099"}],"curies":[{"name":"wp","href":"https:\/\/api.w.org\/{rel}","templated":true}]}}