{"id":252075,"date":"2025-01-28T23:03:17","date_gmt":"2025-01-28T22:03:17","guid":{"rendered":"https:\/\/www.joseperez.fr\/?page_id=252075"},"modified":"2026-02-22T10:28:54","modified_gmt":"2026-02-22T09:28:54","slug":"strategie-editoriale","status":"publish","type":"page","link":"https:\/\/www.joseperez.fr\/en\/strategie-editoriale\/","title":{"rendered":"Editorial strategy: structure your content for better referencing"},"content":{"rendered":"<div class=\"grid w-full min-w-0 grid-cols-[minmax(0,1fr)]\" dir=\"ltr\" data-orientation=\"horizontal\">\n<div class=\"col-start-1 row-start-2\">\n<div id=\"radix-:r122:-content-thread\" class=\"focus:outline-none\" role=\"tabpanel\" data-state=\"active\" data-orientation=\"horizontal\" aria-labelledby=\"radix-:r122:-trigger-thread\">\n<div class=\"gap-y-md flex flex-col\">\n<div class=\"relative font-sans text-base text-foreground selection:bg-super\/50 selection:text-foreground dark:selection:bg-super\/10 dark:selection:text-super\">\n<div class=\"min-w-0 break-words [word-break:break-word]\">\n<div id=\"markdown-content-32\" class=\"gap-y-md after:clear-both after:block after:content-['']\" dir=\"auto\">\n<div class=\"has-inline-images my-2 first:mt-0 [&#038;:has([data-inline-type=image])+&#038;:has([data-inline-type=image])_[data-inline-type=image]]:hidden [&#038;:has(table)_[data-inline-type=image]]:hidden\">\n<div class=\"relative\">\n<div class=\"grid w-full min-w-0 grid-cols-[minmax(0,1fr)]\" dir=\"ltr\" data-orientation=\"horizontal\">\n<div class=\"col-start-1 row-start-2\">\n<div id=\"radix-:r6p2:-content-thread\" class=\"focus:outline-none\" role=\"tabpanel\" data-state=\"active\" data-orientation=\"horizontal\" aria-labelledby=\"radix-:r6p2:-trigger-thread\">\n<div class=\"gap-y-md flex flex-col\">\n<div class=\"relative font-sans text-base text-foreground selection:bg-super\/50 selection:text-foreground dark:selection:bg-super\/10 dark:selection:text-super bg-transparent\">\n<div class=\"min-w-0 break-words [word-break:break-word]\">\n<div id=\"markdown-content-23\" class=\"gap-y-md after:clear-both after:block after:content-['']\" dir=\"auto\">\n<div class=\"has-inline-images my-2 first:mt-0 [&#038;:has([data-inline-type=image])+&#038;:has([data-inline-type=image])_[data-inline-type=image]]:hidden [&#038;:has(table)_[data-inline-type=image]]:hidden\">\n<div class=\"relative\">\n<div class=\"prose dark:prose-invert inline leading-relaxed break-words min-w-0 [word-break:break-word] prose-strong:font-medium visRefresh2026Fonts:prose-strong:font-bold [&#038;_&gt;*:first-child]:mt-0 [&#038;_&gt;*:last-child]:mb-0\">\n<p class=\"my-2 [&#038;+p]:mt-4 [&#038;_strong:has(+br)]:inline-block [&#038;_strong:has(+br)]:pb-2\">Une bonne strat\u00e9gie \u00e9ditoriale, ce n\u2019est pas seulement publier des articles au hasard : avec un consultant SEO\u00a0<strong>freelance<\/strong> ou une agence SEO, vous construisez un calendrier de contenus align\u00e9 sur votre r\u00e9f\u00e9rencement, vos objectifs business et les attentes de vos lecteurs.<\/p>\n<\/div>\n<\/div>\n<\/div>\n<\/div>\n<\/div>\n<\/div>\n<\/div>\n<\/div>\n<\/div>\n<\/div>\n<\/div>\n<\/div>\n<\/div>\n<\/div>\n<\/div>\n<div class=\"flex items-center justify-between\">\n<div class=\"-ml-sm gap-xs flex flex-shrink-0 items-center\">\n<div class=\"rounded-full\"><\/div>\n<\/div>\n<div class=\"gap-x-xs flex flex-shrink-0 items-center\">\n<div>\n<div class=\"border-subtlest ring-subtlest divide-subtlest bg-transparent flex items-center gap-xs\"><\/div>\n<\/div>\n<\/div>\n<\/div>\n<\/div>\n<\/div>\n<\/div>\n<\/div>\n<h2><span class=\"ez-toc-section\" id=\"Strategie_editoriale_Pourquoi_elle_est_essentielle_pour_votre_site\"><\/span>Strat\u00e9gie \u00e9ditoriale : Pourquoi elle est essentielle pour votre site<span class=\"ez-toc-section-end\"><\/span><\/h2>\n<p>Cr\u00e9er du contenu qui r\u00e9sonne avec votre audience tout en r\u00e9pondant aux exigences des moteurs de recherche est un v\u00e9ritable d\u00e9fi. C&rsquo;est l\u00e0 qu&rsquo;une strat\u00e9gie \u00e9ditoriale bien pens\u00e9e entre en jeu. Si vous cherchez \u00e0 am\u00e9liorer la visibilit\u00e9 de votre site, attirer plus de visiteurs, et, \u00e0 terme, booster vos conversions, alors cet article est fait pour vous.<\/p>\n<p>Une strat\u00e9gie \u00e9ditoriale permet de structurer vos efforts de contenu. Elle vous aide \u00e0 d\u00e9finir vos objectifs, \u00e0 mieux comprendre vos utilisateurs, et \u00e0 optimiser chaque aspect de votre pr\u00e9sence en ligne. Voyons ensemble comment cette approche peut transformer votre site et vos r\u00e9sultats.<\/p><div id=\"ez-toc-container\" class=\"ez-toc-v2_0_82_2 counter-hierarchy ez-toc-counter ez-toc-grey ez-toc-container-direction\">\n<div class=\"ez-toc-title-container\">\n<p class=\"ez-toc-title\" style=\"cursor:inherit\">Sommaire<\/p>\n<span class=\"ez-toc-title-toggle\"><a href=\"#\" class=\"ez-toc-pull-right ez-toc-btn ez-toc-btn-xs ez-toc-btn-default ez-toc-toggle\" aria-label=\"Toggle Table of Content\"><span class=\"ez-toc-js-icon-con\"><span class=\"\"><span class=\"eztoc-hide\" style=\"display:none;\">Toggle<\/span><span class=\"ez-toc-icon-toggle-span\"><svg style=\"fill: #999;color:#999\" xmlns=\"http:\/\/www.w3.org\/2000\/svg\" class=\"list-377408\" width=\"20px\" height=\"20px\" viewBox=\"0 0 24 24\" fill=\"none\"><path d=\"M6 6H4v2h2V6zm14 0H8v2h12V6zM4 11h2v2H4v-2zm16 0H8v2h12v-2zM4 16h2v2H4v-2zm16 0H8v2h12v-2z\" fill=\"currentColor\"><\/path><\/svg><svg style=\"fill: #999;color:#999\" class=\"arrow-unsorted-368013\" xmlns=\"http:\/\/www.w3.org\/2000\/svg\" width=\"10px\" height=\"10px\" viewBox=\"0 0 24 24\" version=\"1.2\" baseProfile=\"tiny\"><path d=\"M18.2 9.3l-6.2-6.3-6.2 6.3c-.2.2-.3.4-.3.7s.1.5.3.7c.2.2.4.3.7.3h11c.3 0 .5-.1.7-.3.2-.2.3-.5.3-.7s-.1-.5-.3-.7zM5.8 14.7l6.2 6.3 6.2-6.3c.2-.2.3-.5.3-.7s-.1-.5-.3-.7c-.2-.2-.4-.3-.7-.3h-11c-.3 0-.5.1-.7.3-.2.2-.3.5-.3.7s.1.5.3.7z\"\/><\/svg><\/span><\/span><\/span><\/a><\/span><\/div>\n<nav><ul class='ez-toc-list ez-toc-list-level-1 eztoc-toggle-hide-by-default' ><li class='ez-toc-page-1 ez-toc-heading-level-2'><a class=\"ez-toc-link ez-toc-heading-1\" href=\"https:\/\/www.joseperez.fr\/en\/strategie-editoriale\/#Strategie_editoriale_Pourquoi_elle_est_essentielle_pour_votre_site\" >Strat\u00e9gie \u00e9ditoriale : Pourquoi elle est essentielle pour votre site<\/a><\/li><li class='ez-toc-page-1 ez-toc-heading-level-2'><a class=\"ez-toc-link ez-toc-heading-2\" href=\"https:\/\/www.joseperez.fr\/en\/strategie-editoriale\/#Quest-ce_quune_strategie_editoriale_et_pourquoi_en_avez-vous_besoin\" >Qu\u2019est-ce qu\u2019une strat\u00e9gie \u00e9ditoriale et pourquoi en avez-vous besoin ?<\/a><\/li><li class='ez-toc-page-1 ez-toc-heading-level-2'><a class=\"ez-toc-link ez-toc-heading-3\" href=\"https:\/\/www.joseperez.fr\/en\/strategie-editoriale\/#Comment_elaborer_une_strategie_editoriale_efficace\" >Comment \u00e9laborer une strat\u00e9gie \u00e9ditoriale efficace ?<\/a><ul class='ez-toc-list-level-4' ><li class='ez-toc-heading-level-4'><ul class='ez-toc-list-level-4' ><li class='ez-toc-heading-level-4'><a class=\"ez-toc-link ez-toc-heading-4\" href=\"https:\/\/www.joseperez.fr\/en\/strategie-editoriale\/#1_Definir_vos_objectifs\" >1. D\u00e9finir vos objectifs<\/a><\/li><li class='ez-toc-page-1 ez-toc-heading-level-4'><a class=\"ez-toc-link ez-toc-heading-5\" href=\"https:\/\/www.joseperez.fr\/en\/strategie-editoriale\/#2_Identifier_votre_audience\" >2. Identifier votre audience<\/a><\/li><li class='ez-toc-page-1 ez-toc-heading-level-4'><a class=\"ez-toc-link ez-toc-heading-6\" href=\"https:\/\/www.joseperez.fr\/en\/strategie-editoriale\/#3_Choisir_vos_types_de_contenu\" >3. Choisir vos types de contenu<\/a><\/li><li class='ez-toc-page-1 ez-toc-heading-level-4'><a class=\"ez-toc-link ez-toc-heading-7\" href=\"https:\/\/www.joseperez.fr\/en\/strategie-editoriale\/#4_Creer_un_calendrier_editorial\" >4. Cr\u00e9er un calendrier \u00e9ditorial<\/a><\/li><li class='ez-toc-page-1 ez-toc-heading-level-4'><a class=\"ez-toc-link ez-toc-heading-8\" href=\"https:\/\/www.joseperez.fr\/en\/strategie-editoriale\/#5_Optimiser_pour_le_SEO\" >5. Optimiser pour le SEO<\/a><\/li><li class='ez-toc-page-1 ez-toc-heading-level-4'><a class=\"ez-toc-link ez-toc-heading-9\" href=\"https:\/\/www.joseperez.fr\/en\/strategie-editoriale\/#6_Mesurer_et_ajuster_votre_strategie\" >6. Mesurer et ajuster votre strat\u00e9gie<\/a><\/li><\/ul><\/li><\/ul><\/li><li class='ez-toc-page-1 ez-toc-heading-level-2'><a class=\"ez-toc-link ez-toc-heading-10\" href=\"https:\/\/www.joseperez.fr\/en\/strategie-editoriale\/#Pourquoi_faire_appel_a_un_consultant_SEO_pour_votre_strategie_editoriale\" >Pourquoi faire appel \u00e0 un consultant SEO pour votre strat\u00e9gie \u00e9ditoriale ?<\/a><\/li><li class='ez-toc-page-1 ez-toc-heading-level-2'><a class=\"ez-toc-link ez-toc-heading-11\" href=\"https:\/\/www.joseperez.fr\/en\/strategie-editoriale\/#Strategie_editoriale_un_levier_incontournable_pour_votre_site\" >Strat\u00e9gie \u00e9ditoriale : un levier incontournable pour votre site<\/a><\/li><\/ul><\/nav><\/div>\n\n<h2><span class=\"ez-toc-section\" id=\"Quest-ce_quune_strategie_editoriale_et_pourquoi_en_avez-vous_besoin\"><\/span>Qu\u2019est-ce qu\u2019une strat\u00e9gie \u00e9ditoriale et pourquoi en avez-vous besoin ?<span class=\"ez-toc-section-end\"><\/span><\/h2>\n<p>La strat\u00e9gie \u00e9ditoriale, c&rsquo;est l&rsquo;art de planifier et de structurer le contenu que vous publiez sur votre site ou vos diff\u00e9rents canaux. Elle va bien au-del\u00e0 de la simple r\u00e9daction d&rsquo;articles de blog. Il s&rsquo;agit de savoir quoi publier, \u00e0 quelle fr\u00e9quence, et surtout, comment cela sert vos objectifs business.<\/p>\n<p>Une bonne strat\u00e9gie \u00e9ditoriale a pour but de cr\u00e9er une relation avec votre audience. En r\u00e9pondant \u00e0 leurs besoins, en abordant leurs pr\u00e9occupations, et en apportant de la valeur \u00e0 travers votre contenu, vous b\u00e2tissez progressivement une confiance durable. Et bien s\u00fbr, cette confiance se traduit souvent par une augmentation du trafic et des conversions.<\/p>\n<h2><span class=\"ez-toc-section\" id=\"Comment_elaborer_une_strategie_editoriale_efficace\"><\/span>Comment \u00e9laborer une strat\u00e9gie \u00e9ditoriale efficace ?<span class=\"ez-toc-section-end\"><\/span><\/h2>\n<p>Pour \u00e9tablir une strat\u00e9gie \u00e9ditoriale qui fonctionne, il y a plusieurs \u00e9tapes \u00e0 suivre. Rien de compliqu\u00e9, mais il faut \u00eatre m\u00e9thodique et bien structur\u00e9.<\/p>\n<h4><span class=\"ez-toc-section\" id=\"1_Definir_vos_objectifs\"><\/span>1. D\u00e9finir vos objectifs<span class=\"ez-toc-section-end\"><\/span><\/h4>\n<p>Tout d\u2019abord, vous devez \u00eatre clair sur ce que vous souhaitez accomplir. Voulez-vous g\u00e9n\u00e9rer du trafic ? Accro\u00eetre la notori\u00e9t\u00e9 de votre marque ? Ou, plus directement, augmenter vos ventes ? Les objectifs guideront non seulement la direction de votre contenu, mais aussi les actions sp\u00e9cifiques \u00e0 prendre pour les atteindre.<\/p>\n<p>Si votre but est d\u2019am\u00e9liorer le SEO, par exemple, il vous faudra concentrer vos efforts sur les mots-cl\u00e9s, la structure des articles, et l\u2019optimisation technique. Si vous visez \u00e0 convertir, alors il sera essentiel de travailler le message, la clart\u00e9 des appels \u00e0 l\u2019action, et le c\u00f4t\u00e9 persuasif de vos contenus.<\/p>\n<h4><span class=\"ez-toc-section\" id=\"2_Identifier_votre_audience\"><\/span>2. Identifier votre audience<span class=\"ez-toc-section-end\"><\/span><\/h4>\n<p>C&rsquo;est probablement l&rsquo;\u00e9tape la plus cruciale. Conna\u00eetre son audience, c\u2019est comprendre ce qui les int\u00e9resse, ce qu&rsquo;ils recherchent, et comment ils consomment le contenu. Si vous n&rsquo;avez pas encore r\u00e9alis\u00e9 d&rsquo;\u00e9tude de personas, c&rsquo;est le moment de le faire. Cette analyse vous permettra de mieux segmenter votre contenu et de le personnaliser pour r\u00e9pondre aux attentes sp\u00e9cifiques de vos diff\u00e9rents groupes cibles.<\/p>\n<p>Par exemple, si vous avez une boutique en ligne qui vend des accessoires de mode, votre audience cible sera tr\u00e8s diff\u00e9rente de celle d&rsquo;un site de services financiers. Chacune a des besoins diff\u00e9rents et consomme le contenu d&rsquo;une mani\u00e8re unique.<\/p>\n<h4><span class=\"ez-toc-section\" id=\"3_Choisir_vos_types_de_contenu\"><\/span>3. Choisir vos types de contenu<span class=\"ez-toc-section-end\"><\/span><\/h4>\n<p>Une fois que vous avez une id\u00e9e claire de vos objectifs et de votre audience, il est temps de d\u00e9finir les types de contenu que vous allez cr\u00e9er. Cela peut \u00eatre des articles de blog, des vid\u00e9os, des infographies, des podcasts, ou m\u00eame des \u00e9tudes de cas. N\u2019oubliez pas de diversifier pour ne pas lasser votre audience.<\/p>\n<p>Par exemple, pour un site e-commerce, des guides d&rsquo;achat, des avis clients, ou des vid\u00e9os de pr\u00e9sentation de produits peuvent \u00eatre particuli\u00e8rement efficaces. Un blog orient\u00e9 B2B pourrait privil\u00e9gier des \u00e9tudes de cas et des livres blancs.<\/p>\n<h4><span class=\"ez-toc-section\" id=\"4_Creer_un_calendrier_editorial\"><\/span>4. Cr\u00e9er un calendrier \u00e9ditorial<span class=\"ez-toc-section-end\"><\/span><\/h4>\n<p>Un calendrier \u00e9ditorial est la boussole de votre strat\u00e9gie. Il vous permet d\u2019assurer une publication r\u00e9guli\u00e8re et coh\u00e9rente. Pr\u00e9voir \u00e0 l&rsquo;avance le contenu \u00e0 publier vous aide non seulement \u00e0 respecter vos objectifs, mais aussi \u00e0 \u00e9viter de vous retrouver \u00e0 court d&rsquo;id\u00e9es.<\/p>\n<p>L&rsquo;id\u00e9e est de planifier les publications sur une p\u00e9riode donn\u00e9e, tout en restant flexible pour adapter votre contenu en fonction des actualit\u00e9s ou des tendances du moment. Le calendrier vous permet aussi de r\u00e9partir le travail sur plusieurs semaines ou mois, vous \u00e9vitant ainsi des p\u00e9riodes de rush.<\/p>\n<h4><span class=\"ez-toc-section\" id=\"5_Optimiser_pour_le_SEO\"><\/span>5. Optimiser pour le SEO<span class=\"ez-toc-section-end\"><\/span><\/h4>\n<p>\u00c0 ce stade, vous commencez \u00e0 r\u00e9diger vos contenus. Mais il ne faut pas perdre de vue le SEO. L\u2019optimisation SEO doit \u00eatre pr\u00e9sente d\u00e8s le d\u00e9but de votre processus de cr\u00e9ation, et pas seulement \u00e0 la fin. Cela inclut la recherche de mots-cl\u00e9s, l&rsquo;optimisation des balises titres et descriptions, l\u2019insertion de liens internes et externes pertinents, et la structuration logique du texte.<\/p>\n<p>Si vous n\u00e9gligez l&rsquo;optimisation SEO, m\u00eame le meilleur contenu risque de passer inaper\u00e7u sur Google. Pensez \u00e0 l&rsquo;optimisation mobile, \u00e0 la vitesse du site, et \u00e0 la qualit\u00e9 des backlinks, qui sont des \u00e9l\u00e9ments cruciaux pour vous positionner dans les r\u00e9sultats de recherche.<\/p>\n<h4><span class=\"ez-toc-section\" id=\"6_Mesurer_et_ajuster_votre_strategie\"><\/span>6. Mesurer et ajuster votre strat\u00e9gie<span class=\"ez-toc-section-end\"><\/span><\/h4>\n<p>Une fois le contenu publi\u00e9, il est essentiel de suivre les r\u00e9sultats. Des outils comme Google Analytics ou Google Search Console vous fourniront des donn\u00e9es pr\u00e9cieuses sur la performance de votre contenu. Analysez le trafic, le taux de rebond, les conversions, mais aussi la position de vos pages sur les mots-cl\u00e9s cibl\u00e9s.<\/p>\n<p>En fonction de ces donn\u00e9es, ajustez votre strat\u00e9gie : changez de format de contenu si n\u00e9cessaire, testez de nouveaux titres, ou refaites des optimisations SEO pour am\u00e9liorer la visibilit\u00e9 de vos pages.<\/p>\n<h2><span class=\"ez-toc-section\" id=\"Pourquoi_faire_appel_a_un_consultant_SEO_pour_votre_strategie_editoriale\"><\/span>Pourquoi faire appel \u00e0 un consultant SEO pour votre strat\u00e9gie \u00e9ditoriale ?<span class=\"ez-toc-section-end\"><\/span><\/h2>\n<p>Vous pouvez bien s\u00fbr mettre en place une strat\u00e9gie \u00e9ditoriale par vous-m\u00eame, mais avoir un consultant SEO \u00e0 vos c\u00f4t\u00e9s peut \u00eatre un atout majeur. Un consultant exp\u00e9riment\u00e9 saura non seulement vous aider \u00e0 optimiser vos contenus pour le SEO, mais aussi vous guider sur les meilleures pratiques en mati\u00e8re de cr\u00e9ation de contenu pour r\u00e9pondre \u00e0 vos objectifs commerciaux.<\/p>\n<p>En plus, un consultant pourra vous faire gagner un temps pr\u00e9cieux. Il s\u2019occupera de la partie technique, de l\u2019analyse, et de l\u2019optimisation, vous permettant de vous concentrer sur ce que vous faites de mieux : cr\u00e9er du contenu engageant et interagir avec vos clients.<\/p>\n<h2><span class=\"ez-toc-section\" id=\"Strategie_editoriale_un_levier_incontournable_pour_votre_site\"><\/span>Strat\u00e9gie \u00e9ditoriale : un levier incontournable pour votre site<span class=\"ez-toc-section-end\"><\/span><\/h2>\n<p>Il est clair qu\u2019une strat\u00e9gie \u00e9ditoriale bien structur\u00e9e et bien ex\u00e9cut\u00e9e peut transformer votre site internet. En alignant vos objectifs commerciaux avec des contenus pertinents et optimis\u00e9s, vous maximisez vos chances de succ\u00e8s. Ne sous-estimez pas le pouvoir d\u2019un bon contenu, il est un levier essentiel pour attirer, convaincre et fid\u00e9liser vos visiteurs.<\/p>\n","protected":false},"excerpt":{"rendered":"<p>Une bonne strat\u00e9gie \u00e9ditoriale, ce n\u2019est pas seulement publier des articles au hasard : avec un consultant SEO\u00a0freelance ou une agence SEO, vous construisez un calendrier de contenus align\u00e9 sur votre r\u00e9f\u00e9rencement, vos objectifs business et les attentes de vos lecteurs. Strat\u00e9gie \u00e9ditoriale : Pourquoi elle est essentielle pour votre site Cr\u00e9er du contenu qui&#8230;<\/p>","protected":false},"author":1,"featured_media":252490,"parent":0,"menu_order":0,"comment_status":"closed","ping_status":"closed","template":"","meta":{"_lmt_disableupdate":"","_lmt_disable":"","_kad_post_transparent":"","_kad_post_title":"","_kad_post_layout":"","_kad_post_sidebar_id":"","_kad_post_content_style":"","_kad_post_vertical_padding":"","_kad_post_feature":"","_kad_post_feature_position":"","_kad_post_header":false,"_kad_post_footer":false,"_kad_post_classname":"","rank_math_title":"Strat\u00e9gie \u00e9ditoriale : Optimisez votre contenu pour le SEO\n\n","rank_math_description":"Optimisez votre strat\u00e9gie \u00e9ditoriale pour votre trafic et captiver vos visiteurs. Cr\u00e9ez du contenu pertinent \u2706 06 31 37 55 04","rank_math_focus_keyword":"Strat\u00e9gie \u00e9ditoriale","rank_math_canonical_url":"","rank_math_robots":"","footnotes":""},"class_list":["post-252075","page","type-page","status-publish","has-post-thumbnail","hentry"],"rank_math_description":"Optimisez votre strat\u00e9gie \u00e9ditoriale pour votre trafic et captiver vos visiteurs. Cr\u00e9ez du contenu pertinent \u2706 06 31 37 55 04","rank_math_title":"Strat\u00e9gie \u00e9ditoriale : Optimisez votre contenu pour le SEO\n\n","_links":{"self":[{"href":"https:\/\/www.joseperez.fr\/en\/wp-json\/wp\/v2\/pages\/252075","targetHints":{"allow":["GET"]}}],"collection":[{"href":"https:\/\/www.joseperez.fr\/en\/wp-json\/wp\/v2\/pages"}],"about":[{"href":"https:\/\/www.joseperez.fr\/en\/wp-json\/wp\/v2\/types\/page"}],"author":[{"embeddable":true,"href":"https:\/\/www.joseperez.fr\/en\/wp-json\/wp\/v2\/users\/1"}],"replies":[{"embeddable":true,"href":"https:\/\/www.joseperez.fr\/en\/wp-json\/wp\/v2\/comments?post=252075"}],"version-history":[{"count":9,"href":"https:\/\/www.joseperez.fr\/en\/wp-json\/wp\/v2\/pages\/252075\/revisions"}],"predecessor-version":[{"id":259554,"href":"https:\/\/www.joseperez.fr\/en\/wp-json\/wp\/v2\/pages\/252075\/revisions\/259554"}],"wp:featuredmedia":[{"embeddable":true,"href":"https:\/\/www.joseperez.fr\/en\/wp-json\/wp\/v2\/media\/252490"}],"wp:attachment":[{"href":"https:\/\/www.joseperez.fr\/en\/wp-json\/wp\/v2\/media?parent=252075"}],"curies":[{"name":"wp","href":"https:\/\/api.w.org\/{rel}","templated":true}]}}