{"id":251888,"date":"2025-01-03T11:03:12","date_gmt":"2025-01-03T10:03:12","guid":{"rendered":"https:\/\/www.joseperez.fr\/?page_id=251888"},"modified":"2026-02-21T20:27:01","modified_gmt":"2026-02-21T19:27:01","slug":"agence-bing-ads","status":"publish","type":"page","link":"https:\/\/www.joseperez.fr\/en\/agence-bing-ads\/","title":{"rendered":"Bing Ads agency: reduce your SEA costs, increase your conversions"},"content":{"rendered":"<p>Votre pr\u00e9sence sur Bing Ads m\u00e9rite l\u2019expertise d\u2019une&nbsp;<strong>agence<\/strong>&nbsp;SEA, sans perdre la flexibilit\u00e9 d\u2019un freelance. En tant que consultant SEO &#038; Google Ads, j\u2019optimise vos campagnes Microsoft Ads pour r\u00e9duire vos co\u00fbts, augmenter vos conversions et capter une audience souvent sous-exploit\u00e9e.<a rel=\"noreferrer noopener\" target=\"_blank\" href=\"https:\/\/www.joseperez.fr\/en\/agence-bing-ads\/\"><\/a><\/p>\n\n\n\n<h4 class=\"wp-block-heading\"><span class=\"ez-toc-section\" id=\"Pourquoi_investir_dans_une_strategie_Bing_Ads\"><\/span><strong>Pourquoi investir dans une strat\u00e9gie Bing Ads ?<\/strong><span class=\"ez-toc-section-end\"><\/span><\/h4>\n\n\n\n<p>Si vous g\u00e9rez une entreprise ou une boutique en ligne, vous \u00eates peut-\u00eatre d\u00e9j\u00e0 familier avec Google Ads. Mais avez-vous pens\u00e9 \u00e0 Bing Ads ? M\u00eame si Bing est souvent moins m\u00e9diatis\u00e9 que son grand rival, il offre des opportunit\u00e9s incroyables, notamment en termes de co\u00fbts et de ciblage.<\/p>\n\n\n\n<p>En travaillant sur Bing Ads, vous pouvez atteindre une audience diff\u00e9rente, souvent plus mature et dot\u00e9e d\u2019un pouvoir d\u2019achat \u00e9lev\u00e9. C\u2019est une excellente occasion de diversifier votre strat\u00e9gie SEA et de r\u00e9duire vos d\u00e9penses publicitaires. Dans cet article, je vais vous expliquer pourquoi faire appel \u00e0 une agence Bing Ads est un choix judicieux et comment trouver celle qui vous convient le mieux.<\/p><div id=\"ez-toc-container\" class=\"ez-toc-v2_0_82_2 counter-hierarchy ez-toc-counter ez-toc-grey ez-toc-container-direction\">\n<div class=\"ez-toc-title-container\">\n<p class=\"ez-toc-title\" style=\"cursor:inherit\">Contents<\/p>\n<span class=\"ez-toc-title-toggle\"><a href=\"#\" class=\"ez-toc-pull-right ez-toc-btn ez-toc-btn-xs ez-toc-btn-default ez-toc-toggle\" aria-label=\"Toggle Table of Content\"><span class=\"ez-toc-js-icon-con\"><span class=\"\"><span class=\"eztoc-hide\" style=\"display:none;\">Toggle<\/span><span class=\"ez-toc-icon-toggle-span\"><svg style=\"fill: #999;color:#999\" xmlns=\"http:\/\/www.w3.org\/2000\/svg\" class=\"list-377408\" width=\"20px\" height=\"20px\" viewbox=\"0 0 24 24\" fill=\"none\"><path d=\"M6 6H4v2h2V6zm14 0H8v2h12V6zM4 11h2v2H4v-2zm16 0H8v2h12v-2zM4 16h2v2H4v-2zm16 0H8v2h12v-2z\" fill=\"currentColor\"><\/path><\/svg><svg style=\"fill: #999;color:#999\" class=\"arrow-unsorted-368013\" xmlns=\"http:\/\/www.w3.org\/2000\/svg\" width=\"10px\" height=\"10px\" viewbox=\"0 0 24 24\" version=\"1.2\" baseprofile=\"tiny\"><path d=\"M18.2 9.3l-6.2-6.3-6.2 6.3c-.2.2-.3.4-.3.7s.1.5.3.7c.2.2.4.3.7.3h11c.3 0 .5-.1.7-.3.2-.2.3-.5.3-.7s-.1-.5-.3-.7zM5.8 14.7l6.2 6.3 6.2-6.3c.2-.2.3-.5.3-.7s-.1-.5-.3-.7c-.2-.2-.4-.3-.7-.3h-11c-.3 0-.5.1-.7.3-.2.2-.3.5-.3.7s.1.5.3.7z\"\/><\/svg><\/span><\/span><\/span><\/a><\/span><\/div>\n<nav><ul class='ez-toc-list ez-toc-list-level-1 eztoc-toggle-hide-by-default' ><ul class='ez-toc-list-level-4' ><li class='ez-toc-heading-level-4'><ul class='ez-toc-list-level-4' ><li class='ez-toc-heading-level-4'><a class=\"ez-toc-link ez-toc-heading-1\" href=\"https:\/\/www.joseperez.fr\/en\/agence-bing-ads\/#Pourquoi_investir_dans_une_strategie_Bing_Ads\" >Pourquoi investir dans une strat\u00e9gie Bing Ads ?<\/a><\/li><\/ul><\/li><\/ul><\/li><li class='ez-toc-page-1 ez-toc-heading-level-2'><a class=\"ez-toc-link ez-toc-heading-2\" href=\"https:\/\/www.joseperez.fr\/en\/agence-bing-ads\/#Quest-ce_que_Bing_Ads_et_pourquoi_lutiliser_pour_votre_entreprise\" >Qu\u2019est-ce que Bing Ads et pourquoi l\u2019utiliser pour votre entreprise ?<\/a><\/li><li class='ez-toc-page-1 ez-toc-heading-level-2'><a class=\"ez-toc-link ez-toc-heading-3\" href=\"https:\/\/www.joseperez.fr\/en\/agence-bing-ads\/#Pourquoi_faire_appel_a_une_agence_specialisee_en_Bing_Ads\" >Pourquoi faire appel \u00e0 une agence sp\u00e9cialis\u00e9e en Bing Ads ?<\/a><\/li><li class='ez-toc-page-1 ez-toc-heading-level-2'><a class=\"ez-toc-link ez-toc-heading-4\" href=\"https:\/\/www.joseperez.fr\/en\/agence-bing-ads\/#Comment_choisir_la_bonne_agence_Bing_Ads\" >Comment choisir la bonne agence Bing Ads ?<\/a><\/li><li class='ez-toc-page-1 ez-toc-heading-level-2'><a class=\"ez-toc-link ez-toc-heading-5\" href=\"https:\/\/www.joseperez.fr\/en\/agence-bing-ads\/#Les_avantages_dune_collaboration_avec_une_agence_Bing_Ads\" >Les avantages d\u2019une collaboration avec une agence Bing Ads<\/a><\/li><li class='ez-toc-page-1 ez-toc-heading-level-2'><a class=\"ez-toc-link ez-toc-heading-6\" href=\"https:\/\/www.joseperez.fr\/en\/agence-bing-ads\/#Exemple_dune_strategie_Bing_Ads_reussie_avec_une_agence\" >Exemple d\u2019une strat\u00e9gie Bing Ads r\u00e9ussie avec une agence<\/a><\/li><li class='ez-toc-page-1 ez-toc-heading-level-2'><a class=\"ez-toc-link ez-toc-heading-7\" href=\"https:\/\/www.joseperez.fr\/en\/agence-bing-ads\/#Les_erreurs_a_eviter_lors_du_choix_dune_agence_Bing_Ads\" >Les erreurs \u00e0 \u00e9viter lors du choix d\u2019une agence Bing Ads<\/a><\/li><li class='ez-toc-page-1 ez-toc-heading-level-2'><a class=\"ez-toc-link ez-toc-heading-8\" href=\"https:\/\/www.joseperez.fr\/en\/agence-bing-ads\/#Pourquoi_ne_pas_donner_une_chance_a_Bing_Ads_avec_la_bonne_agence\" >Pourquoi ne pas donner une chance \u00e0 Bing Ads avec la bonne agence ?<\/a><\/li><\/ul><\/nav><\/div>\n\n\n\n\n<h2 class=\"wp-block-heading\"><span class=\"ez-toc-section\" id=\"Quest-ce_que_Bing_Ads_et_pourquoi_lutiliser_pour_votre_entreprise\"><\/span><strong>Qu\u2019est-ce que Bing Ads et pourquoi l\u2019utiliser pour votre entreprise ?<\/strong><span class=\"ez-toc-section-end\"><\/span><\/h2>\n\n\n\n<p>Bing Ads, d\u00e9sormais connu sous le nom de Microsoft Advertising, est la plateforme publicitaire de Microsoft. Elle permet de diffuser des annonces sur Bing, Yahoo, et AOL, offrant ainsi une port\u00e9e \u00e9tendue. \u00c0 premi\u00e8re vue, on pourrait penser que Bing n\u2019a qu\u2019une petite part de march\u00e9, mais saviez-vous que plus de 900 millions de recherches sont effectu\u00e9es chaque mois sur Bing en Europe ? Ce n\u2019est pas n\u00e9gligeable.<\/p>\n\n\n\n<p>Un des grands avantages de Bing Ads, c\u2019est la <strong>concurrence moins f\u00e9roce<\/strong> par rapport \u00e0 Google Ads. Moins d\u2019annonceurs signifie souvent des <a href=\"https:\/\/www.joseperez.fr\/en\/google-adwords-ads\/\" data-wpil-monitor-id=\"417\">co\u00fbts par clic<\/a> (CPC) plus faibles, et donc un meilleur retour sur investissement. De plus, Bing attire une audience particuli\u00e8re : des utilisateurs professionnels et des consommateurs ayant un fort pouvoir d\u2019achat. Si votre produit ou service s\u2019adresse \u00e0 ce type de client\u00e8le, Bing Ads est une option \u00e0 envisager s\u00e9rieusement.<\/p>\n\n\n\n<h2 class=\"wp-block-heading\"><span class=\"ez-toc-section\" id=\"Pourquoi_faire_appel_a_une_agence_specialisee_en_Bing_Ads\"><\/span><strong>Pourquoi faire appel \u00e0 une agence sp\u00e9cialis\u00e9e en Bing Ads ?<\/strong><span class=\"ez-toc-section-end\"><\/span><\/h2>\n\n\n\n<p>G\u00e9rer une campagne Bing Ads peut sembler simple \u00e0 premi\u00e8re vue, mais croyez-moi, il y a une vraie science derri\u00e8re chaque clic. Une agence sp\u00e9cialis\u00e9e sait exploiter tout le potentiel de Bing Ads pour maximiser vos r\u00e9sultats. Voici pourquoi je pense qu\u2019investir dans une agence est une excellente id\u00e9e.<\/p>\n\n\n\n<p>D\u2019abord, une agence conna\u00eet parfaitement les subtilit\u00e9s de Bing Ads : extensions d\u2019annonces, ciblage par appareil, optimisation des ench\u00e8res, et bien plus. En tant qu\u2019expert SEA, je peux vous dire que ces d\u00e9tails font toute la diff\u00e9rence entre une campagne moyenne et une campagne qui cartonne.<\/p>\n\n\n\n<p>Ensuite, travailler avec une agence, c\u2019est aussi gagner du temps. Vous pouvez vous concentrer sur votre c\u0153ur de m\u00e9tier pendant que l\u2019agence s\u2019occupe de tout, de la cr\u00e9ation des annonces au <a href=\"https:\/\/www.joseperez.fr\/en\/referencing-follow-up\/\">suivi des performances<\/a>. De plus, une bonne agence vous fournira des <strong>rapports clairs<\/strong> et des analyses d\u00e9taill\u00e9es, pour que vous sachiez exactement o\u00f9 va votre budget.<\/p>\n\n\n\n<h2 class=\"wp-block-heading\"><span class=\"ez-toc-section\" id=\"Comment_choisir_la_bonne_agence_Bing_Ads\"><\/span><strong>Comment choisir la bonne agence Bing Ads ?<\/strong><span class=\"ez-toc-section-end\"><\/span><\/h2>\n\n\n\n<p>Je sais qu\u2019il peut \u00eatre difficile de choisir une agence parmi toutes les options disponibles. Voici quelques crit\u00e8res qui, selon moi, sont indispensables pour faire le bon choix :<\/p>\n\n\n\n<ol class=\"wp-block-list\">\n<li><strong>Recherchez l\u2019exp\u00e9rience et les certifications<\/strong> : Une bonne agence Bing Ads doit \u00eatre certifi\u00e9e Microsoft Advertising Partner. Cela garantit qu\u2019elle a l\u2019expertise n\u00e9cessaire pour g\u00e9rer vos campagnes.<\/li>\n\n\n\n<li><strong>V\u00e9rifiez les services propos\u00e9s<\/strong> : Assurez-vous que l\u2019agence offre un service complet : audit, cr\u00e9ation de campagnes, suivi et optimisation. Elle doit aussi \u00eatre capable de travailler sur des strat\u00e9gies sp\u00e9cifiques, comme le retargeting ou les annonces shopping.<\/li>\n\n\n\n<li><strong>Regardez les r\u00e9f\u00e9rences<\/strong> : Les t\u00e9moignages et \u00e9tudes de cas sont essentiels. Une agence qui a d\u00e9j\u00e0 travaill\u00e9 avec des entreprises similaires \u00e0 la v\u00f4tre est un excellent choix.<\/li>\n\n\n\n<li><strong>\u00c9valuez la communication<\/strong> : Vous devez pouvoir poser des questions, comprendre les actions mises en place, et recevoir des rapports r\u00e9guliers. Une bonne communication est la cl\u00e9 d\u2019une collaboration r\u00e9ussie.<\/li>\n<\/ol>\n\n\n\n<h2 class=\"wp-block-heading\"><span class=\"ez-toc-section\" id=\"Les_avantages_dune_collaboration_avec_une_agence_Bing_Ads\"><\/span><strong>Les avantages d\u2019une collaboration avec une agence Bing Ads<\/strong><span class=\"ez-toc-section-end\"><\/span><\/h2>\n\n\n\n<p>Travailler avec une agence, c\u2019est acc\u00e9der \u00e0 une expertise pointue et \u00e0 des outils que vous n\u2019auriez peut-\u00eatre pas exploit\u00e9s seul. Par exemple, une agence pourra :<\/p>\n\n\n\n<ul class=\"wp-block-list\">\n<li><strong>R\u00e9duire vos co\u00fbts publicitaires<\/strong> en optimisant les ench\u00e8res pour un CPC plus bas.<\/li>\n\n\n\n<li><strong>Attirer une audience qualifi\u00e9e<\/strong>, en ciblant pr\u00e9cis\u00e9ment les utilisateurs de Bing.<\/li>\n\n\n\n<li><strong>Augmenter vos conversions<\/strong>, gr\u00e2ce \u00e0 des annonces bien con\u00e7ues et des strat\u00e9gies adapt\u00e9es.<\/li>\n\n\n\n<li><strong>Synchroniser Bing Ads avec vos autres campagnes<\/strong> (Google Ads, r\u00e9seaux sociaux), pour une strat\u00e9gie publicitaire coh\u00e9rente.<\/li>\n<\/ul>\n\n\n\n<h2 class=\"wp-block-heading\"><span class=\"ez-toc-section\" id=\"Exemple_dune_strategie_Bing_Ads_reussie_avec_une_agence\"><\/span><strong>Exemple d\u2019une strat\u00e9gie Bing Ads r\u00e9ussie avec une agence<\/strong><span class=\"ez-toc-section-end\"><\/span><\/h2>\n\n\n\n<p>Pour illustrer tout cela, laissez-moi vous raconter l\u2019histoire d\u2019une PME sp\u00e9cialis\u00e9e dans les produits de sant\u00e9. Cette entreprise d\u00e9pensait \u00e9norm\u00e9ment sur Google Ads, mais ne parvenait pas \u00e0 atteindre ses objectifs de conversion. Une agence Bing Ads a repris leur campagne en main.<\/p>\n\n\n\n<ul class=\"wp-block-list\">\n<li>Ils ont commenc\u00e9 par un <strong>audit approfondi<\/strong>, <a href=\"https:\/\/www.joseperez.fr\/en\/etude-mots-cles\/\" data-wpil-monitor-id=\"416\">identifiant des mots-cl\u00e9s<\/a> sp\u00e9cifiques \u00e0 Bing.<\/li>\n\n\n\n<li>Ensuite, ils ont con\u00e7u des annonces attractives, avec des extensions locales pour cibler les clients proches.<\/li>\n\n\n\n<li>Enfin, ils ont optimis\u00e9 les ench\u00e8res, r\u00e9duisant le CPC de 25 %.<\/li>\n<\/ul>\n\n\n\n<p>R\u00e9sultat ? Une augmentation de 40 % des conversions pour un budget publicitaire inchang\u00e9. Ce genre de succ\u00e8s est tout \u00e0 fait possible pour votre entreprise.<\/p>\n\n\n\n<h2 class=\"wp-block-heading\"><span class=\"ez-toc-section\" id=\"Les_erreurs_a_eviter_lors_du_choix_dune_agence_Bing_Ads\"><\/span><strong>Les erreurs \u00e0 \u00e9viter lors du choix d\u2019une agence Bing Ads<\/strong><span class=\"ez-toc-section-end\"><\/span><\/h2>\n\n\n\n<p>Comme dans tout partenariat, il y a des \u00e9cueils \u00e0 \u00e9viter. Voici les erreurs les plus courantes :<\/p>\n\n\n\n<ul class=\"wp-block-list\">\n<li><strong>Se focaliser uniquement sur le prix<\/strong> : Une agence bon march\u00e9 peut manquer d\u2019expertise, ce qui risque de vous co\u00fbter plus cher \u00e0 long terme.<\/li>\n\n\n\n<li><strong>Ignorer les certifications<\/strong> : Si l\u2019agence n\u2019est pas certifi\u00e9e, elle risque de ne pas ma\u00eetriser pleinement Bing Ads.<\/li>\n\n\n\n<li><strong>Oublier l\u2019importance du suivi<\/strong> : Une campagne SEA ne peut pas \u00eatre lanc\u00e9e et oubli\u00e9e. Elle doit \u00eatre ajust\u00e9e r\u00e9guli\u00e8rement.<\/li>\n<\/ul>\n\n\n\n<h2 class=\"wp-block-heading\"><span class=\"ez-toc-section\" id=\"Pourquoi_ne_pas_donner_une_chance_a_Bing_Ads_avec_la_bonne_agence\"><\/span><strong>Pourquoi ne pas donner une chance \u00e0 Bing Ads avec la bonne agence ?<\/strong><span class=\"ez-toc-section-end\"><\/span><\/h2>\n\n\n\n<p>En conclusion, Bing Ads est une plateforme souvent sous-estim\u00e9e, mais qui peut apporter un vrai plus \u00e0 votre strat\u00e9gie SEA. Pour en tirer le meilleur parti, il est essentiel de travailler avec une agence sp\u00e9cialis\u00e9e qui conna\u00eet les subtilit\u00e9s de cet outil.<\/p>\n\n\n\n<p>Alors, pourquoi ne pas franchir le pas ? Une bonne agence Bing Ads peut transformer votre budget publicitaire en r\u00e9sultats concrets, tout en vous lib\u00e9rant du temps pour vous concentrer sur votre activit\u00e9. Contactez un expert d\u00e8s aujourd\u2019hui et boostez vos campagnes !<\/p>","protected":false},"excerpt":{"rendered":"<p>Votre pr\u00e9sence sur Bing Ads m\u00e9rite l\u2019expertise d\u2019une&nbsp;agence&nbsp;SEA, sans perdre la flexibilit\u00e9 d\u2019un freelance. En tant que consultant SEO &#038; Google Ads, j\u2019optimise vos campagnes Microsoft Ads pour r\u00e9duire vos co\u00fbts, augmenter vos conversions et capter une audience souvent sous-exploit\u00e9e. Pourquoi investir dans une strat\u00e9gie Bing Ads ? Si vous g\u00e9rez une entreprise ou une&#8230;<\/p>","protected":false},"author":1,"featured_media":251889,"parent":847,"menu_order":0,"comment_status":"closed","ping_status":"closed","template":"","meta":{"_lmt_disableupdate":"","_lmt_disable":"","_kad_post_transparent":"","_kad_post_title":"","_kad_post_layout":"","_kad_post_sidebar_id":"","_kad_post_content_style":"","_kad_post_vertical_padding":"","_kad_post_feature":"","_kad_post_feature_position":"","_kad_post_header":false,"_kad_post_footer":false,"_kad_post_classname":"","rank_math_title":"Agence Bing Ads : Boostez vos campagnes SEA","rank_math_description":"Choisir une agence Bing Ads pour optimiser vos campagnes publicitaires \ud83c\udfaf r\u00e9duire vos co\u00fbts \u2706 06 31 37 55 04","rank_math_focus_keyword":"agence bing ads","rank_math_canonical_url":"","rank_math_robots":"","footnotes":""},"class_list":["post-251888","page","type-page","status-publish","has-post-thumbnail","hentry"],"rank_math_description":"Choisir une agence Bing Ads pour optimiser vos campagnes publicitaires \ud83c\udfaf r\u00e9duire vos co\u00fbts \u2706 06 31 37 55 04","rank_math_title":"Agence Bing Ads : Boostez vos campagnes SEA","_links":{"self":[{"href":"https:\/\/www.joseperez.fr\/en\/wp-json\/wp\/v2\/pages\/251888","targetHints":{"allow":["GET"]}}],"collection":[{"href":"https:\/\/www.joseperez.fr\/en\/wp-json\/wp\/v2\/pages"}],"about":[{"href":"https:\/\/www.joseperez.fr\/en\/wp-json\/wp\/v2\/types\/page"}],"author":[{"embeddable":true,"href":"https:\/\/www.joseperez.fr\/en\/wp-json\/wp\/v2\/users\/1"}],"replies":[{"embeddable":true,"href":"https:\/\/www.joseperez.fr\/en\/wp-json\/wp\/v2\/comments?post=251888"}],"version-history":[{"count":6,"href":"https:\/\/www.joseperez.fr\/en\/wp-json\/wp\/v2\/pages\/251888\/revisions"}],"predecessor-version":[{"id":259597,"href":"https:\/\/www.joseperez.fr\/en\/wp-json\/wp\/v2\/pages\/251888\/revisions\/259597"}],"up":[{"embeddable":true,"href":"https:\/\/www.joseperez.fr\/en\/wp-json\/wp\/v2\/pages\/847"}],"wp:featuredmedia":[{"embeddable":true,"href":"https:\/\/www.joseperez.fr\/en\/wp-json\/wp\/v2\/media\/251889"}],"wp:attachment":[{"href":"https:\/\/www.joseperez.fr\/en\/wp-json\/wp\/v2\/media?parent=251888"}],"curies":[{"name":"wp","href":"https:\/\/api.w.org\/{rel}","templated":true}]}}