{"id":243880,"date":"2023-05-09T10:24:31","date_gmt":"2023-05-09T08:24:31","guid":{"rendered":"https:\/\/www.joseperez.fr\/?page_id=243880"},"modified":"2025-10-10T10:29:39","modified_gmt":"2025-10-10T08:29:39","slug":"gestion-des-cookies","status":"publish","type":"page","link":"https:\/\/www.joseperez.fr\/en\/gestion-des-cookies\/","title":{"rendered":"Cookie management"},"content":{"rendered":"<p>Ce document a \u00e9t\u00e9 cr\u00e9\u00e9 pour montrer les efforts d\u00e9ploy\u00e9s pour se conformer \u00e0 la l\u00e9gislation<br \/>\nsur la confidentialit\u00e9. Ce document contiendra la politique de cookies et les r\u00e9glages de<br \/>\nconsentement aux cookies pour prouver le consentement pour l\u2019heure et la r\u00e9gion sp\u00e9cifi\u00e9es ci-dessous. Pour plus d\u2019informations sur ce document, rendez-vous sur<\/p>\n<blockquote class=\"wp-embedded-content\" data-secret=\"0tcEbl3YBb\"><p><a href=\"https:\/\/complianz.io\/consent\/\" target=\"_blank\" rel=\"noopener\">Reading the Proof of Consent by Complianz<\/a><\/p><\/blockquote>\n<p><iframe loading=\"lazy\" class=\"wp-embedded-content\" sandbox=\"allow-scripts\" security=\"restricted\" style=\"position: absolute; visibility: hidden;\" title=\"&#8220;Reading the Proof of Consent by Complianz&#8221; &#8212; The Privacy Suite for WordPress\" src=\"https:\/\/complianz.io\/consent\/embed\/#?secret=DCAeRLIhZ7#?secret=0tcEbl3YBb\" data-secret=\"0tcEbl3YBb\" width=\"600\" height=\"338\" frameborder=\"0\" marginwidth=\"0\" marginheight=\"0\" scrolling=\"no\"><\/iframe><\/p>\n<p>Cette politique de cookies a \u00e9t\u00e9 mise \u00e0 jour pour la derni\u00e8re fois en 2023 et s\u2019applique aux<br \/>\ncitoyens et aux r\u00e9sidents permanents l\u00e9gaux de l\u2019Espace \u00c9conomique Europ\u00e9en et de la Suisse.<\/p>\n<p>1. Introduction<\/p>\n<p>Notre site web utilise des cookies et autres<br \/>\ntechnologies li\u00e9es (par simplification, toutes ces technologies sont d\u00e9sign\u00e9es par le terme<br \/>\n\u00ab cookies \u00bb). Des cookies sont \u00e9galement plac\u00e9s par des tierces parties que nous avons engag\u00e9es.<br \/>\nDans le document ci-dessous, nous vous informons de l\u2019utilisation des cookies sur notre site web.<\/p>\n<p>2. Que sont les cookies ?<\/p>\n<p>Un cookie est un petit fichier simple envoy\u00e9 avec les pages de ce site web et stock\u00e9 par votre<br \/>\nnavigateur sur le disque dur de votre ordinateur ou d\u2019un autre appareil. Les informations qui y sont<br \/>\nstock\u00e9es peuvent \u00eatre renvoy\u00e9es \u00e0 nos serveurs ou aux serveurs des tierces parties concern\u00e9es lors<br \/>\nd\u2019une visite ult\u00e9rieure.<\/p>\n<p>3. Que sont les scripts ?<\/p>\n<p>Un script est un \u00e9l\u00e9ment de code utilis\u00e9 pour que notre site web fonctionne correctement et de<br \/>\nmani\u00e8re interactive. Ce code est ex\u00e9cut\u00e9 sur notre serveur ou sur votre appareil.<\/p>\n<p>4. Qu\u2019est-ce qu\u2019une balise invisible ?<\/p>\n<p>Une balise invisible (ou balise web) est un petit morceau de texte ou d\u2019image invisible sur un site<br \/>\nweb, utilis\u00e9 pour suivre le trafic sur un site web. Pour ce faire, diverses donn\u00e9es vous concernant<br \/>\nsont stock\u00e9es \u00e0 l\u2019aide de balises invisibles.<\/p>\n<p>5. Cookies<\/p>\n<p>5.1 Cookies techniques ou fonctionnels<\/p>\n<p>Certains cookies assurent le fonctionnement correct de certaines parties du site web et la prise en<br \/>\ncompte de vos pr\u00e9f\u00e9rences en tant qu\u2019utilisateur. En pla\u00e7ant des cookies fonctionnels, nous vous facilitons la visite de notre site web. Ainsi, vous n\u2019avez pas besoin de saisir \u00e0 plusieurs reprises les m\u00eames informations lors de la visite de notre site web et, par exemple, les \u00e9l\u00e9ments restent dans<br \/>\nvotre panier jusqu\u2019\u00e0 votre paiement. Nous pouvons placer ces cookies sans votre consentement.<\/p>\n<p>5.2 Cookies statistiques<\/p>\n<p>Nous utilisons des cookies statistiques afin d\u2019optimiser l\u2019exp\u00e9rience des internautes sur notre site<br \/>\nweb. Avec ces cookies statistiques, nous obtenons des observations sur l\u2019utilisation de notre site<br \/>\nweb. Nous demandons votre permission pour placer des cookies statistiques<\/p>","protected":false},"excerpt":{"rendered":"<p>Ce document a \u00e9t\u00e9 cr\u00e9\u00e9 pour montrer les efforts d\u00e9ploy\u00e9s pour se conformer \u00e0 la l\u00e9gislation sur la confidentialit\u00e9. Ce document contiendra la politique de cookies et les r\u00e9glages de consentement aux cookies pour prouver le consentement pour l\u2019heure et la r\u00e9gion sp\u00e9cifi\u00e9es ci-dessous. Pour plus d\u2019informations sur ce document, rendez-vous sur Reading the Proof&#8230;<\/p>","protected":false},"author":1,"featured_media":0,"parent":251919,"menu_order":0,"comment_status":"closed","ping_status":"closed","template":"","meta":{"_lmt_disableupdate":"","_lmt_disable":"","_kad_post_transparent":"","_kad_post_title":"","_kad_post_layout":"","_kad_post_sidebar_id":"","_kad_post_content_style":"","_kad_post_vertical_padding":"","_kad_post_feature":"","_kad_post_feature_position":"","_kad_post_header":false,"_kad_post_footer":false,"_kad_post_classname":"","rank_math_title":"Gestion des cookies - Jos\u00e9 PEREZ, Expert SEO sur Google","rank_math_description":"Informez-vous sur l'utilisation et la gestion des cookies sur mon site, expert en SEO \u00e0 Rennes \u2706 06 31 37 55 04","rank_math_focus_keyword":"","rank_math_canonical_url":"","rank_math_robots":"","footnotes":""},"class_list":["post-243880","page","type-page","status-publish","hentry"],"rank_math_description":"Informez-vous sur l'utilisation et la gestion des cookies sur mon site, expert en SEO \u00e0 Rennes \u2706 06 31 37 55 04","rank_math_title":"Gestion des cookies - Jos\u00e9 PEREZ, Expert SEO sur Google","_links":{"self":[{"href":"https:\/\/www.joseperez.fr\/en\/wp-json\/wp\/v2\/pages\/243880","targetHints":{"allow":["GET"]}}],"collection":[{"href":"https:\/\/www.joseperez.fr\/en\/wp-json\/wp\/v2\/pages"}],"about":[{"href":"https:\/\/www.joseperez.fr\/en\/wp-json\/wp\/v2\/types\/page"}],"author":[{"embeddable":true,"href":"https:\/\/www.joseperez.fr\/en\/wp-json\/wp\/v2\/users\/1"}],"replies":[{"embeddable":true,"href":"https:\/\/www.joseperez.fr\/en\/wp-json\/wp\/v2\/comments?post=243880"}],"version-history":[{"count":1,"href":"https:\/\/www.joseperez.fr\/en\/wp-json\/wp\/v2\/pages\/243880\/revisions"}],"predecessor-version":[{"id":251546,"href":"https:\/\/www.joseperez.fr\/en\/wp-json\/wp\/v2\/pages\/243880\/revisions\/251546"}],"up":[{"embeddable":true,"href":"https:\/\/www.joseperez.fr\/en\/wp-json\/wp\/v2\/pages\/251919"}],"wp:attachment":[{"href":"https:\/\/www.joseperez.fr\/en\/wp-json\/wp\/v2\/media?parent=243880"}],"curies":[{"name":"wp","href":"https:\/\/api.w.org\/{rel}","templated":true}]}}