{"id":1039,"date":"2020-06-26T05:40:11","date_gmt":"2020-06-26T03:40:11","guid":{"rendered":"https:\/\/www.joseperez.fr\/?page_id=1039"},"modified":"2026-03-14T14:52:01","modified_gmt":"2026-03-14T13:52:01","slug":"redaction-contenu-seo","status":"publish","type":"page","link":"https:\/\/www.joseperez.fr\/en\/redaction-contenu-seo\/","title":{"rendered":"SEO-optimized content writing: attract, engage and convert your visitors"},"content":{"rendered":"<div class=\"grid w-full min-w-0 grid-cols-[minmax(0,1fr)]\" dir=\"ltr\" data-orientation=\"horizontal\">\n<div class=\"col-start-1 row-start-2\">\n<div id=\"radix-:r4ha:-content-thread\" class=\"focus:outline-none\" role=\"tabpanel\" data-state=\"active\" data-orientation=\"horizontal\" aria-labelledby=\"radix-:r4ha:-trigger-thread\">\n<div class=\"gap-y-md flex flex-col\">\n<div class=\"relative font-sans text-base text-foreground selection:bg-super\/50 selection:text-foreground dark:selection:bg-super\/10 dark:selection:text-super bg-transparent\">\n<div class=\"min-w-0 break-words [word-break:break-word]\">\n<div id=\"markdown-content-122\" class=\"gap-y-md after:clear-both after:block after:content-['']\" dir=\"auto\">\n<div class=\"has-inline-images my-2 first:mt-0 [&amp;:has([data-inline-type=image])+&amp;:has([data-inline-type=image])_[data-inline-type=image]]:hidden [&amp;:has(table)_[data-inline-type=image]]:hidden\">\n<div class=\"relative\">\n<div class=\"prose dark:prose-invert inline leading-relaxed break-words min-w-0 [word-break:break-word] prose-strong:font-medium visRefresh2026Fonts:prose-strong:font-bold [&amp;_&gt;*:first-child]:mt-0 [&amp;_&gt;*:last-child]:mb-0\">\n<p class=\"my-2 [&amp;+p]:mt-4 [&amp;_strong:has(+br)]:inline-block [&amp;_strong:has(+br)]:pb-2\">Des contenus bien r\u00e9dig\u00e9s et optimis\u00e9s sont au c\u0153ur d\u2019un\u00a0<strong>r\u00e9f\u00e9rencement<\/strong>\u00a0naturel performant. En travaillant avec un consultant SEO qui ma\u00eetrise la r\u00e9daction SEO, capable d\u2019intervenir comme une agence SEO tout en restant freelance, vous publiez des textes qui plaisent \u00e0 Google et convertissent vos visiteurs en clients.<\/p>\n<\/div>\n<\/div>\n<\/div>\n<\/div>\n<\/div>\n<\/div>\n<div class=\"flex items-center justify-between\">\n<div class=\"-ml-sm gap-xs flex flex-shrink-0 items-center\">\n<div class=\"rounded-full\"><\/div>\n<\/div>\n<div class=\"gap-x-xs flex flex-shrink-0 items-center\">\n<div>\n<div class=\"border-subtlest ring-subtlest divide-subtlest bg-transparent flex items-center gap-xs\"><\/div>\n<\/div>\n<\/div>\n<\/div>\n<\/div>\n<\/div>\n<\/div>\n<\/div>\n<h3><span class=\"ez-toc-section\" id=\"Quest-ce_que_la_redaction_de_contenu_SEO\"><\/span><strong>Qu\u2019est-ce que la r\u00e9daction de contenu SEO ?<\/strong><span class=\"ez-toc-section-end\"><\/span><\/h3>\n<p>Commen\u00e7ons par une d\u00e9finition simple. La r\u00e9daction de contenu SEO, c\u2019est l\u2019art de cr\u00e9er des textes qui r\u00e9pondent \u00e0 deux objectifs : \u00eatre bien positionn\u00e9 sur les moteurs de recherche et offrir de la valeur \u00e0 vos visiteurs. C\u2019est un \u00e9quilibre d\u00e9licat, mais essentiel. Contrairement \u00e0 la r\u00e9daction classique, ici, chaque mot a un but pr\u00e9cis : attirer des internautes qualifi\u00e9s, les convaincre, et les guider dans leur parcours d\u2019achat.<\/p>\n<p>La grande diff\u00e9rence ? Un bon <a href=\"https:\/\/www.joseperez.fr\/formation-redacteur-seo\/\" data-wpil-monitor-id=\"403\">contenu SEO<\/a> n\u2019est pas seulement agr\u00e9able \u00e0 lire. Il est aussi structur\u00e9 pour plaire aux algorithmes des moteurs de recherche, gr\u00e2ce \u00e0 une optimisation minutieuse des mots-cl\u00e9s, des titres, et de la structure g\u00e9n\u00e9rale.<\/p><div id=\"ez-toc-container\" class=\"ez-toc-v2_0_82_2 counter-hierarchy ez-toc-counter ez-toc-grey ez-toc-container-direction\">\n<div class=\"ez-toc-title-container\">\n<p class=\"ez-toc-title\" style=\"cursor:inherit\">Sommaire<\/p>\n<span class=\"ez-toc-title-toggle\"><a href=\"#\" class=\"ez-toc-pull-right ez-toc-btn ez-toc-btn-xs ez-toc-btn-default ez-toc-toggle\" aria-label=\"Toggle Table of Content\"><span class=\"ez-toc-js-icon-con\"><span class=\"\"><span class=\"eztoc-hide\" style=\"display:none;\">Toggle<\/span><span class=\"ez-toc-icon-toggle-span\"><svg style=\"fill: #999;color:#999\" xmlns=\"http:\/\/www.w3.org\/2000\/svg\" class=\"list-377408\" width=\"20px\" height=\"20px\" viewBox=\"0 0 24 24\" fill=\"none\"><path d=\"M6 6H4v2h2V6zm14 0H8v2h12V6zM4 11h2v2H4v-2zm16 0H8v2h12v-2zM4 16h2v2H4v-2zm16 0H8v2h12v-2z\" fill=\"currentColor\"><\/path><\/svg><svg style=\"fill: #999;color:#999\" class=\"arrow-unsorted-368013\" xmlns=\"http:\/\/www.w3.org\/2000\/svg\" width=\"10px\" height=\"10px\" viewBox=\"0 0 24 24\" version=\"1.2\" baseProfile=\"tiny\"><path d=\"M18.2 9.3l-6.2-6.3-6.2 6.3c-.2.2-.3.4-.3.7s.1.5.3.7c.2.2.4.3.7.3h11c.3 0 .5-.1.7-.3.2-.2.3-.5.3-.7s-.1-.5-.3-.7zM5.8 14.7l6.2 6.3 6.2-6.3c.2-.2.3-.5.3-.7s-.1-.5-.3-.7c-.2-.2-.4-.3-.7-.3h-11c-.3 0-.5.1-.7.3-.2.2-.3.5-.3.7s.1.5.3.7z\"\/><\/svg><\/span><\/span><\/span><\/a><\/span><\/div>\n<nav><ul class='ez-toc-list ez-toc-list-level-1 eztoc-toggle-hide-by-default' ><ul class='ez-toc-list-level-3' ><li class='ez-toc-heading-level-3'><a class=\"ez-toc-link ez-toc-heading-1\" href=\"https:\/\/www.joseperez.fr\/en\/redaction-contenu-seo\/#Quest-ce_que_la_redaction_de_contenu_SEO\" >Qu\u2019est-ce que la r\u00e9daction de contenu SEO ?<\/a><\/li><li class='ez-toc-page-1 ez-toc-heading-level-3'><a class=\"ez-toc-link ez-toc-heading-2\" href=\"https:\/\/www.joseperez.fr\/en\/redaction-contenu-seo\/#Pourquoi_la_redaction_de_contenu_SEO_est-elle_importante\" >Pourquoi la r\u00e9daction de contenu SEO est-elle importante ?<\/a><\/li><li class='ez-toc-page-1 ez-toc-heading-level-3'><a class=\"ez-toc-link ez-toc-heading-3\" href=\"https:\/\/www.joseperez.fr\/en\/redaction-contenu-seo\/#Les_elements_cles_dun_contenu_SEO_reussi\" >Les \u00e9l\u00e9ments cl\u00e9s d\u2019un contenu SEO r\u00e9ussi<\/a><ul class='ez-toc-list-level-4' ><li class='ez-toc-heading-level-4'><a class=\"ez-toc-link ez-toc-heading-4\" href=\"https:\/\/www.joseperez.fr\/en\/redaction-contenu-seo\/#1_Recherche_de_mots-cles\" >1. Recherche de mots-cl\u00e9s<\/a><\/li><li class='ez-toc-page-1 ez-toc-heading-level-4'><a class=\"ez-toc-link ez-toc-heading-5\" href=\"https:\/\/www.joseperez.fr\/en\/redaction-contenu-seo\/#2_Structure_du_contenu\" >2. Structure du contenu<\/a><\/li><li class='ez-toc-page-1 ez-toc-heading-level-4'><a class=\"ez-toc-link ez-toc-heading-6\" href=\"https:\/\/www.joseperez.fr\/en\/redaction-contenu-seo\/#3_Optimisation_SEO\" >3. Optimisation SEO<\/a><\/li><li class='ez-toc-page-1 ez-toc-heading-level-4'><a class=\"ez-toc-link ez-toc-heading-7\" href=\"https:\/\/www.joseperez.fr\/en\/redaction-contenu-seo\/#4_Valeur_pour_vos_lecteurs\" >4. Valeur pour vos lecteurs<\/a><\/li><\/ul><\/li><li class='ez-toc-page-1 ez-toc-heading-level-3'><a class=\"ez-toc-link ez-toc-heading-8\" href=\"https:\/\/www.joseperez.fr\/en\/redaction-contenu-seo\/#Redaction_de_contenu_SEO_internaliser_ou_externaliser\" >R\u00e9daction de contenu SEO : internaliser ou externaliser ?<\/a><ul class='ez-toc-list-level-4' ><li class='ez-toc-heading-level-4'><a class=\"ez-toc-link ez-toc-heading-9\" href=\"https:\/\/www.joseperez.fr\/en\/redaction-contenu-seo\/#Internaliser\" >Internaliser<\/a><\/li><li class='ez-toc-page-1 ez-toc-heading-level-4'><a class=\"ez-toc-link ez-toc-heading-10\" href=\"https:\/\/www.joseperez.fr\/en\/redaction-contenu-seo\/#Externaliser\" >Externaliser<\/a><\/li><\/ul><\/li><li class='ez-toc-page-1 ez-toc-heading-level-3'><a class=\"ez-toc-link ez-toc-heading-11\" href=\"https:\/\/www.joseperez.fr\/en\/redaction-contenu-seo\/#Pourquoi_faire_appel_a_un_consultant_SEO\" >Pourquoi faire appel \u00e0 un consultant SEO ?<\/a><\/li><li class='ez-toc-page-1 ez-toc-heading-level-3'><a class=\"ez-toc-link ez-toc-heading-12\" href=\"https:\/\/www.joseperez.fr\/en\/redaction-contenu-seo\/#Conseils_pratiques_pour_reussir_votre_contenu_SEO\" >Conseils pratiques pour r\u00e9ussir votre contenu SEO<\/a><\/li><\/ul><\/li><li class='ez-toc-page-1 ez-toc-heading-level-2'><a class=\"ez-toc-link ez-toc-heading-13\" href=\"https:\/\/www.joseperez.fr\/en\/redaction-contenu-seo\/#Choix_des_mots-cles\" >Choix des mots-cl\u00e9s<\/a><\/li><li class='ez-toc-page-1 ez-toc-heading-level-2'><a class=\"ez-toc-link ez-toc-heading-14\" href=\"https:\/\/www.joseperez.fr\/en\/redaction-contenu-seo\/#Les_textes_visibles\" >Les textes visibles<\/a><\/li><li class='ez-toc-page-1 ez-toc-heading-level-2'><a class=\"ez-toc-link ez-toc-heading-15\" href=\"https:\/\/www.joseperez.fr\/en\/redaction-contenu-seo\/#Optimisation_des_balises_HTML\" >Optimisation des balises HTML<\/a><\/li><li class='ez-toc-page-1 ez-toc-heading-level-2'><a class=\"ez-toc-link ez-toc-heading-16\" href=\"https:\/\/www.joseperez.fr\/en\/redaction-contenu-seo\/#Les_textes_visibles_%E2%80%93_Liens_internes\" >Les textes visibles &#8211; Liens internes<\/a><\/li><li class='ez-toc-page-1 ez-toc-heading-level-2'><a class=\"ez-toc-link ez-toc-heading-17\" href=\"https:\/\/www.joseperez.fr\/en\/redaction-contenu-seo\/#Contenu_semantique\" >Contenu s\u00e9mantique<\/a><\/li><\/ul><\/nav><\/div>\n\n<h3><span class=\"ez-toc-section\" id=\"Pourquoi_la_redaction_de_contenu_SEO_est-elle_importante\"><\/span><strong>Pourquoi la r\u00e9daction de contenu SEO est-elle importante ?<\/strong><span class=\"ez-toc-section-end\"><\/span><\/h3>\n<p>Prenons un exemple. Imaginez que vous avez une boutique en ligne qui vend des v\u00eatements bio. Sans contenu optimis\u00e9, votre site risque de passer inaper\u00e7u parmi des milliers d\u2019autres. En revanche, un article bien r\u00e9dig\u00e9 et optimis\u00e9 sur \u00ab\u00a0Comment choisir des v\u00eatements bio pour l\u2019\u00e9t\u00e9\u00a0\u00bb peut attirer des visiteurs int\u00e9ress\u00e9s par votre offre. Et voil\u00e0 comment la magie op\u00e8re.<\/p>\n<p>La r\u00e9daction de contenu SEO permet :<\/p>\n<ul>\n<li><strong>D\u2019am\u00e9liorer votre positionnement<\/strong> : Les moteurs de recherche favorisent les sites proposant du contenu pertinent et de qualit\u00e9.<\/li>\n<li><strong>D\u2019attirer un trafic cibl\u00e9<\/strong> : Ce qui signifie des visiteurs r\u00e9ellement int\u00e9ress\u00e9s par vos produits ou services.<\/li>\n<li><strong>D\u2019augmenter vos conversions<\/strong> : Avec un message clair et des appels \u00e0 l\u2019action strat\u00e9giques, vous guidez vos prospects vers l\u2019achat.<\/li>\n<li><strong>De renforcer votre expertise<\/strong> : Un contenu bien con\u00e7u montre \u00e0 vos clients que vous comprenez leurs besoins.<\/li>\n<\/ul>\n<h3><span class=\"ez-toc-section\" id=\"Les_elements_cles_dun_contenu_SEO_reussi\"><\/span><strong>Les \u00e9l\u00e9ments cl\u00e9s d\u2019un contenu SEO r\u00e9ussi<\/strong><span class=\"ez-toc-section-end\"><\/span><\/h3>\n<h4><span class=\"ez-toc-section\" id=\"1_Recherche_de_mots-cles\"><\/span><strong>1. Recherche de mots-cl\u00e9s<\/strong><span class=\"ez-toc-section-end\"><\/span><\/h4>\n<p>Avant de r\u00e9diger, il faut savoir quels mots-cl\u00e9s votre audience recherche. Par exemple, si vous \u00eates dans le domaine de la mode, \u00ab\u00a0tendances mode\u00a0\u00bb peut \u00eatre un mot-cl\u00e9 int\u00e9ressant. Des <a href=\"https:\/\/www.joseperez.fr\/semrush\/\" data-wpil-monitor-id=\"404\">outils comme SEMrush<\/a> ou Ubersuggest sont vos meilleurs alli\u00e9s pour cette \u00e9tape.<\/p>\n<h4><span class=\"ez-toc-section\" id=\"2_Structure_du_contenu\"><\/span><strong>2. Structure du contenu<\/strong><span class=\"ez-toc-section-end\"><\/span><\/h4>\n<p>Un bon contenu SEO est facile \u00e0 lire. Utilisez des titres et sous-titres (H1, H2, H3), \u00e9crivez des paragraphes courts, et int\u00e9grez des listes pour rendre l\u2019information plus digeste. Pensez aussi aux visuels : une image bien choisie peut faire toute la diff\u00e9rence.<\/p>\n<h4><span class=\"ez-toc-section\" id=\"3_Optimisation_SEO\"><\/span><strong>3. Optimisation SEO<\/strong><span class=\"ez-toc-section-end\"><\/span><\/h4>\n<p>Ins\u00e9rez vos mots-cl\u00e9s de mani\u00e8re naturelle dans le texte, le titre, la m\u00e9ta description, et m\u00eame dans vos images (via les balises alt). Mais attention, il ne faut pas en abuser. Google n\u2019aime pas les contenus sur-optimis\u00e9s.<\/p>\n<h4><span class=\"ez-toc-section\" id=\"4_Valeur_pour_vos_lecteurs\"><\/span><strong>4. Valeur pour vos lecteurs<\/strong><span class=\"ez-toc-section-end\"><\/span><\/h4>\n<p>Ne perdez jamais de vue votre audience. Posez-vous toujours la question : \u00ab\u00a0Qu\u2019est-ce que ce contenu apporte \u00e0 mes lecteurs ?\u00a0\u00bb Un contenu qui informe, r\u00e9sout un probl\u00e8me, ou divertit a bien plus de chances de r\u00e9ussir.<\/p>\n<h3><span class=\"ez-toc-section\" id=\"Redaction_de_contenu_SEO_internaliser_ou_externaliser\"><\/span><strong>R\u00e9daction de contenu SEO : internaliser ou externaliser ?<\/strong><span class=\"ez-toc-section-end\"><\/span><\/h3>\n<p>C\u2019est une question que beaucoup se posent. Dois-je \u00e9crire moi-m\u00eame ou faire appel \u00e0 un professionnel ? Voici mon point de vue.<\/p>\n<h4><span class=\"ez-toc-section\" id=\"Internaliser\"><\/span><strong>Internaliser<\/strong><span class=\"ez-toc-section-end\"><\/span><\/h4>\n<p>Si vous avez le temps et les comp\u00e9tences, r\u00e9diger en interne peut \u00eatre une bonne option. Vous connaissez votre entreprise mieux que quiconque, ce qui est un avantage ind\u00e9niable.<\/p>\n<h4><span class=\"ez-toc-section\" id=\"Externaliser\"><\/span><strong>Externaliser<\/strong><span class=\"ez-toc-section-end\"><\/span><\/h4>\n<p>Si vous manquez de temps ou si vous n\u2019\u00eates pas s\u00fbr de ma\u00eetriser les <a href=\"https:\/\/www.joseperez.fr\/audit-technique\/\" data-wpil-monitor-id=\"406\">techniques SEO<\/a>, l\u2019externalisation est souvent une solution plus efficace. En tant que <a href=\"https:\/\/www.joseperez.fr\/consultant-seo-senior-a-brest\/\" data-wpil-monitor-id=\"402\">consultant SEO<\/a>, j\u2019ai souvent vu des entreprises gagner un temps pr\u00e9cieux et obtenir de meilleurs r\u00e9sultats en confiant cette t\u00e2che \u00e0 un expert.<\/p>\n<h3><span class=\"ez-toc-section\" id=\"Pourquoi_faire_appel_a_un_consultant_SEO\"><\/span><strong>Pourquoi faire appel \u00e0 un consultant SEO ?<\/strong><span class=\"ez-toc-section-end\"><\/span><\/h3>\n<p>C\u2019est ici que mon r\u00f4le entre en jeu. En tant que consultant SEO, je ne me contente pas de r\u00e9diger. Je mets en place une v\u00e9ritable <a href=\"https:\/\/www.joseperez.fr\/creer-contenu-viral-reseaux-sociaux\/\" data-wpil-monitor-id=\"400\">strat\u00e9gie de contenu<\/a>, bas\u00e9e sur vos objectifs et les attentes de vos clients. En travaillant ensemble, nous pourrons identifier les sujets les plus porteurs, optimiser votre site, et suivre les r\u00e9sultats pour ajuster la strat\u00e9gie en continu. Et croyez-moi, les r\u00e9sultats ne tardent pas \u00e0 se voir.<\/p>\n<h3><span class=\"ez-toc-section\" id=\"Conseils_pratiques_pour_reussir_votre_contenu_SEO\"><\/span><strong>Conseils pratiques pour r\u00e9ussir votre contenu SEO<\/strong><span class=\"ez-toc-section-end\"><\/span><\/h3>\n<ul>\n<li><strong>Connaissez votre audience<\/strong> : Quels sont leurs probl\u00e8mes ? Quels mots utilisent-ils ?<\/li>\n<li><strong>Faites preuve de cr\u00e9ativit\u00e9<\/strong> : M\u00eame dans un domaine concurrentiel, il y a toujours un angle unique \u00e0 exploiter.<\/li>\n<li><strong>Soyez patient<\/strong> : Le SEO prend du temps, mais les r\u00e9sultats sont durables.<\/li>\n<\/ul>\n<h3><\/h3>\n<p>La r\u00e9daction de contenu SEO est un investissement essentiel pour toute entreprise ou boutique en ligne. Avec les bonnes pratiques et, \u00e9ventuellement, un accompagnement professionnel, vous pouvez non seulement attirer plus de visiteurs, mais aussi les convertir en clients fid\u00e8les. Alors, pr\u00eat \u00e0 franchir le pas ? Contactez-moi, et construisons ensemble une strat\u00e9gie qui marche.<\/p>\n<p>Le contenu est roi, le contenu optimis\u00e9 est empereur<\/p>\n<ol>\n<li><a href=\"https:\/\/www.joseperez.fr\/creer-liste-mots-cles\/\" data-wpil-monitor-id=\"397\">Choix des mots-cl\u00e9s<\/a><\/li>\n<li>Les <a href=\"https:\/\/www.joseperez.fr\/optimiser-balises-meta-referencement\/\" data-wpil-monitor-id=\"401\">balises metas<\/a><\/li>\n<li>Les images<\/li>\n<li>Les textes visibles (contenus)<\/li>\n<li>Contenu s\u00e9mantique<\/li>\n<\/ol>\n<h2><span class=\"ez-toc-section\" id=\"Choix_des_mots-cles\"><\/span>Choix des mots-cl\u00e9s<span class=\"ez-toc-section-end\"><\/span><\/h2>\n<p>Utilisation d\u2019outil comme <a href=\"https:\/\/www.joseperez.fr\/etude-mots-cles\/\" data-wpil-monitor-id=\"398\">Google planificateur de mots-cl\u00e9s<\/a> ou kwfinder pour s\u00e9lectionner les bons mots-cl\u00e9s<\/p>\n<p><b>M\u00e9thodologie de s\u00e9lection des mots-cl\u00e9s<\/b><\/p>\n<ol>\n<li>S\u00e9lection de deux \u00e0 trois mots-cl\u00e9s \/ page qui correspondent \u00e0 la th\u00e9matique du site<\/li>\n<li>Analyser le nombre de recherches<\/li>\n<li>\u00c9tudier la concurrence sur ce mot-cl\u00e9<\/li>\n<\/ol>\n<p>Google planification de mots-cl\u00e9s\u00a0est un outil qui fournit des statistiques d\u00e9taill\u00e9es\u00a0:<\/p>\n<ul>\n<li>Le volume de recherche par mot-cl\u00e9 en fonction d\u2019un mot-cl\u00e9 ou d\u2019un site Internet<\/li>\n<li>Fournit des mots-cl\u00e9s connexes auxquels on n&rsquo;a pas forc\u00e9ment pens\u00e9 initialement.<\/li>\n<\/ul>\n<p>Notre agence webmarketing est sp\u00e9cialis\u00e9e dans le r\u00e9f\u00e9rencement naturel, dans la <a href=\"https:\/\/www.joseperez.fr\/google-adwords-annonces\/\" data-wpil-monitor-id=\"399\">gestion de campagnes publicitaires<\/a> et dans la fourniture de contenus r\u00e9dactionnels qualitatifs.<\/p>\n<p><b>Quelles que soient vos probl\u00e9matiques, nous avons les solutions !<\/b><\/p>\n<p>Que vous soyez dans la cr\u00e9ation, dans la refonte de votre site Internet ou dans le souhait d&rsquo;optimiser avec pertinence votre site Internet, nous apportons notre savoir-faire \u00e0 chacun des clients nous confiant ses projets. Nous travaillons dans le plus grand respect des normes internet et des principaux moteurs de recherche. Voici quelques prestations que nous apportons \u00e0 nos clients :<\/p>\n<p>La r\u00e9daction de contenu est devenue l&rsquo;un des crit\u00e8res les plus importants d&rsquo;un site Internet pour les internautes et pour les robots Google. La qualit\u00e9 r\u00e9dactionnelle est maintenant privil\u00e9gi\u00e9e dans les requ\u00eates des internautes. Fournir un <a href=\"https:\/\/www.joseperez.fr\/longue-traine-seo\/\" data-wpil-monitor-id=\"396\">contenu de qualit\u00e9<\/a> et 100% original apporte une meilleure visibilit\u00e9, assoit votre notori\u00e9t\u00e9 et cr\u00e9dibilise votre site Internet<\/p>\n<ul>\n<li>Comment un internaute arrive sur votre page produit ?<\/li>\n<li>Comment fait-il ses recherches ?<\/li>\n<\/ul>\n<p>Nous r\u00e9digeons chaque fiche produit avec le plus grand professionnalisme en int\u00e9grant l&rsquo;ensemble des \u00e9l\u00e9ments permettant aux internautes de vous retrouver sur Internet. Nous r\u00e9digeons les fiches produits de votre site Internet. R\u00c9DACTION DE CONTENU 100% ORIGINAL.<\/p>\n<p>Nous r\u00e9digeons tout type de contenu pour que votre site soit le plus pertinent possible dans les moteurs de recherche, r\u00e9dig\u00e9 par des professionnels, nous \u00e9crivons des fiches pratiques, des fiches produits, des pages de sites Internet, de <a href=\"https:\/\/www.joseperez.fr\/blog\/\" data-wpil-monitor-id=\"405\">blog<\/a> et de r\u00e9seaux sociaux, etc.<\/p>\n<p><img decoding=\"async\" src=\"https:\/\/www.joseperez.fr\/wp-content\/uploads\/2018\/08\/screaming-frog.png\" alt=\"screaming-frog\" width=\"571\" height=\"393\" title=\"\"><\/p>\n<h2><span class=\"ez-toc-section\" id=\"Les_textes_visibles\"><\/span>Les textes visibles<span class=\"ez-toc-section-end\"><\/span><\/h2>\n<p><b>Localisation du texte<br \/>\n<\/b> Les robots accordent plus d\u2019importance aux contenus situ\u00e9s le plus haut dans le code source, malgr\u00e9 une indexation totale des contenus.<\/p>\n<p><b>Mise en valeur du contenu<br \/>\n<\/b>&#8211; Mettez en avant les mots-cl\u00e9s importants (sous-titre, gras, italique, liens)<br \/>\n&#8211; Varier la forme des mots-cl\u00e9s (pluriel, synonyme)<br \/>\n&#8211; Ne pas se limiter \u00e0 l\u2019optimisation de la page d\u2019accueil<\/p>\n<p><b>S\u00e9mantique du contenu<br \/>\n<\/b> Les requ\u00eates des internautes ne se focalisent pas seulement sur un seul mot-cl\u00e9 mais sur un ensemble de variations de ce mot-cl\u00e9.<\/p>\n<ul>\n<li>Une page optimis\u00e9e doit contenir au minimum 300 mots (si possible plus, m\u00eame beaucoup plus\u2026).<\/li>\n<li>D\u00e9sindexer les pages qui ne sont pas utiles pour les moteurs de recherche (balise noindex).<\/li>\n<li>Une th\u00e9matique par page : Il faut \u00e9viter de parler de l\u2019ensemble des activit\u00e9s sur une seule page<\/li>\n<\/ul>\n<h2><span class=\"ez-toc-section\" id=\"Optimisation_des_balises_HTML\"><\/span>Optimisation des balises HTML<span class=\"ez-toc-section-end\"><\/span><\/h2>\n<p>Les balises de titres hn<\/p>\n<ul>\n<li>Hi\u00e9rarchiser les contenus et ne pas abuser de ces balises<\/li>\n<li>\u00ab\u00a0n\u00a0\u00bb va de 1 \u00e0 6, la balise repr\u00e9sentant le titre de niveau 1<\/li>\n<\/ul>\n<p>Les balises de mise en valeur du contenu<\/p>\n<ul>\n<li>Balise &lt;strong&gt; pour la mise en gras<\/li>\n<li>Balise &lt;em&gt; pour la mise en italique<\/li>\n<li>Balise &lt;a&gt; pour les liens &lt;\/a&gt;<\/li>\n<\/ul>\n<p><img decoding=\"async\" src=\"https:\/\/www.joseperez.fr\/wp-content\/uploads\/2018\/08\/outiref.png\" alt=\"outiref\" width=\"422\" height=\"441\" title=\"\"><\/p>\n<h2><span class=\"ez-toc-section\" id=\"Les_textes_visibles_%E2%80%93_Liens_internes\"><\/span>Les textes visibles &#8211; Liens internes<span class=\"ez-toc-section-end\"><\/span><\/h2>\n<ol>\n<li>Ils permettent d&rsquo;am\u00e9liorer l\u2019accessibilit\u00e9 et la lisibilit\u00e9<\/li>\n<li>Ils permettent de faciliter l\u2019indexation du site par les moteurs.<\/li>\n<li>Ils transf\u00e8rent la popularit\u00e9 entre les pages du site<\/li>\n<li>L\u2019utilisation des liens sur des mots-cl\u00e9s, plut\u00f4t que sur \u00ab\u00a0cliquez-ici\u00a0\u00bb ou \u00ab\u00a0en savoir plus\u00a0\u00bb<\/li>\n<\/ol>\n<p>Mauvaises pratiques<br \/>\n<img decoding=\"async\" src=\"https:\/\/www.joseperez.fr\/wp-content\/uploads\/2018\/08\/mauvaise-pratique.jpg\" alt=\"\" width=\"378\" height=\"93\" title=\"\"><br \/>\nBonnes pratiques<br \/>\n<img decoding=\"async\" src=\"https:\/\/www.joseperez.fr\/wp-content\/uploads\/2018\/08\/bonne-pratique.jpg\" alt=\"bonne-pratique\" width=\"291\" height=\"86\" title=\"\"><\/p>\n<h2><span class=\"ez-toc-section\" id=\"Contenu_semantique\"><\/span>Contenu s\u00e9mantique<span class=\"ez-toc-section-end\"><\/span><\/h2>\n<ol>\n<li><a style=\"font-size: 14px; background-color: #ffffff;\" href=\"https:\/\/www.google.fr\/search?tbm=isch&amp;q=Je+suis+une+petite+b%C3%AAte+toute+verte,+un+peu+gluante.+je+fais+des+grands+sauts.+Je+vis+o%C3%B9+il+y+a+de+l+eau+et+j+adore+manger+les+petites+b%C3%AAtes+qui+volent\" target=\"_blank\" rel=\"noopener\">Non optimis\u00e9<\/a><\/li>\n<li><a style=\"font-size: 14px; background-color: #ffffff;\" href=\"https:\/\/www.google.fr\/search?tbm=isch&amp;q=Petit+animal+vert+qui+vit+dans+les+marais,+je+saute+entre+les+n\u00e9nuphars,+et+mange+des+moustiques\" target=\"_blank\" rel=\"noopener\">Peu optimis\u00e9<\/a><\/li>\n<li><a style=\"font-size: 14px; background-color: #ffffff;\" href=\"https:\/\/www.google.fr\/search?tbm=isch&amp;q=Appartenant+au+groupe+des+batraciens+je+suis+egalement+un+anoure\" target=\"_blank\" rel=\"noopener\">Optimis\u00e9<\/a><\/li>\n<\/ol>\n<p><img decoding=\"async\" src=\"https:\/\/www.joseperez.fr\/wp-content\/uploads\/2018\/08\/lsigraph.png\" alt=\"lsigraph\" width=\"622\" height=\"480\" title=\"\"><\/p>\n<p>Travaillez toujours dans le but d\u2019am\u00e9liorer l\u2019exp\u00e9rience utilisateur des internautes.<\/p>\n<p>En am\u00e9liorant votre contenu, vous am\u00e9liorerez ainsi d\u2019autres facteurs qui deviennent de + en + important aux yeux de Google :<\/p>\n<ul>\n<li>La dur\u00e9e de visite<\/li>\n<li>Le taux de rebond<\/li>\n<li>Le CTR (Taux de clics)<\/li>\n<li>Le nombre de pages consult\u00e9es \/ visites<\/li>\n<\/ul>\n<p>Commencez un projet avec moi ?<\/p>\n<p>Parlez-moi de vos besoins, je reviendrais vers vous rapidement<\/p>\n<p>Contactez-moi<\/p>\n","protected":false},"excerpt":{"rendered":"<p>Des contenus bien r\u00e9dig\u00e9s et optimis\u00e9s sont au c\u0153ur d\u2019un\u00a0r\u00e9f\u00e9rencement\u00a0naturel performant. En travaillant avec un consultant SEO qui ma\u00eetrise la r\u00e9daction SEO, capable d\u2019intervenir comme une agence SEO tout en restant freelance, vous publiez des textes qui plaisent \u00e0 Google et convertissent vos visiteurs en clients. Qu\u2019est-ce que la r\u00e9daction de contenu SEO ? Commen\u00e7ons&#8230;<\/p>","protected":false},"author":1,"featured_media":251400,"parent":0,"menu_order":0,"comment_status":"closed","ping_status":"closed","template":"","meta":{"_lmt_disableupdate":"","_lmt_disable":"","_kad_post_transparent":"","_kad_post_title":"","_kad_post_layout":"","_kad_post_sidebar_id":"","_kad_post_content_style":"","_kad_post_vertical_padding":"","_kad_post_feature":"","_kad_post_feature_position":"","_kad_post_header":false,"_kad_post_footer":false,"_kad_post_classname":"","rank_math_title":"R\u00e9daction de contenu SEO : Cr\u00e9ez des textes qui attirent","rank_math_description":"R\u00e9daction de contenus SEO optimis\u00e9s pour Google afin de g\u00e9n\u00e9rer plus de trafic qualifi\u00e9 et transformer vos visiteurs en clients \u2706 06 31 37 55 04","rank_math_focus_keyword":"R\u00e9daction de contenu","rank_math_canonical_url":"","rank_math_robots":null,"footnotes":""},"class_list":["post-1039","page","type-page","status-publish","has-post-thumbnail","hentry"],"rank_math_description":"R\u00e9daction de contenus SEO optimis\u00e9s pour Google afin de g\u00e9n\u00e9rer plus de trafic qualifi\u00e9 et transformer vos visiteurs en clients \u2706 06 31 37 55 04","rank_math_title":"R\u00e9daction de contenu SEO : Cr\u00e9ez des textes qui attirent","_links":{"self":[{"href":"https:\/\/www.joseperez.fr\/en\/wp-json\/wp\/v2\/pages\/1039","targetHints":{"allow":["GET"]}}],"collection":[{"href":"https:\/\/www.joseperez.fr\/en\/wp-json\/wp\/v2\/pages"}],"about":[{"href":"https:\/\/www.joseperez.fr\/en\/wp-json\/wp\/v2\/types\/page"}],"author":[{"embeddable":true,"href":"https:\/\/www.joseperez.fr\/en\/wp-json\/wp\/v2\/users\/1"}],"replies":[{"embeddable":true,"href":"https:\/\/www.joseperez.fr\/en\/wp-json\/wp\/v2\/comments?post=1039"}],"version-history":[{"count":14,"href":"https:\/\/www.joseperez.fr\/en\/wp-json\/wp\/v2\/pages\/1039\/revisions"}],"predecessor-version":[{"id":261599,"href":"https:\/\/www.joseperez.fr\/en\/wp-json\/wp\/v2\/pages\/1039\/revisions\/261599"}],"wp:featuredmedia":[{"embeddable":true,"href":"https:\/\/www.joseperez.fr\/en\/wp-json\/wp\/v2\/media\/251400"}],"wp:attachment":[{"href":"https:\/\/www.joseperez.fr\/en\/wp-json\/wp\/v2\/media?parent=1039"}],"curies":[{"name":"wp","href":"https:\/\/api.w.org\/{rel}","templated":true}]}}